{"id":9901,"date":"2020-11-12T18:10:53","date_gmt":"2020-11-12T17:10:53","guid":{"rendered":"https:\/\/www.polzela.com\/si\/?post_type=product&#038;p=9901"},"modified":"2026-02-20T23:34:46","modified_gmt":"2026-02-20T22:34:46","slug":"bellissima-majica-s-tankimi-naramnicami-xtracotton-c04","status":"publish","type":"product","link":"https:\/\/www.polzela.com\/si\/product\/bellissima-majica-s-tankimi-naramnicami-xtracotton-c04\/","title":{"rendered":"BELLISSIMA majica s tankimi naramnicami Xtra Cotton C04"},"content":{"rendered":"<p>Znamki Bellissima je bila predstavljena mehka novost: nova ponudba spodnjega perila in vsakdanjih obla\u010dil, narejenih iz mehkega bi-elasti\u010dnega bomba\u017ea. Tehnologija je bila povezana z modo in vsakodnevnimi potrebami. Udobje in mehkoba sta klju\u010dni besedi na\u0161e kolekcije BELLISSIMA Xtra COTTON, ki zagotavlja popolno prileganje zaradi visoko tehni\u010dnih sinteti\u010dnih vlaken, ki dajejo ob\u010dutek no\u0161enja naravnih materialov. Ljudje so izkori\u0161\u010dali naravne vire \u017ee 2000 let: s popolnim spo\u0161tovanjem do narave in tradicije zdaj zdru\u017eujemo bomba\u017e z elasti\u010dnimi vlakni, ki ponujajo popolno prileganje. Xtra COTTON: pozabili boste, da ga nosite!<\/p>\n","protected":false},"excerpt":{"rendered":"<p>&nbsp;<\/p>\n<p><strong>Opis izdelka<\/strong><\/p>\n<p>Majica s tankimi naramnicami narejena iz bomba\u017ea<em>.<\/em><\/p>\n<p><strong>Sestava: 95% bomba\u017e, 5% elastan<\/strong><\/p>\n<p>Znamki Bellissima je bila predstavljena mehka novost: nova ponudba spodnjega perila in vsakdanjih obla\u010dil, narejenih iz mehkega bi-elasti\u010dnega bomba\u017ea. Tehnologija je bila povezana z modo in vsakodnevnimi potrebami.<\/p>\n<p>Udobje in mehkoba sta klju\u010dni besedi na\u0161e kolekcije BELLISSIMA Xtra COTTON, ki zagotavlja popolno prileganje zaradi visoko tehni\u010dnih sinteti\u010dnih vlaken, ki dajejo ob\u010dutek no\u0161enja naravnih materialov.<\/p>\n<p>Ljudje so izkori\u0161\u010dali naravne vire \u017ee 2000 let: s popolnim spo\u0161tovanjem do narave in tradicije zdaj zdru\u017eujemo bomba\u017e z elasti\u010dnimi vlakni, ki ponujajo popolno prileganje. Xtra COTTON: pozabili boste, da ga nosite<\/p>\n<p><img loading=\"lazy\" decoding=\"async\" class=\"alignnone size-medium wp-image-9762\" src=\"https:\/\/www.polzela.com\/si\/wp-content\/uploads\/sites\/2\/2020\/11\/Bellissima-uus-logo-300x158.jpg\" alt=\"\" width=\"300\" height=\"158\" srcset=\"https:\/\/www.polzela.com\/si\/wp-content\/uploads\/sites\/2\/2020\/11\/Bellissima-uus-logo-300x158.jpg 300w, https:\/\/www.polzela.com\/si\/wp-content\/uploads\/sites\/2\/2020\/11\/Bellissima-uus-logo-1024x540.jpg 1024w, https:\/\/www.polzela.com\/si\/wp-content\/uploads\/sites\/2\/2020\/11\/Bellissima-uus-logo-768x405.jpg 768w, https:\/\/www.polzela.com\/si\/wp-content\/uploads\/sites\/2\/2020\/11\/Bellissima-uus-logo-1536x811.jpg 1536w, https:\/\/www.polzela.com\/si\/wp-content\/uploads\/sites\/2\/2020\/11\/Bellissima-uus-logo-570x301.jpg 570w, https:\/\/www.polzela.com\/si\/wp-content\/uploads\/sites\/2\/2020\/11\/Bellissima-uus-logo.jpg 1563w\" sizes=\"auto, (max-width: 300px) 100vw, 300px\" \/><\/p>\n","protected":false},"featured_media":9908,"comment_status":"open","ping_status":"closed","template":"","meta":{"om_disable_all_campaigns":false,"_monsterinsights_skip_tracking":false,"_monsterinsights_sitenote_active":false,"_monsterinsights_sitenote_note":"","_monsterinsights_sitenote_category":0},"product_cat":[779],"product_tag":[525],"class_list":["post-9901","product","type-product","status-publish","has-post-thumbnail","hentry","product_cat-majice","product_tag-perilo-bellissima"],"bundled_by":[],"bundle_stock_status":"instock","bundle_stock_quantity":null,"bundle_virtual":false,"bundle_layout":"","bundle_add_to_cart_form_location":"","bundle_editable_in_cart":false,"bundle_sold_individually_context":"","bundle_item_grouping":"","bundle_min_size":"","bundle_max_size":"","bundled_items":[],"bundle_sell_ids":[],"aioseo_notices":[],"_links":{"self":[{"href":"https:\/\/www.polzela.com\/si\/wp-json\/wp\/v2\/product\/9901","targetHints":{"allow":["GET"]}}],"collection":[{"href":"https:\/\/www.polzela.com\/si\/wp-json\/wp\/v2\/product"}],"about":[{"href":"https:\/\/www.polzela.com\/si\/wp-json\/wp\/v2\/types\/product"}],"replies":[{"embeddable":true,"href":"https:\/\/www.polzela.com\/si\/wp-json\/wp\/v2\/comments?post=9901"}],"wp:featuredmedia":[{"embeddable":true,"href":"https:\/\/www.polzela.com\/si\/wp-json\/wp\/v2\/media\/9908"}],"wp:attachment":[{"href":"https:\/\/www.polzela.com\/si\/wp-json\/wp\/v2\/media?parent=9901"}],"wp:term":[{"taxonomy":"product_cat","embeddable":true,"href":"https:\/\/www.polzela.com\/si\/wp-json\/wp\/v2\/product_cat?post=9901"},{"taxonomy":"product_tag","embeddable":true,"href":"https:\/\/www.polzela.com\/si\/wp-json\/wp\/v2\/product_tag?post=9901"}],"curies":[{"name":"wp","href":"https:\/\/api.w.org\/{rel}","templated":true}]}}