{"id":9723,"date":"2020-11-05T17:52:36","date_gmt":"2020-11-05T16:52:36","guid":{"rendered":"https:\/\/www.polzela.com\/si\/?post_type=product&#038;p=9723"},"modified":"2026-04-09T13:47:01","modified_gmt":"2026-04-09T11:47:01","slug":"bellissima-spodnjice-art014","status":"publish","type":"product","link":"https:\/\/www.polzela.com\/si\/product\/bellissima-spodnjice-art014\/","title":{"rendered":"Bellissima spodnjice Seamless art.014"},"content":{"rendered":"<p>&nbsp;<\/p>\n<p><strong>Opis izdelka<\/strong><\/p>\n<p>Raztegljive hla\u010dke z viskoim pasom iz bomba\u017ea.<\/p>\n<p>Obseg bokov:<\/p>\n<p>&nbsp;<\/p>\n","protected":false},"excerpt":{"rendered":"<p>&nbsp;<\/p>\n<p><strong>Opis izdelka<\/strong><\/p>\n<p>Hla\u010dke iz mikrovlaken in elastana z bomba\u017enim v\u0161itkom.<\/p>\n<p><strong>Sestava:\u00a0<\/strong>89 % poliamid, 8 % elastan, 3 % bomba\u017e.<\/p>\n","protected":false},"featured_media":17823,"comment_status":"open","ping_status":"closed","template":"","meta":{"om_disable_all_campaigns":false,"_monsterinsights_skip_tracking":false,"_monsterinsights_sitenote_active":false,"_monsterinsights_sitenote_note":"","_monsterinsights_sitenote_category":0},"product_cat":[42,512],"product_tag":[525,547],"class_list":["post-9723","product","type-product","status-publish","has-post-thumbnail","hentry","product_cat-zenske","product_cat-spodnje-perilo-zenske","product_tag-perilo-bellissima","product_tag-hlacke"],"bundled_by":[],"bundle_stock_status":"instock","bundle_stock_quantity":null,"bundle_virtual":false,"bundle_layout":"","bundle_add_to_cart_form_location":"","bundle_editable_in_cart":false,"bundle_sold_individually_context":"","bundle_item_grouping":"","bundle_min_size":"","bundle_max_size":"","bundled_items":[],"bundle_sell_ids":[],"aioseo_notices":[],"_links":{"self":[{"href":"https:\/\/www.polzela.com\/si\/wp-json\/wp\/v2\/product\/9723","targetHints":{"allow":["GET"]}}],"collection":[{"href":"https:\/\/www.polzela.com\/si\/wp-json\/wp\/v2\/product"}],"about":[{"href":"https:\/\/www.polzela.com\/si\/wp-json\/wp\/v2\/types\/product"}],"replies":[{"embeddable":true,"href":"https:\/\/www.polzela.com\/si\/wp-json\/wp\/v2\/comments?post=9723"}],"wp:featuredmedia":[{"embeddable":true,"href":"https:\/\/www.polzela.com\/si\/wp-json\/wp\/v2\/media\/17823"}],"wp:attachment":[{"href":"https:\/\/www.polzela.com\/si\/wp-json\/wp\/v2\/media?parent=9723"}],"wp:term":[{"taxonomy":"product_cat","embeddable":true,"href":"https:\/\/www.polzela.com\/si\/wp-json\/wp\/v2\/product_cat?post=9723"},{"taxonomy":"product_tag","embeddable":true,"href":"https:\/\/www.polzela.com\/si\/wp-json\/wp\/v2\/product_tag?post=9723"}],"curies":[{"name":"wp","href":"https:\/\/api.w.org\/{rel}","templated":true}]}}