{"id":9046,"date":"2020-09-30T14:50:47","date_gmt":"2020-09-30T12:50:47","guid":{"rendered":"https:\/\/www.polzela.com\/si\/?post_type=product&#038;p=9046"},"modified":"2026-03-30T13:15:59","modified_gmt":"2026-03-30T11:15:59","slug":"ulta-warm-legice-8702","status":"publish","type":"product","link":"https:\/\/www.polzela.com\/si\/product\/ulta-warm-legice-8702\/","title":{"rendered":"Ultra Warm legice art. 8702"},"content":{"rendered":"<h2><strong>Ulta Warm legice POLZELA art.8702<\/strong><\/h2>\n<p>Legice\u00a0pokrivajo dol\u017eino nog do stopala in segajo vse do pasu. So razli\u010dnih debelin in uporabne v vseh letnih \u010dasih. Posebej za\u017eelene so v hladnej\u0161ih mesecih, saj grejejo noge.<\/p>\n<p>POLZELA Fantasy\u2013 kolekcija hla\u010dnih nogavic, Capri hla\u010dnih nogavic, dokolenk in kratkih nogavic, nudijo za\u0161\u010dito ko\u017ei in dodajajo modni videz nog.<\/p>\n<p>Modna, drzna, elegantna in vedno zapeljiva kolekcija nogavic Polzela Fantasy.<\/p>\n<p>Vsi uporabljeni materiali so zdravju in ko\u017ei prijazni. Oznaka EKO-TEX 100 kon\u010dnim uporabnikom predstavlja dodatne prednosti preverjene varnosti na ko\u017ei. Izdelki Polzela so okolju prijazni izdelki.<\/p>\n<p>&nbsp;<\/p>\n","protected":false},"excerpt":{"rendered":"<p><strong>Opis izdelka<\/strong><\/p>\n<p>Mehke legice\u00a0primerne za hladne dni.<\/p>\n<div class=\"page\" title=\"Page 24\">\n<div class=\"section\">\n<div class=\"layoutArea\">\n<div class=\"column\">\n<p>Neprosojne, tople nogavice brez stopal z v\u0161itkom in ravnim \u0161ivom.<\/p>\n<\/div>\n<\/div>\n<\/div>\n<\/div>\n<p><strong>Sestava:<\/strong>\u00a090% Poliester 10% Elastan<\/p>\n[caption id=\"attachment_1535\" align=\"alignleft\" width=\"70\"]<img loading=\"lazy\" decoding=\"async\" class=\"wp-image-1535 size-full\" src=\"https:\/\/www.polzela.com\/si\/wp-content\/uploads\/sites\/2\/2016\/08\/COMFORT-ROBPAS-e1471331245423.jpg\" alt=\"Udoben pas\" width=\"70\" height=\"70\" \/> Udoben pas[\/caption]\n<div class=\"mceTemp\"><\/div>\n","protected":false},"featured_media":9052,"comment_status":"open","ping_status":"closed","template":"","meta":{"om_disable_all_campaigns":false,"_monsterinsights_skip_tracking":false,"_monsterinsights_sitenote_active":false,"_monsterinsights_sitenote_note":"","_monsterinsights_sitenote_category":0},"product_cat":[778,42],"product_tag":[604,576],"class_list":["post-9046","product","type-product","status-publish","has-post-thumbnail","hentry","product_cat-legice","product_cat-zenske","product_tag-bombaz","product_tag-legice"],"bundled_by":[],"bundle_stock_status":"instock","bundle_stock_quantity":null,"bundle_virtual":false,"bundle_layout":"","bundle_add_to_cart_form_location":"","bundle_editable_in_cart":false,"bundle_sold_individually_context":"","bundle_item_grouping":"","bundle_min_size":"","bundle_max_size":"","bundled_items":[],"bundle_sell_ids":[],"aioseo_notices":[],"_links":{"self":[{"href":"https:\/\/www.polzela.com\/si\/wp-json\/wp\/v2\/product\/9046","targetHints":{"allow":["GET"]}}],"collection":[{"href":"https:\/\/www.polzela.com\/si\/wp-json\/wp\/v2\/product"}],"about":[{"href":"https:\/\/www.polzela.com\/si\/wp-json\/wp\/v2\/types\/product"}],"replies":[{"embeddable":true,"href":"https:\/\/www.polzela.com\/si\/wp-json\/wp\/v2\/comments?post=9046"}],"wp:featuredmedia":[{"embeddable":true,"href":"https:\/\/www.polzela.com\/si\/wp-json\/wp\/v2\/media\/9052"}],"wp:attachment":[{"href":"https:\/\/www.polzela.com\/si\/wp-json\/wp\/v2\/media?parent=9046"}],"wp:term":[{"taxonomy":"product_cat","embeddable":true,"href":"https:\/\/www.polzela.com\/si\/wp-json\/wp\/v2\/product_cat?post=9046"},{"taxonomy":"product_tag","embeddable":true,"href":"https:\/\/www.polzela.com\/si\/wp-json\/wp\/v2\/product_tag?post=9046"}],"curies":[{"name":"wp","href":"https:\/\/api.w.org\/{rel}","templated":true}]}}