{"id":8950,"date":"2020-09-15T20:19:38","date_gmt":"2020-09-15T18:19:38","guid":{"rendered":"https:\/\/www.polzela.com\/si\/?post_type=product&#038;p=8950"},"modified":"2026-03-24T10:29:14","modified_gmt":"2026-03-24T09:29:14","slug":"hlacne-nogavice-ultra-warm-art-9700","status":"publish","type":"product","link":"https:\/\/www.polzela.com\/si\/product\/hlacne-nogavice-ultra-warm-art-9700\/","title":{"rendered":"Tople in udobne hla\u010dne nogavice Ultra Warm art. 9700"},"content":{"rendered":"<h2><strong>Hla\u010dne nogavice POLZELA Comfort Ultra Warm art.9700<br \/>\n<\/strong><\/h2>\n<ul>\n<li>Mehke hla\u010dne nogavice so namenjene za hladne dni, ki ohranjajo konstantno toploto nog ne glede na zunanjo temperaturo.<\/li>\n<li>Izdelane iz posebne poliamidne preje Meryl Nexten \u2013 njeno vlakno je votlo s posebnim prerezom, kar pomeni, da je zaradi zraka v vlaknu dober toplotni izolator. Nogavica zaradi tega ohranja konstantno toploto, tudi v mrzlih dneh.<\/li>\n<li>Ker je preja votla so nogavice izredno lahke, do 30% la\u017eje kot nogavice iz enako debele preje navadnega poliamida.<\/li>\n<li>Na otip so nogavice izredno mehke, pletene v gladki vezavi.<\/li>\n<li>Ploski \u0161iv v hla\u010dnem delu, ki se pri no\u0161enju ne ob\u010duti<\/li>\n<li>Pobarvane so z neopore\u010dnimi kislimi barvili in obdelane s silikonskim meh\u010dalcem, ki daje dokolenki \u0161e bolj mehak otip.<\/li>\n<\/ul>\n<p>Poleg Meryla, je v dveh sistemih dodana \u0161e Lycra, ki daje dokolenki bolj\u0161o elasti\u010dnost in s tem dober oprijem na nogi.<\/p>\n<p><strong>Linija Comfort <\/strong><\/p>\n<p>Linija visoko kakovostnih izdelkov, ki so pleteni iz naravnih ko\u017ei prijaznih materialov. Za popolno udobje in za\u0161\u010dito va\u0161ih nog. Omilite te\u017eave s kr\u010dnimi \u017eilami, celulitom in ujemite sve\u017e poletni ten na va\u0161ih nogah. Posebne kombinacije razli\u010dnih materialov hla\u010dnih nogavic in dokolenk\u00a0 varujejo va\u0161e noge in\u00a0 jim nudijo dodatno za\u0161\u010dito skupaj z lepim videzom. Negujte svoje noge in jim privo\u0161\u010dite le najbolj\u0161e, energijo in eleganco skozi ves dan z nogavicami Comfort.<\/p>\n<p>Vsi uporabljeni materiali so zdravju in ko\u017ei prijazni. Oznaka EKO-TEX 100 kon\u010dnim uporabnikom predstavlja dodatne prednosti preverjene varnosti na ko\u017ei. Izdelki Polzela so okolju prijazni izdelki.<\/p>\n","protected":false},"excerpt":{"rendered":"<p><strong>Opis izdelka:<\/strong><\/p>\n<p>Mehke \u017eenske hla\u010dne nogavice so namenjene za hladne dni, ki ohranjajo konstantno toploto nog ne glede na zunanjo temperaturo. Na otip so nogavice izredno mehke, pletene v gladki vezavi.<\/p>\n<p>Neprosojne, tople nogavice z v\u0161itkom in ravnim \u0161ivom.<\/p>\n<p><strong>Sestava<\/strong>: 90% Poliamid 10% Elastan<\/p>\n<div class=\"mceTemp\"><\/div>\n[caption id=\"attachment_2380\" align=\"alignleft\" width=\"70\"]<img loading=\"lazy\" decoding=\"async\" class=\"wp-image-2380\" src=\"https:\/\/www.polzela.com\/si\/wp-content\/uploads\/sites\/2\/2016\/09\/PO_IKONA_SOFT_TOUCH-300x300.png\" alt=\"Izjemno mehko\" width=\"70\" height=\"70\" srcset=\"https:\/\/www.polzela.com\/si\/wp-content\/uploads\/sites\/2\/2016\/09\/PO_IKONA_SOFT_TOUCH-300x300.png 300w, https:\/\/www.polzela.com\/si\/wp-content\/uploads\/sites\/2\/2016\/09\/PO_IKONA_SOFT_TOUCH-150x150.png 150w, https:\/\/www.polzela.com\/si\/wp-content\/uploads\/sites\/2\/2016\/09\/PO_IKONA_SOFT_TOUCH-768x768.png 768w, https:\/\/www.polzela.com\/si\/wp-content\/uploads\/sites\/2\/2016\/09\/PO_IKONA_SOFT_TOUCH-90x90.png 90w, https:\/\/www.polzela.com\/si\/wp-content\/uploads\/sites\/2\/2016\/09\/PO_IKONA_SOFT_TOUCH.png 800w\" sizes=\"auto, (max-width: 70px) 100vw, 70px\" \/> Izjemno mehko[\/caption]\n[caption id=\"attachment_1535\" align=\"alignleft\" width=\"70\"]<img loading=\"lazy\" decoding=\"async\" class=\"wp-image-1535 size-full\" src=\"https:\/\/www.polzela.com\/si\/wp-content\/uploads\/sites\/2\/2016\/08\/COMFORT-ROBPAS-e1471331245423.jpg\" alt=\"Udoben pas\" width=\"70\" height=\"70\" \/> Udoben pas[\/caption]\n","protected":false},"featured_media":9042,"comment_status":"open","ping_status":"closed","template":"","meta":{"om_disable_all_campaigns":false,"_monsterinsights_skip_tracking":false,"_monsterinsights_sitenote_active":false,"_monsterinsights_sitenote_note":"","_monsterinsights_sitenote_category":0},"product_cat":[42,374],"product_tag":[890,857,1318,572,599],"class_list":["post-8950","product","type-product","status-publish","has-post-thumbnail","hentry","product_cat-zenske","product_cat-hlacne-nogavice","product_tag-hlacne-nogavice","product_tag-polzela","product_tag-popusti-60","product_tag-termo","product_tag-warm"],"bundled_by":[],"bundle_stock_status":"instock","bundle_stock_quantity":null,"bundle_virtual":false,"bundle_layout":"","bundle_add_to_cart_form_location":"","bundle_editable_in_cart":false,"bundle_sold_individually_context":"","bundle_item_grouping":"","bundle_min_size":"","bundle_max_size":"","bundled_items":[],"bundle_sell_ids":[],"aioseo_notices":[],"_links":{"self":[{"href":"https:\/\/www.polzela.com\/si\/wp-json\/wp\/v2\/product\/8950","targetHints":{"allow":["GET"]}}],"collection":[{"href":"https:\/\/www.polzela.com\/si\/wp-json\/wp\/v2\/product"}],"about":[{"href":"https:\/\/www.polzela.com\/si\/wp-json\/wp\/v2\/types\/product"}],"replies":[{"embeddable":true,"href":"https:\/\/www.polzela.com\/si\/wp-json\/wp\/v2\/comments?post=8950"}],"wp:featuredmedia":[{"embeddable":true,"href":"https:\/\/www.polzela.com\/si\/wp-json\/wp\/v2\/media\/9042"}],"wp:attachment":[{"href":"https:\/\/www.polzela.com\/si\/wp-json\/wp\/v2\/media?parent=8950"}],"wp:term":[{"taxonomy":"product_cat","embeddable":true,"href":"https:\/\/www.polzela.com\/si\/wp-json\/wp\/v2\/product_cat?post=8950"},{"taxonomy":"product_tag","embeddable":true,"href":"https:\/\/www.polzela.com\/si\/wp-json\/wp\/v2\/product_tag?post=8950"}],"curies":[{"name":"wp","href":"https:\/\/api.w.org\/{rel}","templated":true}]}}