{"id":877,"date":"2016-07-29T13:17:48","date_gmt":"2016-07-29T11:17:48","guid":{"rendered":"https:\/\/www.polzela.com\/si\/?post_type=product&#038;p=877"},"modified":"2026-05-12T14:12:27","modified_gmt":"2026-05-12T12:12:27","slug":"free-style","status":"publish","type":"product","link":"https:\/\/www.polzela.com\/si\/product\/free-style\/","title":{"rendered":"Free Style (1250)"},"content":{"rendered":"<h2><strong>POLZELA Free style<\/strong><\/h2>\n<p>Unisex \u0161portne 1\/4 nogavice iz \u010desanega bomba\u017ea, so trpe\u017ene in imajo posebne funkcionalne prednosti, ki \u0161\u010ditijo noge na mestih, kjer je izpostavljenost pri \u0161portnih obremenitvah najve\u010dja. Nogavice so izdelane iz finega \u010desanega bomba\u017ea, pletene v rebrasti vezavi. Imajo udoben mehak enojni zaklju\u010dni rob in tanek nemote\u010d \u0161iv v prstih, so elasti\u010dne in mehkega otipa.<\/p>\n<p>Free style je linija kakovostnih nogavic, stopalk, dokolenk in hla\u010dnih nogavic brez stopala-legic. Izdelki so izredno udobni, narejeni s \u010dutom za estetiko. Namenjeni so vsakodnevnim prilo\u017enostim in pre\u017eivljanju prostega \u010dasa tako \u017eenske kot mo\u0161ke populacije, tako mlaj\u0161ih kot starej\u0161ih.<\/p>\n<p>Vsi uporabljeni materiali so zdravju in ko\u017ei prijazni. Oznaka EKO-TEX 100 kon\u010dnim uporabnikom predstavlja dodatne prednosti preverjene varnosti na ko\u017ei. Izdelki Polzela so okolju prijazni izdelki.<\/p>\n","protected":false},"excerpt":{"rendered":"<p>\u0160portne nogavice iz \u010desanega bomba\u017ea, so trpe\u017ene in imajo posebne funkcionalne prednosti, ki \u0161\u010ditijo noge na mestih, kjer je izpostavljenost pri \u0161portnih obremenitvah najve\u010dja.<\/p>\n[caption id=\"attachment_1501\" align=\"alignleft\" width=\"70\"]<img loading=\"lazy\" decoding=\"async\" class=\"size-full wp-image-1501\" src=\"https:\/\/www.polzela.com\/si\/wp-content\/uploads\/sites\/2\/2016\/07\/BOMBAZ-e1471331324317.jpg\" alt=\"BOMBAZ\" width=\"70\" height=\"70\" \/> Bomba\u017e[\/caption]\n[caption id=\"attachment_2343\" align=\"alignleft\" width=\"70\"]<img loading=\"lazy\" decoding=\"async\" class=\"wp-image-2343\" src=\"https:\/\/www.polzela.com\/si\/wp-content\/uploads\/sites\/2\/2016\/09\/COMFORT_noga-300x300.png\" alt=\"Udoben rob\" width=\"70\" height=\"70\" srcset=\"https:\/\/www.polzela.com\/si\/wp-content\/uploads\/sites\/2\/2016\/09\/COMFORT_noga-300x300.png 300w, https:\/\/www.polzela.com\/si\/wp-content\/uploads\/sites\/2\/2016\/09\/COMFORT_noga-150x150.png 150w, https:\/\/www.polzela.com\/si\/wp-content\/uploads\/sites\/2\/2016\/09\/COMFORT_noga-90x90.png 90w, https:\/\/www.polzela.com\/si\/wp-content\/uploads\/sites\/2\/2016\/09\/COMFORT_noga.png 700w\" sizes=\"auto, (max-width: 70px) 100vw, 70px\" \/> Udoben rob[\/caption]\n","protected":false},"featured_media":1256,"comment_status":"open","ping_status":"closed","template":"","meta":{"om_disable_all_campaigns":false,"_monsterinsights_skip_tracking":false,"_monsterinsights_sitenote_active":false,"_monsterinsights_sitenote_note":"","_monsterinsights_sitenote_category":0},"product_cat":[38,531,40,978],"product_tag":[1333,857,684],"class_list":["post-877","product","type-product","status-publish","has-post-thumbnail","hentry","product_cat-moski","product_cat-nogavice-moski","product_cat-sport","product_cat-sportne-nogavice","product_tag-1333","product_tag-polzela","product_tag-sport"],"bundled_by":[],"bundle_stock_status":"instock","bundle_stock_quantity":null,"bundle_virtual":false,"bundle_layout":"","bundle_add_to_cart_form_location":"","bundle_editable_in_cart":false,"bundle_sold_individually_context":"","bundle_item_grouping":"","bundle_min_size":"","bundle_max_size":"","bundled_items":[],"bundle_sell_ids":[],"aioseo_notices":[],"_links":{"self":[{"href":"https:\/\/www.polzela.com\/si\/wp-json\/wp\/v2\/product\/877","targetHints":{"allow":["GET"]}}],"collection":[{"href":"https:\/\/www.polzela.com\/si\/wp-json\/wp\/v2\/product"}],"about":[{"href":"https:\/\/www.polzela.com\/si\/wp-json\/wp\/v2\/types\/product"}],"replies":[{"embeddable":true,"href":"https:\/\/www.polzela.com\/si\/wp-json\/wp\/v2\/comments?post=877"}],"wp:featuredmedia":[{"embeddable":true,"href":"https:\/\/www.polzela.com\/si\/wp-json\/wp\/v2\/media\/1256"}],"wp:attachment":[{"href":"https:\/\/www.polzela.com\/si\/wp-json\/wp\/v2\/media?parent=877"}],"wp:term":[{"taxonomy":"product_cat","embeddable":true,"href":"https:\/\/www.polzela.com\/si\/wp-json\/wp\/v2\/product_cat?post=877"},{"taxonomy":"product_tag","embeddable":true,"href":"https:\/\/www.polzela.com\/si\/wp-json\/wp\/v2\/product_tag?post=877"}],"curies":[{"name":"wp","href":"https:\/\/api.w.org\/{rel}","templated":true}]}}