{"id":870,"date":"2016-07-27T08:31:01","date_gmt":"2016-07-27T06:31:01","guid":{"rendered":"https:\/\/www.polzela.com\/si\/?post_type=product&#038;p=870"},"modified":"2026-04-02T18:49:46","modified_gmt":"2026-04-02T16:49:46","slug":"classic-0300","status":"publish","type":"product","link":"https:\/\/www.polzela.com\/si\/product\/classic-0300\/","title":{"rendered":"Mo\u0161ke 1\/4 nogavice iz \u010desanega bomba\u017ea art. 0300"},"content":{"rendered":"<h2><strong>POLZELA Classic<\/strong><\/h2>\n<p>POLZELA Classic rebraste enobarvne nogavice so narejene iz ko\u017ei prijaznih materialov. Va\u0161e ko\u017ee se dotika ne\u017een bomba\u017e. Nogavice so klasi\u010dne in se lepo prilegajo nogi. Udoben elasti\u010den zaklju\u010dni rob nudi ve\u010dje udobje pri no\u0161enju.<\/p>\n<p>Linija Classic je linija visoko kakovostnih izdelkov, ki so pleteni iz ko\u017ei prijaznih materialov. Nogavice poleg osnovne za\u0161\u010dite in prijetnega po\u010dutja zagotavljajo ve\u010dje udobje pri no\u0161enju. Nogavice Classic so primerne tako za poslovne kot tudi za druge posebne prilo\u017enosti.<\/p>\n<p>Vsi uporabljeni materiali so zdravju in ko\u017ei prijazni. Oznaka EKO-TEX 100 kon\u010dnim uporabnikom predstavlja dodatne prednosti preverjene varnosti na ko\u017ei. Izdelki Polzela so okolju prijazni izdelki.<\/p>\n<p>&nbsp;<\/p>\n<p>&nbsp;<\/p>\n","protected":false},"excerpt":{"rendered":"<p>Mo\u0161ke 1\/4 nogavice, pletene iz \u010desanega bomba\u017ea so prijetno mehkega otipa. Nogavice so primerne tako za poslovne kot tudi za druge prilo\u017enosti.<\/p>\n<p>&nbsp;<\/p>\n<p>Sestava: 78% \u010cesani bomba\u017e, 20% Poliamid, 2% Elastan<\/p>\n[caption id=\"attachment_1509\" align=\"alignleft\" width=\"70\"]<img loading=\"lazy\" decoding=\"async\" class=\"size-full wp-image-1509\" src=\"https:\/\/www.polzela.com\/si\/wp-content\/uploads\/sites\/2\/2016\/07\/SOFT-TOUCH-e1471331274468.jpg\" alt=\"SOFT TOUCH\" width=\"70\" height=\"70\" \/> Izjemno mehko[\/caption]\n[caption id=\"attachment_1506\" align=\"alignleft\" width=\"70\"]<img loading=\"lazy\" decoding=\"async\" class=\"size-full wp-image-1506\" src=\"https:\/\/www.polzela.com\/si\/wp-content\/uploads\/sites\/2\/2016\/07\/COMFORT-ROB-1-e1471331294827.jpg\" alt=\"COMFORT ROB\" width=\"70\" height=\"70\" \/> Udoben rob[\/caption]\n[caption id=\"attachment_2366\" align=\"alignleft\" width=\"70\"]<img loading=\"lazy\" decoding=\"async\" class=\"wp-image-2366\" src=\"https:\/\/www.polzela.com\/si\/wp-content\/uploads\/sites\/2\/2016\/07\/COTTON-300x300.png\" alt=\"Bomba\u017e\" width=\"70\" height=\"70\" srcset=\"https:\/\/www.polzela.com\/si\/wp-content\/uploads\/sites\/2\/2016\/07\/COTTON-300x300.png 300w, https:\/\/www.polzela.com\/si\/wp-content\/uploads\/sites\/2\/2016\/07\/COTTON-150x150.png 150w, https:\/\/www.polzela.com\/si\/wp-content\/uploads\/sites\/2\/2016\/07\/COTTON-90x90.png 90w, https:\/\/www.polzela.com\/si\/wp-content\/uploads\/sites\/2\/2016\/07\/COTTON.png 700w\" sizes=\"auto, (max-width: 70px) 100vw, 70px\" \/> Bomba\u017e[\/caption]\n","protected":false},"featured_media":1243,"comment_status":"open","ping_status":"closed","template":"","meta":{"om_disable_all_campaigns":false,"_monsterinsights_skip_tracking":false,"_monsterinsights_sitenote_active":false,"_monsterinsights_sitenote_note":"","_monsterinsights_sitenote_category":0},"product_cat":[38,531],"product_tag":[747,493,857],"class_list":["post-870","product","type-product","status-publish","has-post-thumbnail","hentry","product_cat-moski","product_cat-nogavice-moski","product_tag-cotton","product_tag-massage-effekt","product_tag-polzela"],"bundled_by":[],"bundle_stock_status":"instock","bundle_stock_quantity":null,"bundle_virtual":false,"bundle_layout":"","bundle_add_to_cart_form_location":"","bundle_editable_in_cart":false,"bundle_sold_individually_context":"","bundle_item_grouping":"","bundle_min_size":"","bundle_max_size":"","bundled_items":[],"bundle_sell_ids":[],"aioseo_notices":[],"_links":{"self":[{"href":"https:\/\/www.polzela.com\/si\/wp-json\/wp\/v2\/product\/870","targetHints":{"allow":["GET"]}}],"collection":[{"href":"https:\/\/www.polzela.com\/si\/wp-json\/wp\/v2\/product"}],"about":[{"href":"https:\/\/www.polzela.com\/si\/wp-json\/wp\/v2\/types\/product"}],"replies":[{"embeddable":true,"href":"https:\/\/www.polzela.com\/si\/wp-json\/wp\/v2\/comments?post=870"}],"wp:featuredmedia":[{"embeddable":true,"href":"https:\/\/www.polzela.com\/si\/wp-json\/wp\/v2\/media\/1243"}],"wp:attachment":[{"href":"https:\/\/www.polzela.com\/si\/wp-json\/wp\/v2\/media?parent=870"}],"wp:term":[{"taxonomy":"product_cat","embeddable":true,"href":"https:\/\/www.polzela.com\/si\/wp-json\/wp\/v2\/product_cat?post=870"},{"taxonomy":"product_tag","embeddable":true,"href":"https:\/\/www.polzela.com\/si\/wp-json\/wp\/v2\/product_tag?post=870"}],"curies":[{"name":"wp","href":"https:\/\/api.w.org\/{rel}","templated":true}]}}