{"id":860,"date":"2016-07-27T14:23:32","date_gmt":"2016-07-27T12:23:32","guid":{"rendered":"https:\/\/www.polzela.com\/si\/?post_type=product&#038;p=860"},"modified":"2026-04-21T20:55:17","modified_gmt":"2026-04-21T18:55:17","slug":"apolon-business-volna-2090","status":"publish","type":"product","link":"https:\/\/www.polzela.com\/si\/product\/apolon-business-volna-2090\/","title":{"rendered":"Apolon &#8211; Business Volna (2090)"},"content":{"rendered":"<h2><strong>POLZELA Apolon Business Soft<\/strong><\/h2>\n<p>Apolon Business Soft gladke enobarvne nogavice so narejene iz naravnih ko\u017ei prijaznih materialov. Na\u010din pletenja in vsebnost me\u0161anice materialov mehke volne in elastana ovitega v bomba\u017e zagotavlja, da se va\u0161e ko\u017ee dotika ne\u017een bomba\u017e. Udoben elasti\u010den zaklju\u010dni rob nudi ve\u010dje udobje pri no\u0161enju. Nogavice so elegantne in se lepo prilegajo nogi.<\/p>\n<p>Nogavice iz linije Apolon so narejene za najbolj zahtevne mo\u0161ke kupce. Linija visoko kakovostnih nogavic in dokolenk je pletena iz ko\u017ei prijaznih materialov, narejena je s \u010dutom za estetiko. Elegantne nogavice so uporabne tako za poslovne prilo\u017enosti kot tudi za druge posebne trenutke.<\/p>\n<p>Vsi uporabljeni materiali so zdravju in ko\u017ei prijazni. Oznaka EKO-TEX 100 kon\u010dnim uporabnikom predstavlja dodatne prednosti preverjene varnosti na ko\u017ei. Izdelki Polzela so okolju prijazni izdelki.<\/p>\n<p>&nbsp;<\/p>\n","protected":false},"excerpt":{"rendered":"<p>Mo\u0161ke 1\/4 nogavice Polzela Apolon, pletene iz visoko kvalitetne mehke volne so izjemno udobne in prijetne za no\u0161enje. Elegantne nogavice so uporabne tako za poslovne kot tudi za posebne prilo\u017enosti.<\/p>\n<p>Sestava: 70% volna, 10% akril, 15% poliamid in 5% elastan<\/p>\n[caption id=\"attachment_1509\" align=\"alignleft\" width=\"70\"]<img loading=\"lazy\" decoding=\"async\" class=\"size-full wp-image-1509\" src=\"https:\/\/www.polzela.com\/si\/wp-content\/uploads\/sites\/2\/2016\/07\/SOFT-TOUCH-e1471331274468.jpg\" alt=\"SOFT TOUCH\" width=\"70\" height=\"70\" \/> Izjemno mehko[\/caption]\n[caption id=\"attachment_1506\" align=\"alignleft\" width=\"70\"]<img loading=\"lazy\" decoding=\"async\" class=\"size-full wp-image-1506\" src=\"https:\/\/www.polzela.com\/si\/wp-content\/uploads\/sites\/2\/2016\/07\/COMFORT-ROB-1-e1471331294827.jpg\" alt=\"COMFORT ROB\" width=\"70\" height=\"70\" \/> Udoben rob[\/caption]\n","protected":false},"featured_media":1300,"comment_status":"open","ping_status":"closed","template":"","meta":{"om_disable_all_campaigns":false,"_monsterinsights_skip_tracking":false,"_monsterinsights_sitenote_active":false,"_monsterinsights_sitenote_note":"","_monsterinsights_sitenote_category":0},"product_cat":[531],"product_tag":[857,605,599],"class_list":["post-860","product","type-product","status-publish","has-post-thumbnail","hentry","product_cat-nogavice-moski","product_tag-polzela","product_tag-volna","product_tag-warm"],"bundled_by":[],"bundle_stock_status":"instock","bundle_stock_quantity":null,"bundle_virtual":false,"bundle_layout":"","bundle_add_to_cart_form_location":"","bundle_editable_in_cart":false,"bundle_sold_individually_context":"","bundle_item_grouping":"","bundle_min_size":"","bundle_max_size":"","bundled_items":[],"bundle_sell_ids":[],"aioseo_notices":[],"_links":{"self":[{"href":"https:\/\/www.polzela.com\/si\/wp-json\/wp\/v2\/product\/860","targetHints":{"allow":["GET"]}}],"collection":[{"href":"https:\/\/www.polzela.com\/si\/wp-json\/wp\/v2\/product"}],"about":[{"href":"https:\/\/www.polzela.com\/si\/wp-json\/wp\/v2\/types\/product"}],"replies":[{"embeddable":true,"href":"https:\/\/www.polzela.com\/si\/wp-json\/wp\/v2\/comments?post=860"}],"wp:featuredmedia":[{"embeddable":true,"href":"https:\/\/www.polzela.com\/si\/wp-json\/wp\/v2\/media\/1300"}],"wp:attachment":[{"href":"https:\/\/www.polzela.com\/si\/wp-json\/wp\/v2\/media?parent=860"}],"wp:term":[{"taxonomy":"product_cat","embeddable":true,"href":"https:\/\/www.polzela.com\/si\/wp-json\/wp\/v2\/product_cat?post=860"},{"taxonomy":"product_tag","embeddable":true,"href":"https:\/\/www.polzela.com\/si\/wp-json\/wp\/v2\/product_tag?post=860"}],"curies":[{"name":"wp","href":"https:\/\/api.w.org\/{rel}","templated":true}]}}