{"id":858,"date":"2016-07-27T09:57:29","date_gmt":"2016-07-27T07:57:29","guid":{"rendered":"https:\/\/www.polzela.com\/si\/?post_type=product&#038;p=858"},"modified":"2026-03-20T09:42:29","modified_gmt":"2026-03-20T08:42:29","slug":"apolon-business-1420-e60","status":"publish","type":"product","link":"https:\/\/www.polzela.com\/si\/product\/apolon-business-1420-e60\/","title":{"rendered":"Apolon elegantne nogavice Business 1420"},"content":{"rendered":"<h2><strong>POLZELA Apolon Business<\/strong><\/h2>\n<p>Apolon Business nogavice so narejene iz naravnih ko\u017ei prijaznih materialov v razli\u010dnih barvnih kombinacijah. So fine, elegantne nogavice, ki se lepo prilegajo nogi in se ne gubajo. Udoben elasti\u010den zaklju\u010dni rob zagotavlja ve\u010dje udobje pri no\u0161enju.<\/p>\n<p>Nogavice iz linije Apolon so narejene za najbolj zahtevne mo\u0161ke kupce. Linija visoko kakovostnih nogavic in dokolenk je pletena iz ko\u017ei prijaznih materialov, narejena je s \u010dutom za estetiko. Elegantne nogavice so uporabne tako za poslovne prilo\u017enosti kot tudi za vse druge posebne trenutke.<\/p>\n<p>Vsi uporabljeni materiali so zdravju in ko\u017ei prijazni. Oznaka EKO-TEX 100 kon\u010dnim uporabnikom predstavlja dodatne prednosti preverjene varnosti na ko\u017ei. Izdelki Polzela so okolju prijazni izdelki.<\/p>\n<p>&nbsp;<\/p>\n","protected":false},"excerpt":{"rendered":"<p>Apolon Business nogavice so narejene iz naravnih ko\u017ei prijaznih materialov v razli\u010dnih barvnih kombinacijah. So fine, elegantne nogavice, ki se lepo prilegajo nogi in se ne gubajo. Udoben elasti\u010den zaklju\u010dni rob zagotavlja ve\u010dje udobje pri no\u0161enju.<\/p>\n<p>Sestava: 90% Merceriziran bomba\u017e 10% Poliamid<\/p>\n[caption id=\"attachment_2346\" align=\"alignleft\" width=\"70\"]<img loading=\"lazy\" decoding=\"async\" class=\"wp-image-2346\" src=\"https:\/\/www.polzela.com\/si\/wp-content\/uploads\/sites\/2\/2016\/09\/M_COTTON-300x300.png\" alt=\"Merceriziran bomba\u017e\" width=\"70\" height=\"70\" srcset=\"https:\/\/www.polzela.com\/si\/wp-content\/uploads\/sites\/2\/2016\/09\/M_COTTON-300x300.png 300w, https:\/\/www.polzela.com\/si\/wp-content\/uploads\/sites\/2\/2016\/09\/M_COTTON-150x150.png 150w, https:\/\/www.polzela.com\/si\/wp-content\/uploads\/sites\/2\/2016\/09\/M_COTTON-90x90.png 90w, https:\/\/www.polzela.com\/si\/wp-content\/uploads\/sites\/2\/2016\/09\/M_COTTON.png 700w\" sizes=\"auto, (max-width: 70px) 100vw, 70px\" \/> Merceriziran bomba\u017e[\/caption]\n[caption id=\"attachment_2343\" align=\"alignleft\" width=\"70\"]<img loading=\"lazy\" decoding=\"async\" class=\"wp-image-2343\" src=\"https:\/\/www.polzela.com\/si\/wp-content\/uploads\/sites\/2\/2016\/09\/COMFORT_noga-300x300.png\" alt=\"Udoben rob\" width=\"70\" height=\"70\" srcset=\"https:\/\/www.polzela.com\/si\/wp-content\/uploads\/sites\/2\/2016\/09\/COMFORT_noga-300x300.png 300w, https:\/\/www.polzela.com\/si\/wp-content\/uploads\/sites\/2\/2016\/09\/COMFORT_noga-150x150.png 150w, https:\/\/www.polzela.com\/si\/wp-content\/uploads\/sites\/2\/2016\/09\/COMFORT_noga-90x90.png 90w, https:\/\/www.polzela.com\/si\/wp-content\/uploads\/sites\/2\/2016\/09\/COMFORT_noga.png 700w\" sizes=\"auto, (max-width: 70px) 100vw, 70px\" \/> Udoben rob[\/caption]\n<p>&nbsp;<\/p>\n","protected":false},"featured_media":50046,"comment_status":"open","ping_status":"closed","template":"","meta":{"om_disable_all_campaigns":false,"_monsterinsights_skip_tracking":false,"_monsterinsights_sitenote_active":false,"_monsterinsights_sitenote_note":"","_monsterinsights_sitenote_category":0},"product_cat":[531],"product_tag":[747,857,888],"class_list":["post-858","product","type-product","status-publish","has-post-thumbnail","hentry","product_cat-nogavice-moski","product_tag-cotton","product_tag-polzela","product_tag-polzela-nogavice"],"bundled_by":[],"bundle_stock_status":"instock","bundle_stock_quantity":null,"bundle_virtual":false,"bundle_layout":"","bundle_add_to_cart_form_location":"","bundle_editable_in_cart":false,"bundle_sold_individually_context":"","bundle_item_grouping":"","bundle_min_size":"","bundle_max_size":"","bundled_items":[],"bundle_sell_ids":[],"aioseo_notices":[],"_links":{"self":[{"href":"https:\/\/www.polzela.com\/si\/wp-json\/wp\/v2\/product\/858","targetHints":{"allow":["GET"]}}],"collection":[{"href":"https:\/\/www.polzela.com\/si\/wp-json\/wp\/v2\/product"}],"about":[{"href":"https:\/\/www.polzela.com\/si\/wp-json\/wp\/v2\/types\/product"}],"replies":[{"embeddable":true,"href":"https:\/\/www.polzela.com\/si\/wp-json\/wp\/v2\/comments?post=858"}],"wp:featuredmedia":[{"embeddable":true,"href":"https:\/\/www.polzela.com\/si\/wp-json\/wp\/v2\/media\/50046"}],"wp:attachment":[{"href":"https:\/\/www.polzela.com\/si\/wp-json\/wp\/v2\/media?parent=858"}],"wp:term":[{"taxonomy":"product_cat","embeddable":true,"href":"https:\/\/www.polzela.com\/si\/wp-json\/wp\/v2\/product_cat?post=858"},{"taxonomy":"product_tag","embeddable":true,"href":"https:\/\/www.polzela.com\/si\/wp-json\/wp\/v2\/product_tag?post=858"}],"curies":[{"name":"wp","href":"https:\/\/api.w.org\/{rel}","templated":true}]}}