{"id":857,"date":"2024-02-27T14:40:11","date_gmt":"2024-02-27T13:40:11","guid":{"rendered":"https:\/\/www.polzela.com\/si\/?post_type=product&#038;p=857"},"modified":"2026-03-10T23:11:31","modified_gmt":"2026-03-10T22:11:31","slug":"apolon-dryarn-business-1406","status":"publish","type":"product","link":"https:\/\/www.polzela.com\/si\/product\/apolon-dryarn-business-1406\/","title":{"rendered":"Mo\u0161ke elegantne dokolenke Apolon Dryarn Business (1406)"},"content":{"rendered":"<h2><strong>POLZELA Apolon Dryarn Business<\/strong><\/h2>\n<p>Dokolenke Apolon Dryarn Business so izjemno lahke in prijetne za no\u0161enje, zaradi me\u0161anice materialov se zelo dobro prilegajo nogi, dodatno udobje pri no\u0161enju nudi komfortni rob v predelu prstov. Vsebnost specialnega materiala Dryarn zagotavlja posebne aktivne funkcionalne lastnosti v dokolenki.<\/p>\n<p>Dryarn je specialno mikrovlakno iz Polipropilena, ki je izredno lahko. Deluje antibakterijsko in antialergijsko in je ekolo\u0161ko vlakno, ki se lahko 100 % reciklira. Uravnava telesno temperaturo, je dober izolator, odli\u010den pri ekstremnih obremenitvah.<\/p>\n<p>Nogavice iz linije Apolon so narejene za najbolj zahtevne mo\u0161ke kupce. Linija visoko kakovostnih nogavic in dokolenk je pletena iz ko\u017ei prijaznih materialov, narejena je s \u010dutom za estetiko. Elegantne dokolenke so uporabne tako za poslovne prilo\u017enosti kot tudi za druge posebne trenutke.<\/p>\n<p>Vsi uporabljeni materiali so zdravju in ko\u017ei prijazni. Oznaka EKO-TEX 100 kon\u010dnim uporabnikom predstavlja dodatne prednosti preverjene varnosti na ko\u017ei. Izdelki Polzela so okolju prijazni izdelki.<\/p>\n","protected":false},"excerpt":{"rendered":"<p>&nbsp;<\/p>\n<p>Mo\u0161ke elegantne dokolenke, pletene iz specialne preje, ki zmanj\u0161uje nastanek neprijetnega vonja. Dokolenke so izjemno mehke in pro\u017ene, primerne za poslovne prilo\u017enosti.<\/p>\n<p>Sestava: 75% Polipropilen dryarn 22% Poliamid 3% Elastan<\/p>\n[caption id=\"attachment_1506\" align=\"alignleft\" width=\"70\"]<img loading=\"lazy\" decoding=\"async\" class=\"size-full wp-image-1506\" src=\"https:\/\/www.polzela.com\/si\/wp-content\/uploads\/sites\/2\/2016\/07\/COMFORT-ROB-1-e1471331294827.jpg\" alt=\"COMFORT ROB\" width=\"70\" height=\"70\" \/> Udoben rob[\/caption]\n[caption id=\"attachment_1509\" align=\"alignleft\" width=\"70\"]<img loading=\"lazy\" decoding=\"async\" class=\"size-full wp-image-1509\" src=\"https:\/\/www.polzela.com\/si\/wp-content\/uploads\/sites\/2\/2016\/07\/SOFT-TOUCH-e1471331274468.jpg\" alt=\"SOFT TOUCH\" width=\"70\" height=\"70\" \/> Izjemno mehko[\/caption]\n[caption id=\"attachment_1505\" align=\"alignleft\" width=\"70\"]<img loading=\"lazy\" decoding=\"async\" class=\"size-full wp-image-1505\" src=\"https:\/\/www.polzela.com\/si\/wp-content\/uploads\/sites\/2\/2016\/05\/ANTIBAKTERIJSKO-e1471331298155.jpg\" alt=\"ANTIBAKTERIJSKO\" width=\"70\" height=\"70\" \/> Brez vonja[\/caption]\n","protected":false},"featured_media":1277,"comment_status":"open","ping_status":"closed","template":"","meta":{"om_disable_all_campaigns":false,"_monsterinsights_skip_tracking":false,"_monsterinsights_sitenote_active":false,"_monsterinsights_sitenote_note":"","_monsterinsights_sitenote_category":0},"product_cat":[531],"product_tag":[857],"class_list":["post-857","product","type-product","status-publish","has-post-thumbnail","hentry","product_cat-nogavice-moski","product_tag-polzela"],"bundled_by":[],"bundle_stock_status":"instock","bundle_stock_quantity":null,"bundle_virtual":false,"bundle_layout":"","bundle_add_to_cart_form_location":"","bundle_editable_in_cart":false,"bundle_sold_individually_context":"","bundle_item_grouping":"","bundle_min_size":"","bundle_max_size":"","bundled_items":[],"bundle_sell_ids":[],"aioseo_notices":[],"_links":{"self":[{"href":"https:\/\/www.polzela.com\/si\/wp-json\/wp\/v2\/product\/857","targetHints":{"allow":["GET"]}}],"collection":[{"href":"https:\/\/www.polzela.com\/si\/wp-json\/wp\/v2\/product"}],"about":[{"href":"https:\/\/www.polzela.com\/si\/wp-json\/wp\/v2\/types\/product"}],"replies":[{"embeddable":true,"href":"https:\/\/www.polzela.com\/si\/wp-json\/wp\/v2\/comments?post=857"}],"wp:featuredmedia":[{"embeddable":true,"href":"https:\/\/www.polzela.com\/si\/wp-json\/wp\/v2\/media\/1277"}],"wp:attachment":[{"href":"https:\/\/www.polzela.com\/si\/wp-json\/wp\/v2\/media?parent=857"}],"wp:term":[{"taxonomy":"product_cat","embeddable":true,"href":"https:\/\/www.polzela.com\/si\/wp-json\/wp\/v2\/product_cat?post=857"},{"taxonomy":"product_tag","embeddable":true,"href":"https:\/\/www.polzela.com\/si\/wp-json\/wp\/v2\/product_tag?post=857"}],"curies":[{"name":"wp","href":"https:\/\/api.w.org\/{rel}","templated":true}]}}