{"id":850,"date":"2016-07-27T15:27:37","date_gmt":"2016-07-27T13:27:37","guid":{"rendered":"https:\/\/www.polzela.com\/si\/?post_type=product&#038;p=850"},"modified":"2026-04-02T18:49:46","modified_gmt":"2026-04-02T16:49:46","slug":"comfort-soft-touch-0302","status":"publish","type":"product","link":"https:\/\/www.polzela.com\/si\/product\/comfort-soft-touch-0302\/","title":{"rendered":"Mo\u0161ke nogavice Soft touch iz visoko kvalitetnega \u010desanega bomba\u017ea (0302)"},"content":{"rendered":"<h2><strong>POLZELA Comfort Soft touch<\/strong><\/h2>\n<p>Enobarvne rebraste nogavice Comfort Soft touch so pletene iz visoko kvalitetnega \u010desanega bomba\u017ea. Posebno pletenje nogavice zagotavlja funkcionalne prednosti, nogavice imajo preventivni u\u010dinek in \u0161\u010ditijo va\u0161e o\u017eilje. Posebno primerne so za vse, ki imajo te\u017eave z o\u017eiljem.<\/p>\n<p>Zgornji zaklju\u010dni del nogavice ima udoben pro\u017een zaklju\u010dni rob, ki ne ti\u0161\u010di, posebno pletenje zagotavlja, da kljub udobnemu robu nogavica ostane na mestu in se ne guba. Komfortni \u0161iv v prstih nudi dodatno za\u0161\u010dito in udobje.<\/p>\n<p>Linija Comfort je linija visoko kakovostnih izdelkov, ki so pleteni iz naravnih ko\u017ei prijaznih materialov. Nogavice poleg osnovne za\u0161\u010dite in prijetnega po\u010dutja nudijo dodatno zdravstveno za\u0161\u010dito, preventivo in udobje. Dodatne funkcionalne lastnosti nogavic dose\u017eemo s posebnimi kombinacijami naravnih materialov in na\u010dini pletenja, ter vsebnostjo dodatnih specialnih materialov. Nogavice Comfort Soft touch so primerne za udobno in spro\u0161\u010deno pre\u017eivljanje prostega \u010dasa kot tudi za vsakodnevne poslovne prilo\u017enosti.<\/p>\n<p>Vsi uporabljeni materiali so zdravju in ko\u017ei prijazni. Oznaka EKO-TEX 100 kon\u010dnim uporabnikom predstavlja dodatne prednosti preverjene varnosti na ko\u017ei. Izdelki Polzela so okolju prijazni izdelki.<\/p>\n","protected":false},"excerpt":{"rendered":"<p>Mo\u0161ke nogavice,\u00a0 pletene iz ko\u017ei prijaznih materialov z izjemno udobnim robom, ki ne ti\u0161\u010di. Nogavice varujejo va\u0161e o\u017eilje, primerne so tudi za diabetike.<\/p>\n<p>Sestava: 80% bomba\u017e, 20% poliamid<\/p>\n[caption id=\"attachment_1509\" align=\"alignleft\" width=\"70\"]<img loading=\"lazy\" decoding=\"async\" class=\"size-full wp-image-1509\" src=\"https:\/\/www.polzela.com\/si\/wp-content\/uploads\/sites\/2\/2016\/07\/SOFT-TOUCH-e1471331274468.jpg\" alt=\"SOFT TOUCH\" width=\"70\" height=\"70\" \/> Izjemno mehko[\/caption]\n[caption id=\"attachment_1506\" align=\"alignleft\" width=\"70\"]<img loading=\"lazy\" decoding=\"async\" class=\"size-full wp-image-1506\" src=\"https:\/\/www.polzela.com\/si\/wp-content\/uploads\/sites\/2\/2016\/07\/COMFORT-ROB-1-e1471331294827.jpg\" alt=\"COMFORT ROB\" width=\"70\" height=\"70\" \/> Udoben rob[\/caption]\n","protected":false},"featured_media":1249,"comment_status":"open","ping_status":"closed","template":"","meta":{"om_disable_all_campaigns":false,"_monsterinsights_skip_tracking":false,"_monsterinsights_sitenote_active":false,"_monsterinsights_sitenote_note":"","_monsterinsights_sitenote_category":0},"product_cat":[38,531],"product_tag":[747,857,1109],"class_list":["post-850","product","type-product","status-publish","has-post-thumbnail","hentry","product_cat-moski","product_cat-nogavice-moski","product_tag-cotton","product_tag-polzela","product_tag-x5"],"bundled_by":[],"bundle_stock_status":"instock","bundle_stock_quantity":null,"bundle_virtual":false,"bundle_layout":"","bundle_add_to_cart_form_location":"","bundle_editable_in_cart":false,"bundle_sold_individually_context":"","bundle_item_grouping":"","bundle_min_size":"","bundle_max_size":"","bundled_items":[],"bundle_sell_ids":[],"aioseo_notices":[],"_links":{"self":[{"href":"https:\/\/www.polzela.com\/si\/wp-json\/wp\/v2\/product\/850","targetHints":{"allow":["GET"]}}],"collection":[{"href":"https:\/\/www.polzela.com\/si\/wp-json\/wp\/v2\/product"}],"about":[{"href":"https:\/\/www.polzela.com\/si\/wp-json\/wp\/v2\/types\/product"}],"replies":[{"embeddable":true,"href":"https:\/\/www.polzela.com\/si\/wp-json\/wp\/v2\/comments?post=850"}],"wp:featuredmedia":[{"embeddable":true,"href":"https:\/\/www.polzela.com\/si\/wp-json\/wp\/v2\/media\/1249"}],"wp:attachment":[{"href":"https:\/\/www.polzela.com\/si\/wp-json\/wp\/v2\/media?parent=850"}],"wp:term":[{"taxonomy":"product_cat","embeddable":true,"href":"https:\/\/www.polzela.com\/si\/wp-json\/wp\/v2\/product_cat?post=850"},{"taxonomy":"product_tag","embeddable":true,"href":"https:\/\/www.polzela.com\/si\/wp-json\/wp\/v2\/product_tag?post=850"}],"curies":[{"name":"wp","href":"https:\/\/api.w.org\/{rel}","templated":true}]}}