{"id":7996,"date":"2020-04-14T21:11:15","date_gmt":"2020-04-14T19:11:15","guid":{"rendered":"https:\/\/www.polzela.com\/si\/product\/zenske-nogavice-0118\/"},"modified":"2026-03-15T08:21:05","modified_gmt":"2026-03-15T07:21:05","slug":"zenske-nogavice-0118","status":"publish","type":"product","link":"https:\/\/www.polzela.com\/si\/product\/zenske-nogavice-0118\/","title":{"rendered":"\u017denske nogavice art. 0118"},"content":{"rendered":"<p>Modne nogavice v razli\u010dnih vzorcih in barvnih kombinacijah. Nogavice so izdelane iz \u010desanega bomba\u017ea s specialno obdelavo.<\/p>\n","protected":false},"excerpt":{"rendered":"<p>Modne nogavice iz \u010desanega bomba\u017ea s specialno obdelavo.<\/p>\n<p><strong>Sestava:\u00a0<\/strong>80% \u010desani bomba\u017e, 17% poliamid, 3% elastan<\/p>\n[caption id=\"attachment_1506\" align=\"alignleft\" width=\"70\"]<img loading=\"lazy\" decoding=\"async\" class=\"size-full wp-image-1506\" src=\"https:\/\/www.polzela.com\/si\/wp-content\/uploads\/sites\/2\/2016\/07\/COMFORT-ROB-1-e1471331294827.jpg\" alt=\"COMFORT ROB\" width=\"70\" height=\"70\" \/> Udoben rob[\/caption]\n[caption id=\"attachment_1509\" align=\"alignleft\" width=\"70\"]<img loading=\"lazy\" decoding=\"async\" class=\"size-full wp-image-1509\" src=\"https:\/\/www.polzela.com\/si\/wp-content\/uploads\/sites\/2\/2016\/07\/SOFT-TOUCH-e1471331274468.jpg\" alt=\"SOFT TOUCH\" width=\"70\" height=\"70\" \/> Izjemno mehko[\/caption]\n","protected":false},"featured_media":65289,"comment_status":"open","ping_status":"closed","template":"","meta":{"om_disable_all_campaigns":false,"_monsterinsights_skip_tracking":false,"_monsterinsights_sitenote_active":false,"_monsterinsights_sitenote_note":"","_monsterinsights_sitenote_category":0},"product_cat":[42,373],"product_tag":[747,857],"class_list":["post-7996","product","type-product","status-publish","has-post-thumbnail","hentry","product_cat-zenske","product_cat-zenske-nogavice","product_tag-cotton","product_tag-polzela"],"bundled_by":[],"bundle_stock_status":"instock","bundle_stock_quantity":null,"bundle_virtual":false,"bundle_layout":"","bundle_add_to_cart_form_location":"","bundle_editable_in_cart":false,"bundle_sold_individually_context":"","bundle_item_grouping":"","bundle_min_size":"","bundle_max_size":"","bundled_items":[],"bundle_sell_ids":[],"aioseo_notices":[],"_links":{"self":[{"href":"https:\/\/www.polzela.com\/si\/wp-json\/wp\/v2\/product\/7996","targetHints":{"allow":["GET"]}}],"collection":[{"href":"https:\/\/www.polzela.com\/si\/wp-json\/wp\/v2\/product"}],"about":[{"href":"https:\/\/www.polzela.com\/si\/wp-json\/wp\/v2\/types\/product"}],"replies":[{"embeddable":true,"href":"https:\/\/www.polzela.com\/si\/wp-json\/wp\/v2\/comments?post=7996"}],"wp:featuredmedia":[{"embeddable":true,"href":"https:\/\/www.polzela.com\/si\/wp-json\/wp\/v2\/media\/65289"}],"wp:attachment":[{"href":"https:\/\/www.polzela.com\/si\/wp-json\/wp\/v2\/media?parent=7996"}],"wp:term":[{"taxonomy":"product_cat","embeddable":true,"href":"https:\/\/www.polzela.com\/si\/wp-json\/wp\/v2\/product_cat?post=7996"},{"taxonomy":"product_tag","embeddable":true,"href":"https:\/\/www.polzela.com\/si\/wp-json\/wp\/v2\/product_tag?post=7996"}],"curies":[{"name":"wp","href":"https:\/\/api.w.org\/{rel}","templated":true}]}}