{"id":799,"date":"2016-06-03T10:13:49","date_gmt":"2016-06-03T08:13:49","guid":{"rendered":"https:\/\/www.polzela.com\/si\/?post_type=product&#038;p=799"},"modified":"2026-02-23T18:26:06","modified_gmt":"2026-02-23T17:26:06","slug":"free-style-multisport-outdoor-2040","status":"publish","type":"product","link":"https:\/\/www.polzela.com\/si\/product\/free-style-multisport-outdoor-2040\/","title":{"rendered":"\u0160portne nogavice Multisport Outdoor (2040)"},"content":{"rendered":"<h2><strong>POLZELA Free Style Multisport Outdoor<\/strong><\/h2>\n<p>\u0160portne nogavice Outdoor zaradi posebne ergonomske oblike in asimetri\u010dno oblazinjenega stopala \u0161\u010ditijo ob\u010dutljive dele noge in omogo\u010dajo prileganje na mestih, kjer je izpostavljenost najve\u010dja. Posebni material CoolMax poskrbi, da so va\u0161e noge suhe tudi pri ve\u010djem naporu.<\/p>\n<p>Funkcionalne lastnosti dodatno zagotavljajo izjemno za\u0161\u010dito pete. Mehak udoben rob, ki ne stiska gle\u017enja in oblazinjeni prsti nudijo ve\u010d udobja pri no\u0161enju nogavice. Posebno pletenje omogo\u010da zra\u010dnost nogavice, da ko\u017ea lahko diha. Peta, spodnji del stopala in prsti so pleteni v frote izvedbi z vsebnostjo specialnega materiala CoolMax, ki ohranja va\u0161e noge suhe in udobne.<\/p>\n<p>CoolMax je specialni high-tech material, ki je izjemno mehak, nudi zra\u010dnost, omogo\u010da dihanje va\u0161e ko\u017ee in odvaja vlago.<\/p>\n<p>Nogavice iz linije Multisport so narejene za najbolj zahtevne kupce, mo\u0161ke in \u017eenske. Uporabne so tako za vrhunske \u0161portnike kot tudi za rekreativce. Outdoor nogavice so primerne za pohodni\u0161tvo in ostale aktivnosti na prostem.<\/p>\n<p>Vsi uporabljeni materiali so zdravju in ko\u017ei prijazni. Oznaka EKO-TEX 100 kon\u010dnim uporabnikom predstavlja dodatne prednosti preverjene varnosti na ko\u017ei. Izdelki Polzela so okolju prijazni izdelki.<\/p>\n","protected":false},"excerpt":{"rendered":"<p><strong>Opis izdelka<\/strong><\/p>\n<p>\u0160portne nogavice Outdoor zaradi posebne ergonomske oblike in asimetri\u010dno oblazinjenega stopala \u0161\u010ditijo ob\u010dutljive dele noge in omogo\u010dajo prileganje na mestih, kjer je izpostavljenost najve\u010dja. Posebni material CoolMax poskrbi, da so va\u0161e noge suhe tudi pri ve\u010djem naporu.<\/p>\n<p>Sestava: 50% Bomba\u017e, 38% Poliester, 10% Poliamid, 2% Elastan<\/p>\n[caption id=\"attachment_2343\" align=\"alignleft\" width=\"70\"]<img loading=\"lazy\" decoding=\"async\" class=\"wp-image-2343\" src=\"https:\/\/www.polzela.com\/si\/wp-content\/uploads\/sites\/2\/2016\/09\/COMFORT_noga-300x300.png\" alt=\"Udoben rob\" width=\"70\" height=\"70\" srcset=\"https:\/\/www.polzela.com\/si\/wp-content\/uploads\/sites\/2\/2016\/09\/COMFORT_noga-300x300.png 300w, https:\/\/www.polzela.com\/si\/wp-content\/uploads\/sites\/2\/2016\/09\/COMFORT_noga-150x150.png 150w, https:\/\/www.polzela.com\/si\/wp-content\/uploads\/sites\/2\/2016\/09\/COMFORT_noga-90x90.png 90w, https:\/\/www.polzela.com\/si\/wp-content\/uploads\/sites\/2\/2016\/09\/COMFORT_noga.png 700w\" sizes=\"auto, (max-width: 70px) 100vw, 70px\" \/> Udoben rob[\/caption]\n[caption id=\"attachment_1541\" align=\"alignleft\" width=\"70\"]<img loading=\"lazy\" decoding=\"async\" class=\"wp-image-1541 size-full\" src=\"https:\/\/www.polzela.com\/si\/wp-content\/uploads\/sites\/2\/2016\/06\/LEVA_DESNA-e1471347643857.jpg\" alt=\"Leva-desna\" width=\"70\" height=\"70\" \/> Leva-desna[\/caption]\n[caption id=\"attachment_1510\" align=\"alignleft\" width=\"70\"]<img loading=\"lazy\" decoding=\"async\" class=\"wp-image-1510 size-full\" src=\"https:\/\/www.polzela.com\/si\/wp-content\/uploads\/sites\/2\/2016\/07\/TERMOREGULATOR-e1471331269187.jpg\" alt=\"U\u010dinek hlajenja\" width=\"70\" height=\"70\" \/> Termoreg.[\/caption]\n<p>&nbsp;<\/p>\n","protected":false},"featured_media":802,"comment_status":"open","ping_status":"closed","template":"","meta":{"om_disable_all_campaigns":false,"_monsterinsights_skip_tracking":false,"_monsterinsights_sitenote_active":false,"_monsterinsights_sitenote_note":"","_monsterinsights_sitenote_category":0},"product_cat":[40,978],"product_tag":[747,684,868],"class_list":["post-799","product","type-product","status-publish","has-post-thumbnail","hentry","product_cat-sport","product_cat-sportne-nogavice","product_tag-cotton","product_tag-sport","product_tag-sport-nogavice"],"bundled_by":[],"bundle_stock_status":"instock","bundle_stock_quantity":null,"bundle_virtual":false,"bundle_layout":"","bundle_add_to_cart_form_location":"","bundle_editable_in_cart":false,"bundle_sold_individually_context":"","bundle_item_grouping":"","bundle_min_size":"","bundle_max_size":"","bundled_items":[],"bundle_sell_ids":[],"aioseo_notices":[],"_links":{"self":[{"href":"https:\/\/www.polzela.com\/si\/wp-json\/wp\/v2\/product\/799","targetHints":{"allow":["GET"]}}],"collection":[{"href":"https:\/\/www.polzela.com\/si\/wp-json\/wp\/v2\/product"}],"about":[{"href":"https:\/\/www.polzela.com\/si\/wp-json\/wp\/v2\/types\/product"}],"replies":[{"embeddable":true,"href":"https:\/\/www.polzela.com\/si\/wp-json\/wp\/v2\/comments?post=799"}],"wp:featuredmedia":[{"embeddable":true,"href":"https:\/\/www.polzela.com\/si\/wp-json\/wp\/v2\/media\/802"}],"wp:attachment":[{"href":"https:\/\/www.polzela.com\/si\/wp-json\/wp\/v2\/media?parent=799"}],"wp:term":[{"taxonomy":"product_cat","embeddable":true,"href":"https:\/\/www.polzela.com\/si\/wp-json\/wp\/v2\/product_cat?post=799"},{"taxonomy":"product_tag","embeddable":true,"href":"https:\/\/www.polzela.com\/si\/wp-json\/wp\/v2\/product_tag?post=799"}],"curies":[{"name":"wp","href":"https:\/\/api.w.org\/{rel}","templated":true}]}}