{"id":792,"date":"2024-06-03T15:00:41","date_gmt":"2024-06-03T13:00:41","guid":{"rendered":"https:\/\/www.polzela.com\/si\/?post_type=product&#038;p=792"},"modified":"2026-03-02T22:55:30","modified_gmt":"2026-03-02T21:55:30","slug":"free-style-multisport-outdoor-2041","status":"publish","type":"product","link":"https:\/\/www.polzela.com\/si\/product\/free-style-multisport-outdoor-2041\/","title":{"rendered":"\u0160portne nogavice \u0161porte Multisport Outdoor (2041)"},"content":{"rendered":"<h2><strong>POLZELA Free Style Multisport Outdoor<\/strong><\/h2>\n<p>\u0160portne nogavice Outdoor, pletene iz specialne preje Cordura in me\u0161anice bomba\u017ea, ki v idealni kombinaciji omogo\u010data maksimalno trpe\u017enost v oja\u010ditvenih predelih nogavice.<\/p>\n<p>Funkcionalne lastnosti zagotavljajo dodatno za\u0161\u010dito na mestih, kjer so obremenitve pri \u0161portnih aktivnostih najve\u010dje. Oblazinjeni prsti in peta nudijo izjemno za\u0161\u010dito in udobno po\u010dutje tudi pri ve\u010djih obremenitvah.<br \/>\nPosebno pletenje omogo\u010da zra\u010dnost nogavice. Nogavica ima izredno mehak elasti\u010den rob, ki ne ti\u0161\u010di. Vpleten dodatno oblazinjen del v predelu golenice, nudi \u0161e ve\u010d udobja pri no\u0161enju.<\/p>\n<p>Cordura je specialna izjemno trpe\u017ena poliamidna preja, izdelana v Du Pontu. Uporablja se v \u0161portnih nogavicah v oja\u010ditvenih predelih za maksimalno trpe\u017enost nogavice. Pri ekstremnih obremenitvah se odli\u010dno ohranja in je enostavna za vzdr\u017eevanje.<\/p>\n<p>Nogavice iz linije Multisport so narejene za najbolj zahtevne kupce, mo\u0161ke in \u017eenske. Uporabne so tako za vrhunske \u0161portnike kot tudi za rekreativce. Specialne nogavice so primerne za vse vrste \u0161portnih aktivnosti, tek, tenis, kolesarjenje in \u0161tevilne druge \u0161portne u\u017eitke.<\/p>\n<p>Vsi uporabljeni materiali so zdravju in ko\u017ei prijazni. Oznaka EKO-TEX 100 kon\u010dnim uporabnikom predstavlja dodatne prednosti preverjene varnosti na ko\u017ei. Izdelki Polzela so okolju prijazni izdelki.<\/p>\n","protected":false},"excerpt":{"rendered":"<p><strong>Opis izdelka:<\/strong> Unisex 1\/4 \u0161portne nogavice so izdelane iz posebnih ko\u017ei prijaznih materialov. So mehke in udobne za no\u0161enje, namenjene razli\u010dnim \u0161portnim aktivnostim.<\/p>\n<p>Unisex \u0161portne nogavice primerne za vse \u0161porte. Nogavice so izdelane iz \u010desanega bomba\u017ea s specialno obdelavo. Cordura je specialna preja, ki je izjemno trpe\u017ena. Nogavice imajo oblazinjeni prste in peto za izjemno za\u0161\u010dito in udobno po\u010dutje.<span class=\"Apple-converted-space\">\u00a0<\/span><\/p>\n<p><strong>Sestava:<\/strong> 60% Bomba\u017e, 21% Poliamid, 15% Poliamid Cordura, 4% Elastan<\/p>\n[caption id=\"attachment_1506\" align=\"alignleft\" width=\"70\"]<img loading=\"lazy\" decoding=\"async\" class=\"size-full wp-image-1506\" src=\"https:\/\/www.polzela.com\/si\/wp-content\/uploads\/sites\/2\/2016\/07\/COMFORT-ROB-1-e1471331294827.jpg\" alt=\"COMFORT ROB\" width=\"70\" height=\"70\" \/> Udoben rob[\/caption]\n[caption id=\"attachment_1501\" align=\"alignleft\" width=\"70\"]<img loading=\"lazy\" decoding=\"async\" class=\"size-full wp-image-1501\" src=\"https:\/\/www.polzela.com\/si\/wp-content\/uploads\/sites\/2\/2016\/07\/BOMBAZ-e1471331324317.jpg\" alt=\"BOMBAZ\" width=\"70\" height=\"70\" \/> Bomba\u017e[\/caption]\n<div class=\"mceTemp\"><\/div>\n","protected":false},"featured_media":1297,"comment_status":"open","ping_status":"closed","template":"","meta":{"om_disable_all_campaigns":false,"_monsterinsights_skip_tracking":false,"_monsterinsights_sitenote_active":false,"_monsterinsights_sitenote_note":"","_monsterinsights_sitenote_category":0},"product_cat":[40,978,41],"product_tag":[747,684,868],"class_list":["post-792","product","type-product","status-publish","has-post-thumbnail","hentry","product_cat-sport","product_cat-sportne-nogavice","product_cat-unisex","product_tag-cotton","product_tag-sport","product_tag-sport-nogavice"],"bundled_by":[],"bundle_stock_status":"instock","bundle_stock_quantity":null,"bundle_virtual":false,"bundle_layout":"","bundle_add_to_cart_form_location":"","bundle_editable_in_cart":false,"bundle_sold_individually_context":"","bundle_item_grouping":"","bundle_min_size":"","bundle_max_size":"","bundled_items":[],"bundle_sell_ids":[],"aioseo_notices":[],"_links":{"self":[{"href":"https:\/\/www.polzela.com\/si\/wp-json\/wp\/v2\/product\/792","targetHints":{"allow":["GET"]}}],"collection":[{"href":"https:\/\/www.polzela.com\/si\/wp-json\/wp\/v2\/product"}],"about":[{"href":"https:\/\/www.polzela.com\/si\/wp-json\/wp\/v2\/types\/product"}],"replies":[{"embeddable":true,"href":"https:\/\/www.polzela.com\/si\/wp-json\/wp\/v2\/comments?post=792"}],"wp:featuredmedia":[{"embeddable":true,"href":"https:\/\/www.polzela.com\/si\/wp-json\/wp\/v2\/media\/1297"}],"wp:attachment":[{"href":"https:\/\/www.polzela.com\/si\/wp-json\/wp\/v2\/media?parent=792"}],"wp:term":[{"taxonomy":"product_cat","embeddable":true,"href":"https:\/\/www.polzela.com\/si\/wp-json\/wp\/v2\/product_cat?post=792"},{"taxonomy":"product_tag","embeddable":true,"href":"https:\/\/www.polzela.com\/si\/wp-json\/wp\/v2\/product_tag?post=792"}],"curies":[{"name":"wp","href":"https:\/\/api.w.org\/{rel}","templated":true}]}}