{"id":766,"date":"2016-08-08T10:10:22","date_gmt":"2016-08-08T08:10:22","guid":{"rendered":"https:\/\/www.polzela.com\/si\/?post_type=product&#038;p=766"},"modified":"2026-04-12T18:26:41","modified_gmt":"2026-04-12T16:26:41","slug":"free-style-multisport-compression-2046","status":"publish","type":"product","link":"https:\/\/www.polzela.com\/si\/product\/free-style-multisport-compression-2046\/","title":{"rendered":"Free Style &#8211; Multisport Compression (2046)"},"content":{"rendered":"<h2><strong>POLZELA Free Style Multisport Compression<br \/>\n<\/strong><\/h2>\n<p>Dokolenke Compression zaradi posebnega na\u010dina pletenja in vsebnosti specialnih prej Cordura, Dryarn in Soft Air Plus omogo\u010dajo popolno za\u0161\u010dito nog.\u00a0 Dokolenke imajo posebne funkcionalne prednosti in \u0161\u010ditijo noge na mestih, kjer je izpostavljenost pri \u0161portnih obremenitvah najve\u010dja<\/p>\n<p>Stopnjevalna kompresija po celi dol\u017eini dokolenke omogo\u010da dobro prekrvavitev nog in \u0161\u010diti o\u017eilje.<br \/>\nUporaba specialnih prej zagotavlja antibakterijsko, antialergijsko za\u0161\u010dito in tako prepre\u010duje nastanek neprijetnega vonja.<br \/>\nDokolenke so zra\u010dne v predelu golenice, omogo\u010dajo odvajanje vlage stran od ko\u017ee, imajo termoregulacijski u\u010dinek in uravnavajo toploto v stopalu. Prav tako se popolnoma prilegajo nogi v predelu gle\u017enja in pod kolenom.<br \/>\nBlagodejna blazinjena ko\u0161arica na peti, u\u010dinkovito bla\u017ei sunke in prepre\u010duje \u017eulje.<br \/>\nDokolenke so ergonomsko oblikovane zaradi tega se popolnoma prilegajo in nudijo bolj\u0161o za\u0161\u010dito ob\u010dutljivih delov noge.<\/p>\n<p>Posebne lastnosti specialnih materialov so zdru\u017eene v idealni kombinaciji in zagotavljajo funkcionalne prednosti dokolenke.<\/p>\n<p>Cordura je specialna izjemno trpe\u017ena poliamidna preja, izdelana v Du Pontu. Uporablja se v \u0161portnih nogavicah v oja\u010ditvenih predelih za maksimalno trpe\u017enost nogavice. Pri ekstremnih obremenitvah se odli\u010dno ohranja in je enostavna za vzdr\u017eevanje.<br \/>\nDryarn je specialno mikrovlakno iz Polipropilena, ki je izredno lahko. Deluje antibakterijsko in antialergijsko in je ekolo\u0161ko vlakno, ki se lahko 100 % reciklira. Uravnava telesno temperaturo, je dober izolator, odli\u010den pri ekstremnih obremenitvah.<br \/>\nSoft Air Plus preja je izredno mehka, elasti\u010dna preja, hitro odvaja vlago od telesa, ohranja ko\u017eo suho in skrbi za visoko stopnjo udobnosti.<\/p>\n<p>Nogavice iz linije Multisport so narejene za najbolj zahtevne kupce, mo\u0161ke in \u017eenske. Uporabne so tako za vrhunske \u0161portnike kot tudi za rekreativce. Specialne dokolenke so primerne za vse vrste \u0161portnih aktivnosti, pohodni\u0161tvo, tek, tenis, kolesarjenje in \u0161tevilne druge \u0161portne u\u017eitke.<\/p>\n<p>Vsi uporabljeni materiali so zdravju in ko\u017ei prijazni. Oznaka EKO-TEX 100 kon\u010dnim uporabnikom predstavlja dodatne prednosti preverjene varnosti na ko\u017ei. Izdelki Polzela so okolju prijazni izdelki.<\/p>\n","protected":false},"excerpt":{"rendered":"<p>Dokolenke Compression zaradi posebnega na\u010dina pletenja in vsebnosti specialnih prej Cordura, Dryarn in Soft Air Plus omogo\u010dajo popolno za\u0161\u010dito nog.<\/p>\n[caption id=\"attachment_2325\" align=\"alignleft\" width=\"70\"]<img loading=\"lazy\" decoding=\"async\" class=\"wp-image-2325\" src=\"https:\/\/www.polzela.com\/si\/wp-content\/uploads\/sites\/2\/2016\/09\/COMPRESION_LRG-300x300.png\" alt=\"Kompresija\" width=\"70\" height=\"70\" srcset=\"https:\/\/www.polzela.com\/si\/wp-content\/uploads\/sites\/2\/2016\/09\/COMPRESION_LRG-300x300.png 300w, https:\/\/www.polzela.com\/si\/wp-content\/uploads\/sites\/2\/2016\/09\/COMPRESION_LRG-150x150.png 150w, https:\/\/www.polzela.com\/si\/wp-content\/uploads\/sites\/2\/2016\/09\/COMPRESION_LRG-90x90.png 90w, https:\/\/www.polzela.com\/si\/wp-content\/uploads\/sites\/2\/2016\/09\/COMPRESION_LRG.png 700w\" sizes=\"auto, (max-width: 70px) 100vw, 70px\" \/> Kompresija[\/caption]\n[caption id=\"attachment_2400\" align=\"alignleft\" width=\"70\"]<img loading=\"lazy\" decoding=\"async\" class=\"wp-image-2400\" src=\"https:\/\/www.polzela.com\/si\/wp-content\/uploads\/sites\/2\/2016\/05\/no_smell-300x300.png\" alt=\"Brez vonja\" width=\"70\" height=\"70\" srcset=\"https:\/\/www.polzela.com\/si\/wp-content\/uploads\/sites\/2\/2016\/05\/no_smell-300x300.png 300w, https:\/\/www.polzela.com\/si\/wp-content\/uploads\/sites\/2\/2016\/05\/no_smell-150x150.png 150w, https:\/\/www.polzela.com\/si\/wp-content\/uploads\/sites\/2\/2016\/05\/no_smell-768x768.png 768w, https:\/\/www.polzela.com\/si\/wp-content\/uploads\/sites\/2\/2016\/05\/no_smell-90x90.png 90w, https:\/\/www.polzela.com\/si\/wp-content\/uploads\/sites\/2\/2016\/05\/no_smell.png 800w\" sizes=\"auto, (max-width: 70px) 100vw, 70px\" \/> Brez vonja[\/caption]\n","protected":false},"featured_media":1204,"comment_status":"open","ping_status":"closed","template":"","meta":{"om_disable_all_campaigns":false,"_monsterinsights_skip_tracking":false,"_monsterinsights_sitenote_active":false,"_monsterinsights_sitenote_note":"","_monsterinsights_sitenote_category":0},"product_cat":[40,978,41],"product_tag":[371,684],"class_list":["post-766","product","type-product","status-publish","has-post-thumbnail","hentry","product_cat-sport","product_cat-sportne-nogavice","product_cat-unisex","product_tag-polar","product_tag-sport"],"bundled_by":[],"bundle_stock_status":"instock","bundle_stock_quantity":null,"bundle_virtual":false,"bundle_layout":"","bundle_add_to_cart_form_location":"","bundle_editable_in_cart":false,"bundle_sold_individually_context":"","bundle_item_grouping":"","bundle_min_size":"","bundle_max_size":"","bundled_items":[],"bundle_sell_ids":[],"aioseo_notices":[],"_links":{"self":[{"href":"https:\/\/www.polzela.com\/si\/wp-json\/wp\/v2\/product\/766","targetHints":{"allow":["GET"]}}],"collection":[{"href":"https:\/\/www.polzela.com\/si\/wp-json\/wp\/v2\/product"}],"about":[{"href":"https:\/\/www.polzela.com\/si\/wp-json\/wp\/v2\/types\/product"}],"replies":[{"embeddable":true,"href":"https:\/\/www.polzela.com\/si\/wp-json\/wp\/v2\/comments?post=766"}],"wp:featuredmedia":[{"embeddable":true,"href":"https:\/\/www.polzela.com\/si\/wp-json\/wp\/v2\/media\/1204"}],"wp:attachment":[{"href":"https:\/\/www.polzela.com\/si\/wp-json\/wp\/v2\/media?parent=766"}],"wp:term":[{"taxonomy":"product_cat","embeddable":true,"href":"https:\/\/www.polzela.com\/si\/wp-json\/wp\/v2\/product_cat?post=766"},{"taxonomy":"product_tag","embeddable":true,"href":"https:\/\/www.polzela.com\/si\/wp-json\/wp\/v2\/product_tag?post=766"}],"curies":[{"name":"wp","href":"https:\/\/api.w.org\/{rel}","templated":true}]}}