{"id":7603,"date":"2023-10-03T11:36:42","date_gmt":"2023-10-03T09:36:42","guid":{"rendered":"https:\/\/www.polzela.com\/si\/product\/zenske-hlacne-nogavice-iz-bomaza-sasa-40-den\/"},"modified":"2026-05-13T09:11:55","modified_gmt":"2026-05-13T07:11:55","slug":"zenske-hlacne-nogavice-iz-bombaza-sasa-40-den-art-4870","status":"publish","type":"product","link":"https:\/\/www.polzela.com\/si\/product\/zenske-hlacne-nogavice-iz-bombaza-sasa-40-den-art-4870\/","title":{"rendered":"\u017denske hla\u010dne nogavice iz bomba\u017ea SA\u0160A 40 den art.4870"},"content":{"rendered":"<h2><strong>\u017denske hla\u010dne nogavice iz bomba\u017ea SA\u0160A 40 den<\/strong><\/h2>\n<p>Gladke hla\u010dne nogavice iz bomba\u017ea in microvlaken primerne za hladne dni. Udoben rob, ki ne stiska.<\/p>\n","protected":false},"excerpt":{"rendered":"<p><strong>Opis izdelka:<\/strong><\/p>\n<p>Udobne in tople bomba\u017ene hla\u010dne nogavice art. 4870 z v\u0161itkom.<\/p>\n<p>Oja\u010dana peta in prsti.<\/p>\n<p><strong>Sestava<\/strong>: bomba\u017e 80%, \u00a0poliamid 18%, \u00a0elastan 2%.<\/p>\n<div class=\"mceTemp\"><\/div>\n[caption id=\"attachment_2380\" align=\"alignleft\" width=\"70\"]<img loading=\"lazy\" decoding=\"async\" class=\"wp-image-2380\" src=\"https:\/\/www.polzela.com\/si\/wp-content\/uploads\/sites\/2\/2016\/09\/PO_IKONA_SOFT_TOUCH-300x300.png\" alt=\"Izjemno mehko\" width=\"70\" height=\"70\" srcset=\"https:\/\/www.polzela.com\/si\/wp-content\/uploads\/sites\/2\/2016\/09\/PO_IKONA_SOFT_TOUCH-300x300.png 300w, https:\/\/www.polzela.com\/si\/wp-content\/uploads\/sites\/2\/2016\/09\/PO_IKONA_SOFT_TOUCH-150x150.png 150w, https:\/\/www.polzela.com\/si\/wp-content\/uploads\/sites\/2\/2016\/09\/PO_IKONA_SOFT_TOUCH-768x768.png 768w, https:\/\/www.polzela.com\/si\/wp-content\/uploads\/sites\/2\/2016\/09\/PO_IKONA_SOFT_TOUCH-90x90.png 90w, https:\/\/www.polzela.com\/si\/wp-content\/uploads\/sites\/2\/2016\/09\/PO_IKONA_SOFT_TOUCH.png 800w\" sizes=\"auto, (max-width: 70px) 100vw, 70px\" \/> Izjemno mehko[\/caption]\n[caption id=\"attachment_1535\" align=\"alignleft\" width=\"70\"]<img loading=\"lazy\" decoding=\"async\" class=\"wp-image-1535 size-full\" src=\"https:\/\/www.polzela.com\/si\/wp-content\/uploads\/sites\/2\/2016\/08\/COMFORT-ROBPAS-e1471331245423.jpg\" alt=\"Udoben pas\" width=\"70\" height=\"70\" \/> Udoben pas[\/caption]\n","protected":false},"featured_media":9235,"comment_status":"open","ping_status":"closed","template":"","meta":{"om_disable_all_campaigns":false,"_monsterinsights_skip_tracking":false,"_monsterinsights_sitenote_active":false,"_monsterinsights_sitenote_note":"","_monsterinsights_sitenote_category":0},"product_cat":[42,374],"product_tag":[604,857],"class_list":["post-7603","product","type-product","status-publish","has-post-thumbnail","hentry","product_cat-zenske","product_cat-hlacne-nogavice","product_tag-bombaz","product_tag-polzela"],"bundled_by":[],"bundle_stock_status":"instock","bundle_stock_quantity":null,"bundle_virtual":false,"bundle_layout":"","bundle_add_to_cart_form_location":"","bundle_editable_in_cart":false,"bundle_sold_individually_context":"","bundle_item_grouping":"","bundle_min_size":"","bundle_max_size":"","bundled_items":[],"bundle_sell_ids":[],"aioseo_notices":[],"_links":{"self":[{"href":"https:\/\/www.polzela.com\/si\/wp-json\/wp\/v2\/product\/7603","targetHints":{"allow":["GET"]}}],"collection":[{"href":"https:\/\/www.polzela.com\/si\/wp-json\/wp\/v2\/product"}],"about":[{"href":"https:\/\/www.polzela.com\/si\/wp-json\/wp\/v2\/types\/product"}],"replies":[{"embeddable":true,"href":"https:\/\/www.polzela.com\/si\/wp-json\/wp\/v2\/comments?post=7603"}],"wp:featuredmedia":[{"embeddable":true,"href":"https:\/\/www.polzela.com\/si\/wp-json\/wp\/v2\/media\/9235"}],"wp:attachment":[{"href":"https:\/\/www.polzela.com\/si\/wp-json\/wp\/v2\/media?parent=7603"}],"wp:term":[{"taxonomy":"product_cat","embeddable":true,"href":"https:\/\/www.polzela.com\/si\/wp-json\/wp\/v2\/product_cat?post=7603"},{"taxonomy":"product_tag","embeddable":true,"href":"https:\/\/www.polzela.com\/si\/wp-json\/wp\/v2\/product_tag?post=7603"}],"curies":[{"name":"wp","href":"https:\/\/api.w.org\/{rel}","templated":true}]}}