{"id":755,"date":"2016-06-01T14:27:58","date_gmt":"2016-06-01T12:27:58","guid":{"rendered":"https:\/\/www.polzela.com\/si\/?post_type=product&#038;p=755"},"modified":"2026-05-13T09:37:01","modified_gmt":"2026-05-13T07:37:01","slug":"sportna-nogavica-multisport-soft-2022-crna","status":"publish","type":"product","link":"https:\/\/www.polzela.com\/si\/product\/sportna-nogavica-multisport-soft-2022-crna\/","title":{"rendered":"Unisex \u0160portna nogavica -Multisport Soft (2022)"},"content":{"rendered":"<h2><strong>POLZELA Free Style Multisport Soft<\/strong><\/h2>\n<p>\u0160portne specialne nogavice Soft vsebujejo posebne vpletene materiale, ki zagotavljajo maksimalno trpe\u017enost in elasti\u010dnost nogavice. Nogavice so izjemno mehke in udobne za no\u0161enje.<\/p>\n<p>Dodatno oblazinjeni prsti in peta nudijo posebno za\u0161\u010dito in udobno po\u010dutje tudi pri ve\u010djih \u0161portnih obremenitvah.<br \/>\nPosebno pletenje poskrbi za ve\u010djo zra\u010dnost nogavice. Nogavice imajo izredno mehak in elasti\u010den rob, ki ne ti\u0161\u010di.<\/p>\n<p>Nogavice so izdelane iz posebnih specialnih prej, ki zagotavljajo vrhunsko udobje in za\u0161\u010dito.<br \/>\nCordura je specialna izjemno trpe\u017ena poliamidna preja, izdelana v Du Pontu. Uporablja se v \u0161portnih nogavicah v oja\u010ditvenih predelih za maksimalno trpe\u017enost nogavice. Pri ekstremnih obremenitvah se odli\u010dno ohranja in je enostavna za vzdr\u017eevanje.<br \/>\nMicrolon\u00ae je inovativna poliamidna mikropreja, super mehka, visoko elasti\u010dna in izjemno udobna z antialergijskim in antibakterijskim delovanjem. Nogavice zaradi vsebnosti specialne preje prepre\u010dujejo nastajanje neprijetnega vonja.<\/p>\n<p>Nogavice iz linije Multisport so narejene za najbolj zahtevne kupce, mo\u0161ke in \u017eenske. Uporabne so tako za vrhunske \u0161portnike kot tudi za rekreativce. Specialne kratke nogavice so primerne za vse vrste \u0161portnih aktivnosti, tek, tenis, kolesarjenje in \u0161tevilne druge \u0161portne u\u017eitke.<\/p>\n<p>Vsi uporabljeni materiali so zdravju in ko\u017ei prijazni. Oznaka EKO-TEX 100 kon\u010dnim uporabnikom predstavlja dodatne prednosti preverjene varnosti na ko\u017ei. Izdelki Polzela so okolju prijazni izdelki.<\/p>\n<p>&nbsp;<\/p>\n","protected":false},"excerpt":{"rendered":"<p><strong>Opis izdelka<\/strong><\/p>\n<p>Unisex 1\/6 Multisport nogavica pletena iz visoko kvalitetnih specialnih prej. Nogavica je izjemno trpe\u017ena tudi pri ve\u010djih obremenitvah. Primerna je tako za profesionalne \u0161portnike kot tudi za rekreativce.<\/p>\n<p><strong>Sestava:\u00a0<\/strong>42% microlon poliamid, 22% \u010desani bomba\u017e, 18% poliamid, 15% cordura poliamid, 3% elastan<\/p>\n[caption id=\"attachment_1505\" align=\"alignleft\" width=\"70\"]<img loading=\"lazy\" decoding=\"async\" class=\"size-full wp-image-1505\" src=\"https:\/\/www.polzela.com\/si\/wp-content\/uploads\/sites\/2\/2016\/05\/ANTIBAKTERIJSKO-e1471331298155.jpg\" alt=\"ANTIBAKTERIJSKO\" width=\"70\" height=\"70\" \/> Brez vonja[\/caption]\n[caption id=\"attachment_2380\" align=\"alignleft\" width=\"70\"]<img loading=\"lazy\" decoding=\"async\" class=\"wp-image-2380\" src=\"https:\/\/www.polzela.com\/si\/wp-content\/uploads\/sites\/2\/2016\/09\/PO_IKONA_SOFT_TOUCH-300x300.png\" alt=\"Izjemno mehko\" width=\"70\" height=\"70\" srcset=\"https:\/\/www.polzela.com\/si\/wp-content\/uploads\/sites\/2\/2016\/09\/PO_IKONA_SOFT_TOUCH-300x300.png 300w, https:\/\/www.polzela.com\/si\/wp-content\/uploads\/sites\/2\/2016\/09\/PO_IKONA_SOFT_TOUCH-150x150.png 150w, https:\/\/www.polzela.com\/si\/wp-content\/uploads\/sites\/2\/2016\/09\/PO_IKONA_SOFT_TOUCH-768x768.png 768w, https:\/\/www.polzela.com\/si\/wp-content\/uploads\/sites\/2\/2016\/09\/PO_IKONA_SOFT_TOUCH-90x90.png 90w, https:\/\/www.polzela.com\/si\/wp-content\/uploads\/sites\/2\/2016\/09\/PO_IKONA_SOFT_TOUCH.png 800w\" sizes=\"auto, (max-width: 70px) 100vw, 70px\" \/> Izjemno mehko[\/caption]\n[caption id=\"attachment_1506\" align=\"alignleft\" width=\"70\"]<img loading=\"lazy\" decoding=\"async\" class=\"size-full wp-image-1506\" src=\"https:\/\/www.polzela.com\/si\/wp-content\/uploads\/sites\/2\/2016\/07\/COMFORT-ROB-1.jpg\" alt=\"\" width=\"70\" height=\"70\" srcset=\"https:\/\/www.polzela.com\/si\/wp-content\/uploads\/sites\/2\/2016\/07\/COMFORT-ROB-1.jpg 1920w, https:\/\/www.polzela.com\/si\/wp-content\/uploads\/sites\/2\/2016\/07\/COMFORT-ROB-1-300x300.jpg 300w, https:\/\/www.polzela.com\/si\/wp-content\/uploads\/sites\/2\/2016\/07\/COMFORT-ROB-1-45x45.jpg 45w\" sizes=\"auto, (max-width: 70px) 100vw, 70px\" \/> Udoben rob[\/caption]\n","protected":false},"featured_media":757,"comment_status":"open","ping_status":"closed","template":"","meta":{"om_disable_all_campaigns":false,"_monsterinsights_skip_tracking":false,"_monsterinsights_sitenote_active":false,"_monsterinsights_sitenote_note":"","_monsterinsights_sitenote_category":0},"product_cat":[40,978,41],"product_tag":[684,868],"class_list":["post-755","product","type-product","status-publish","has-post-thumbnail","hentry","product_cat-sport","product_cat-sportne-nogavice","product_cat-unisex","product_tag-sport","product_tag-sport-nogavice"],"bundled_by":[],"bundle_stock_status":"instock","bundle_stock_quantity":null,"bundle_virtual":false,"bundle_layout":"","bundle_add_to_cart_form_location":"","bundle_editable_in_cart":false,"bundle_sold_individually_context":"","bundle_item_grouping":"","bundle_min_size":"","bundle_max_size":"","bundled_items":[],"bundle_sell_ids":[],"aioseo_notices":[],"_links":{"self":[{"href":"https:\/\/www.polzela.com\/si\/wp-json\/wp\/v2\/product\/755","targetHints":{"allow":["GET"]}}],"collection":[{"href":"https:\/\/www.polzela.com\/si\/wp-json\/wp\/v2\/product"}],"about":[{"href":"https:\/\/www.polzela.com\/si\/wp-json\/wp\/v2\/types\/product"}],"replies":[{"embeddable":true,"href":"https:\/\/www.polzela.com\/si\/wp-json\/wp\/v2\/comments?post=755"}],"wp:featuredmedia":[{"embeddable":true,"href":"https:\/\/www.polzela.com\/si\/wp-json\/wp\/v2\/media\/757"}],"wp:attachment":[{"href":"https:\/\/www.polzela.com\/si\/wp-json\/wp\/v2\/media?parent=755"}],"wp:term":[{"taxonomy":"product_cat","embeddable":true,"href":"https:\/\/www.polzela.com\/si\/wp-json\/wp\/v2\/product_cat?post=755"},{"taxonomy":"product_tag","embeddable":true,"href":"https:\/\/www.polzela.com\/si\/wp-json\/wp\/v2\/product_tag?post=755"}],"curies":[{"name":"wp","href":"https:\/\/api.w.org\/{rel}","templated":true}]}}