{"id":731,"date":"2016-05-18T17:04:35","date_gmt":"2016-05-18T15:04:35","guid":{"rendered":"https:\/\/www.polzela.com\/si\/?post_type=product&#038;p=731"},"modified":"2025-06-02T14:20:12","modified_gmt":"2025-06-02T12:20:12","slug":"free-style-multisport-2026-e60","status":"publish","type":"product","link":"https:\/\/www.polzela.com\/si\/product\/free-style-multisport-2026-e60\/","title":{"rendered":"\u0160portna nogavica Multisport (2026-E60) 43\/36"},"content":{"rendered":"<h2><strong>POLZELA FreeStyle Multisport<\/strong><\/h2>\n<p>Elasti\u010den pas v stopalu nogavice Multisport slu\u017ei ve\u010dji stabilnosti, nogavica ne drsi po nogi. Elasti\u010den dvojni rob in \u0161iv v prstih poskrbita za popolno udobje pri no\u0161enju.<\/p>\n<p>Q-skin je specialna izredno mehka poliamidna (PA66) multifilamentna preja z vgrajenimi srebrnimi ioni, odli\u010dna za uporabo v izdelkih, primernih za \u0161port in rekreacijo. Q-skin nogavice dihajo, se lepo prilegajo nogi\u00a0in\u00a0zagotavljajo\u00a0lahkoten ob\u010dutek pri no\u0161enju.<\/p>\n<p>Z uporabo preje dose\u017eemo ve\u010djo pro\u017enost in zra\u010dnost, permanentna antibakterijska za\u0161\u010dita zaradi vgrajenih srebrovih ionov prepre\u010duje nastajanje neprijetnega vonja.<\/p>\n<p>Uporabljeni materiali nogam zagotavljajo maksimalno za\u0161\u010dito tudi pri ekstremnih naporih.<\/p>\n<p>\u0160portna nogavica Multisport je prijetnega mehkega otipa in se lepo prilega nogi, primerna je tako za profesionalne kot tudi za rekreativne \u0161portnike. \u0160portna nogavica je izdelana v modnih barvah sezone.<\/p>\n<p>Vsi uporabljeni materiali so zdravju in ko\u017ei prijazni. Oznaka EKO-TEX 100 kon\u010dnim uporabnikom predstavlja dodatne prednosti preverjene varnosti na ko\u017ei. Izdelki Polzela so okolju prijazni izdelki.<\/p>\n","protected":false},"excerpt":{"rendered":"<p><strong>Opis izdelka:<\/strong><\/p>\n<p>\u0160portna nogavica Multisport \u0160portna nogavica Multisport je prijetnega mehkega otipa in se lepo prilega nogi, primerna je tako za profesionalne kot tudi za rekreativne \u0161portnike. \u0160portna nogavica je izdelana v modnih barvah sezone.<\/p>\n<div class=\"mceTemp\"><strong>Sestava:<\/strong> 57% Poliamid Q-skin, 40% Poliamid, 1% Polipropilen Dryarn<span class=\"gmail-s1\">\u00ae,\u00a0<\/span>2% Elastan<\/div>\n[caption id=\"attachment_1506\" align=\"alignleft\" width=\"70\"]<img loading=\"lazy\" decoding=\"async\" class=\"size-full wp-image-1506\" src=\"https:\/\/www.polzela.com\/si\/wp-content\/uploads\/sites\/2\/2016\/07\/COMFORT-ROB-1-e1471331294827.jpg\" alt=\"COMFORT ROB\" width=\"70\" height=\"70\" \/> Udoben rob[\/caption]\n[caption id=\"attachment_1505\" align=\"alignleft\" width=\"70\"]<img loading=\"lazy\" decoding=\"async\" class=\"size-full wp-image-1505\" src=\"https:\/\/www.polzela.com\/si\/wp-content\/uploads\/sites\/2\/2016\/05\/ANTIBAKTERIJSKO-e1471331298155.jpg\" alt=\"ANTIBAKTERIJSKO\" width=\"70\" height=\"70\" \/> Brez vonja[\/caption]\n","protected":false},"featured_media":732,"comment_status":"open","ping_status":"closed","template":"","meta":{"om_disable_all_campaigns":false,"_monsterinsights_skip_tracking":false,"_monsterinsights_sitenote_active":false,"_monsterinsights_sitenote_note":"","_monsterinsights_sitenote_category":0},"product_cat":[38,40,978],"product_tag":[684,868],"class_list":["post-731","product","type-product","status-publish","has-post-thumbnail","hentry","product_cat-moski","product_cat-sport","product_cat-sportne-nogavice","product_tag-sport","product_tag-sport-nogavice"],"bundled_by":[],"bundle_stock_status":"outofstock","bundle_stock_quantity":null,"bundle_virtual":false,"bundle_layout":"","bundle_add_to_cart_form_location":"","bundle_editable_in_cart":false,"bundle_sold_individually_context":"","bundle_item_grouping":"","bundle_min_size":"","bundle_max_size":"","bundled_items":[],"bundle_sell_ids":[],"aioseo_notices":[],"_links":{"self":[{"href":"https:\/\/www.polzela.com\/si\/wp-json\/wp\/v2\/product\/731","targetHints":{"allow":["GET"]}}],"collection":[{"href":"https:\/\/www.polzela.com\/si\/wp-json\/wp\/v2\/product"}],"about":[{"href":"https:\/\/www.polzela.com\/si\/wp-json\/wp\/v2\/types\/product"}],"replies":[{"embeddable":true,"href":"https:\/\/www.polzela.com\/si\/wp-json\/wp\/v2\/comments?post=731"}],"wp:featuredmedia":[{"embeddable":true,"href":"https:\/\/www.polzela.com\/si\/wp-json\/wp\/v2\/media\/732"}],"wp:attachment":[{"href":"https:\/\/www.polzela.com\/si\/wp-json\/wp\/v2\/media?parent=731"}],"wp:term":[{"taxonomy":"product_cat","embeddable":true,"href":"https:\/\/www.polzela.com\/si\/wp-json\/wp\/v2\/product_cat?post=731"},{"taxonomy":"product_tag","embeddable":true,"href":"https:\/\/www.polzela.com\/si\/wp-json\/wp\/v2\/product_tag?post=731"}],"curies":[{"name":"wp","href":"https:\/\/api.w.org\/{rel}","templated":true}]}}