{"id":67595,"date":"2026-05-07T11:52:40","date_gmt":"2026-05-07T09:52:40","guid":{"rendered":"https:\/\/www.polzela.com\/si\/?post_type=product&#038;p=67595"},"modified":"2026-05-07T11:54:58","modified_gmt":"2026-05-07T09:54:58","slug":"pierre-cardin-moske-kopalne-hlace-pca-1-fce-hom1","status":"publish","type":"product","link":"https:\/\/www.polzela.com\/si\/product\/pierre-cardin-moske-kopalne-hlace-pca-1-fce-hom1\/","title":{"rendered":"Pierre Cardin mo\u0161ke kopalne hla\u010de PCA\/1\/FCE\/HOM1"},"content":{"rendered":"","protected":false},"excerpt":{"rendered":"<p><strong>Opis izdelka<\/strong><\/p>\n<p>Kopalne hla\u010de <span class=\"hover:entity-accent entity-underline inline cursor-pointer align-baseline\"><span class=\"whitespace-normal\">Pierre Cardin<\/span><\/span> zdru\u017eujejo udobje, moderen videz in kakovostno izdelavo. Kratek kroj poskrbi za spro\u0161\u010den poletni stil, elasti\u010dna gumica v pasu pa omogo\u010da popolno prileganje in udobje pri no\u0161enju. Idealne so za pla\u017eo, bazen ali poletne aktivnosti ob vodi. Izdelane iz lahkega in hitro su\u0161e\u010dega materiala za brezskrbno u\u017eivanje v poletju.<\/p>\n<p><strong>Sestava: <\/strong>100% poliester<\/p>\n","protected":false},"featured_media":67600,"comment_status":"open","ping_status":"closed","template":"","meta":{"om_disable_all_campaigns":false,"_monsterinsights_skip_tracking":false,"_monsterinsights_sitenote_active":false,"_monsterinsights_sitenote_note":"","_monsterinsights_sitenote_category":0},"product_cat":[638,1045],"product_tag":[846,1295,845],"class_list":["post-67595","product","type-product","status-publish","has-post-thumbnail","hentry","product_cat-cas-je-za-kopalke","product_cat-moske-kopalne-hlace","product_tag-kopalke","product_tag-pierre-cardin","product_tag-swimwear"],"bundled_by":[],"bundle_stock_status":"instock","bundle_stock_quantity":null,"bundle_virtual":false,"bundle_layout":"","bundle_add_to_cart_form_location":"","bundle_editable_in_cart":false,"bundle_sold_individually_context":"","bundle_item_grouping":"","bundle_min_size":"","bundle_max_size":"","bundled_items":[],"bundle_sell_ids":[],"aioseo_notices":[],"_links":{"self":[{"href":"https:\/\/www.polzela.com\/si\/wp-json\/wp\/v2\/product\/67595","targetHints":{"allow":["GET"]}}],"collection":[{"href":"https:\/\/www.polzela.com\/si\/wp-json\/wp\/v2\/product"}],"about":[{"href":"https:\/\/www.polzela.com\/si\/wp-json\/wp\/v2\/types\/product"}],"replies":[{"embeddable":true,"href":"https:\/\/www.polzela.com\/si\/wp-json\/wp\/v2\/comments?post=67595"}],"wp:featuredmedia":[{"embeddable":true,"href":"https:\/\/www.polzela.com\/si\/wp-json\/wp\/v2\/media\/67600"}],"wp:attachment":[{"href":"https:\/\/www.polzela.com\/si\/wp-json\/wp\/v2\/media?parent=67595"}],"wp:term":[{"taxonomy":"product_cat","embeddable":true,"href":"https:\/\/www.polzela.com\/si\/wp-json\/wp\/v2\/product_cat?post=67595"},{"taxonomy":"product_tag","embeddable":true,"href":"https:\/\/www.polzela.com\/si\/wp-json\/wp\/v2\/product_tag?post=67595"}],"curies":[{"name":"wp","href":"https:\/\/api.w.org\/{rel}","templated":true}]}}