{"id":67502,"date":"2026-05-01T07:43:18","date_gmt":"2026-05-01T05:43:18","guid":{"rendered":"https:\/\/www.polzela.com\/si\/?post_type=product&#038;p=67502"},"modified":"2026-05-01T07:48:30","modified_gmt":"2026-05-01T05:48:30","slug":"ysabel-mora-obleka-iz-viskoze-in-lanu-art-86276","status":"publish","type":"product","link":"https:\/\/www.polzela.com\/si\/product\/ysabel-mora-obleka-iz-viskoze-in-lanu-art-86276\/","title":{"rendered":"Ysabel Mora obleka iz viskoze in lanu art. 86276"},"content":{"rendered":"","protected":false},"excerpt":{"rendered":"<section class=\"text-token-text-primary w-full focus:outline-none [--shadow-height:45px] has-data-writing-block:pointer-events-none has-data-writing-block:-mt-(--shadow-height) has-data-writing-block:pt-(--shadow-height) [&amp;:has([data-writing-block])&gt;*]:pointer-events-auto [content-visibility:auto] supports-[content-visibility:auto]:[contain-intrinsic-size:auto_100lvh] R6Vx5W_threadScrollVars scroll-mb-[calc(var(--scroll-root-safe-area-inset-bottom,0px)+var(--thread-response-height))] scroll-mt-[calc(var(--header-height)+min(200px,max(70px,20svh)))]\" dir=\"auto\" data-turn-id=\"request-WEB:51d9e0f7-5337-4e4e-86e5-d9077de3aca0-6\" data-testid=\"conversation-turn-14\" data-scroll-anchor=\"false\" data-turn=\"assistant\">\n<div class=\"text-base my-auto mx-auto pb-10 [--thread-content-margin:var(--thread-content-margin-xs,calc(var(--spacing)*4))] @w-sm\/main:[--thread-content-margin:var(--thread-content-margin-sm,calc(var(--spacing)*6))] @w-lg\/main:[--thread-content-margin:var(--thread-content-margin-lg,calc(var(--spacing)*16))] px-(--thread-content-margin)\">\n<div class=\"[--thread-content-max-width:40rem] @w-lg\/main:[--thread-content-max-width:48rem] mx-auto max-w-(--thread-content-max-width) flex-1 group\/turn-messages focus-visible:outline-hidden relative flex w-full min-w-0 flex-col agent-turn\">\n<div class=\"flex max-w-full flex-col gap-4 grow\">\n<div class=\"min-h-8 text-message relative flex w-full flex-col items-end gap-2 text-start break-words whitespace-normal outline-none keyboard-focused:focus-ring [.text-message+&amp;]:mt-1\" dir=\"auto\" data-message-author-role=\"assistant\" data-message-id=\"558ade0d-4dae-44ea-b268-c81ea43c794f\" data-message-model-slug=\"gpt-5-3-mini\" data-turn-start-message=\"true\">\n<div class=\"flex w-full flex-col gap-1 empty:hidden\">\n<div class=\"markdown prose dark:prose-invert w-full wrap-break-word light markdown-new-styling\">\n<p data-start=\"131\" data-end=\"357\">U\u017eivaj v poletju z dolgo, ravno krojeno obleko iz lanene me\u0161anice, ki zdru\u017euje preprostost, udobje in brez\u010dasen stil. Njena lahka in zra\u010dna struktura je idealna za vro\u010de dni, saj omogo\u010da prijeten ob\u010dutek sve\u017eine skozi ves dan.<\/p>\n<p data-start=\"359\" data-end=\"588\">Raven kroj lepo pada ob telesu in ustvarja spro\u0161\u010den, a urejen videz, ki ga lahko nosi\u0161 na pla\u017ei, sprehodu ali v mestu. Naravna lanena tekstura doda obleki pridih elegance in minimalisti\u010dne prefinjenosti, ki nikoli ne gre iz mode.<\/p>\n<p data-start=\"590\" data-end=\"801\">Mehak, elasti\u010den material iz viskoze in lanu zagotavlja udobje ter prijeten ob\u010dutek na ko\u017ei, hkrati pa ohranja lahkotnost in zra\u010dnost, ki sta klju\u010dni za poletno garderobo.<\/p>\n<p data-start=\"803\" data-end=\"817\"><strong data-start=\"803\" data-end=\"817\">Lastnosti:<\/strong><\/p>\n<ul data-start=\"818\" data-end=\"1027\">\n<li data-section-id=\"168eoi4\" data-start=\"818\" data-end=\"849\">dolga, ravna poletna obleka<\/li>\n<li data-section-id=\"1vnwaca\" data-start=\"850\" data-end=\"887\">lahka lanena me\u0161anica za zra\u010dnost<\/li>\n<li data-section-id=\"1868ira\" data-start=\"888\" data-end=\"913\">udoben, spro\u0161\u010den kroj<\/li>\n<li data-section-id=\"pg57cc\" data-start=\"914\" data-end=\"943\">mehka in prijetna tkanina<\/li>\n<li data-section-id=\"79m20a\" data-start=\"944\" data-end=\"990\">idealna za vsakodnevne poletne kombinacije<\/li>\n<li data-section-id=\"gdyc33\" data-start=\"991\" data-end=\"1027\">minimalisti\u010den, brez\u010dasen dizajn<\/li>\n<\/ul>\n<\/div>\n<\/div>\n<\/div>\n<\/div>\n<\/div>\n<\/div>\n<\/section>\n<p dir=\"ltr\" data-placeholder=\"Prevod\" data-ved=\"2ahUKEwiF3cSNkqWMAxUiwAIHHcvBCR0Q3ewLegQICBAV\" aria-label=\"Prevedeno besedilo: Kopalke ELOUISE na pla\u017ei pritegnejo pozornost. Srebrna zadrga, ki se lahko odpre, je prava pa\u0161a za o\u010di na pla\u017ei. ELOUISE je zdaj na voljo do I skodelice. Izdelan je iz visokokakovostnega materiala in zagotavlja popolno prileganje ter optimalno udobje. Obvezna oprema vsake elegantne in elegantne \u017eenske.\"><strong>Sestava: <\/strong>70% Viskoza, 18% Poliamid, 12% Lan<\/p>\n<p>&nbsp;<\/p>\n<p>&nbsp;<\/p>\n<p>&nbsp;<\/p>\n","protected":false},"featured_media":67496,"comment_status":"open","ping_status":"closed","template":"","meta":{"om_disable_all_campaigns":false,"_monsterinsights_skip_tracking":false,"_monsterinsights_sitenote_active":false,"_monsterinsights_sitenote_note":"","_monsterinsights_sitenote_category":0},"product_cat":[39,1326],"product_tag":[549,1121],"class_list":["post-67502","product","type-product","status-publish","has-post-thumbnail","hentry","product_cat-oblacila","product_cat-zenske-obleke","product_tag-obleka","product_tag-ysabel-mora"],"bundled_by":[],"bundle_stock_status":"instock","bundle_stock_quantity":null,"bundle_virtual":false,"bundle_layout":"","bundle_add_to_cart_form_location":"","bundle_editable_in_cart":false,"bundle_sold_individually_context":"","bundle_item_grouping":"","bundle_min_size":"","bundle_max_size":"","bundled_items":[],"bundle_sell_ids":[],"aioseo_notices":[],"_links":{"self":[{"href":"https:\/\/www.polzela.com\/si\/wp-json\/wp\/v2\/product\/67502","targetHints":{"allow":["GET"]}}],"collection":[{"href":"https:\/\/www.polzela.com\/si\/wp-json\/wp\/v2\/product"}],"about":[{"href":"https:\/\/www.polzela.com\/si\/wp-json\/wp\/v2\/types\/product"}],"replies":[{"embeddable":true,"href":"https:\/\/www.polzela.com\/si\/wp-json\/wp\/v2\/comments?post=67502"}],"wp:featuredmedia":[{"embeddable":true,"href":"https:\/\/www.polzela.com\/si\/wp-json\/wp\/v2\/media\/67496"}],"wp:attachment":[{"href":"https:\/\/www.polzela.com\/si\/wp-json\/wp\/v2\/media?parent=67502"}],"wp:term":[{"taxonomy":"product_cat","embeddable":true,"href":"https:\/\/www.polzela.com\/si\/wp-json\/wp\/v2\/product_cat?post=67502"},{"taxonomy":"product_tag","embeddable":true,"href":"https:\/\/www.polzela.com\/si\/wp-json\/wp\/v2\/product_tag?post=67502"}],"curies":[{"name":"wp","href":"https:\/\/api.w.org\/{rel}","templated":true}]}}