{"id":67491,"date":"2026-05-01T07:34:30","date_gmt":"2026-05-01T05:34:30","guid":{"rendered":"https:\/\/www.polzela.com\/si\/?post_type=product&#038;p=67491"},"modified":"2026-05-01T07:48:49","modified_gmt":"2026-05-01T05:48:49","slug":"yysabel-mora-lanena-obleka-art-86273","status":"publish","type":"product","link":"https:\/\/www.polzela.com\/si\/product\/yysabel-mora-lanena-obleka-art-86273\/","title":{"rendered":"Ysabel Mora obleka iz viskoze in lanu art. 86273"},"content":{"rendered":"","protected":false},"excerpt":{"rendered":"<section class=\"text-token-text-primary w-full focus:outline-none [--shadow-height:45px] has-data-writing-block:pointer-events-none has-data-writing-block:-mt-(--shadow-height) has-data-writing-block:pt-(--shadow-height) [&amp;:has([data-writing-block])&gt;*]:pointer-events-auto [content-visibility:auto] supports-[content-visibility:auto]:[contain-intrinsic-size:auto_100lvh] R6Vx5W_threadScrollVars scroll-mb-[calc(var(--scroll-root-safe-area-inset-bottom,0px)+var(--thread-response-height))] scroll-mt-[calc(var(--header-height)+min(200px,max(70px,20svh)))]\" dir=\"auto\" data-turn-id=\"request-WEB:51d9e0f7-5337-4e4e-86e5-d9077de3aca0-6\" data-testid=\"conversation-turn-14\" data-scroll-anchor=\"false\" data-turn=\"assistant\">\n<div class=\"text-base my-auto mx-auto pb-10 [--thread-content-margin:var(--thread-content-margin-xs,calc(var(--spacing)*4))] @w-sm\/main:[--thread-content-margin:var(--thread-content-margin-sm,calc(var(--spacing)*6))] @w-lg\/main:[--thread-content-margin:var(--thread-content-margin-lg,calc(var(--spacing)*16))] px-(--thread-content-margin)\">\n<div class=\"[--thread-content-max-width:40rem] @w-lg\/main:[--thread-content-max-width:48rem] mx-auto max-w-(--thread-content-max-width) flex-1 group\/turn-messages focus-visible:outline-hidden relative flex w-full min-w-0 flex-col agent-turn\">\n<div class=\"flex max-w-full flex-col gap-4 grow\">\n<div class=\"min-h-8 text-message relative flex w-full flex-col items-end gap-2 text-start break-words whitespace-normal outline-none keyboard-focused:focus-ring [.text-message+&amp;]:mt-1\" dir=\"auto\" data-message-author-role=\"assistant\" data-message-id=\"558ade0d-4dae-44ea-b268-c81ea43c794f\" data-message-model-slug=\"gpt-5-3-mini\" data-turn-start-message=\"true\">\n<div class=\"flex w-full flex-col gap-1 empty:hidden\">\n<div class=\"markdown prose dark:prose-invert w-full wrap-break-word light markdown-new-styling\">\n<p data-start=\"131\" data-end=\"360\">Odkrij popolno poletno obleko, ki zdru\u017euje naravne materiale, udobje in brez\u010dasen stil. Kratek kroj nad koleni poskrbi za lahkotnost in spro\u0161\u010den videz, ki je idealen za vro\u010de poletne dni, sprehode ob morju ali mestne kombinacije.<\/p>\n<p data-start=\"362\" data-end=\"646\">Narejena iz me\u0161anice lanu in viskoze, obleka deluje zra\u010dno, mehko in prijetno na ko\u017ei, hkrati pa ohranja eleganten, rahlo strukturiran videz. Nastavljivi, zavezani naramni trakovi omogo\u010dajo popolno prilagoditev in dodajo \u017eenstven, igriv detajl.<\/p>\n<p data-start=\"648\" data-end=\"798\">Spro\u0161\u010den kroj lepo pada ob telesu in zagotavlja svobodo gibanja, zato je ta obleka popolna izbira za vse prilo\u017enosti \u2013 od pla\u017ee do ve\u010dernega sprehoda.<\/p>\n<p data-start=\"800\" data-end=\"814\"><strong data-start=\"800\" data-end=\"814\">Lastnosti:<\/strong><\/p>\n<ul data-start=\"815\" data-end=\"1021\">\n<li data-section-id=\"1gtl5jy\" data-start=\"815\" data-end=\"850\">kratek, poletni kroj nad koleni<\/li>\n<li data-section-id=\"1vnwaca\" data-start=\"851\" data-end=\"888\">lahka lanena me\u0161anica za zra\u010dnost<\/li>\n<li data-section-id=\"8vvja1\" data-start=\"889\" data-end=\"929\">nastavljivi zavezani naramni trakovi<\/li>\n<li data-section-id=\"1je1elt\" data-start=\"930\" data-end=\"954\">udoben, spro\u0161\u010den fit<\/li>\n<li data-section-id=\"pg57cc\" data-start=\"955\" data-end=\"984\">mehka in prijetna tkanina<\/li>\n<li data-section-id=\"gdyc33\" data-start=\"985\" data-end=\"1021\">minimalisti\u010den, brez\u010dasen dizajn<\/li>\n<\/ul>\n<\/div>\n<\/div>\n<\/div>\n<\/div>\n<\/div>\n<\/div>\n<\/section>\n<p dir=\"ltr\" data-placeholder=\"Prevod\" data-ved=\"2ahUKEwiF3cSNkqWMAxUiwAIHHcvBCR0Q3ewLegQICBAV\" aria-label=\"Prevedeno besedilo: Kopalke ELOUISE na pla\u017ei pritegnejo pozornost. Srebrna zadrga, ki se lahko odpre, je prava pa\u0161a za o\u010di na pla\u017ei. ELOUISE je zdaj na voljo do I skodelice. Izdelan je iz visokokakovostnega materiala in zagotavlja popolno prileganje ter optimalno udobje. Obvezna oprema vsake elegantne in elegantne \u017eenske.\"><strong>Sestava: <\/strong>70% Viskoza, 18% Poliamid, 12% Lan<\/p>\n<p>&nbsp;<\/p>\n<p>&nbsp;<\/p>\n<p>&nbsp;<\/p>\n","protected":false},"featured_media":67501,"comment_status":"open","ping_status":"closed","template":"","meta":{"om_disable_all_campaigns":false,"_monsterinsights_skip_tracking":false,"_monsterinsights_sitenote_active":false,"_monsterinsights_sitenote_note":"","_monsterinsights_sitenote_category":0},"product_cat":[39,1326],"product_tag":[549,1121],"class_list":["post-67491","product","type-product","status-publish","has-post-thumbnail","hentry","product_cat-oblacila","product_cat-zenske-obleke","product_tag-obleka","product_tag-ysabel-mora"],"bundled_by":[],"bundle_stock_status":"instock","bundle_stock_quantity":null,"bundle_virtual":false,"bundle_layout":"","bundle_add_to_cart_form_location":"","bundle_editable_in_cart":false,"bundle_sold_individually_context":"","bundle_item_grouping":"","bundle_min_size":"","bundle_max_size":"","bundled_items":[],"bundle_sell_ids":[],"aioseo_notices":[],"_links":{"self":[{"href":"https:\/\/www.polzela.com\/si\/wp-json\/wp\/v2\/product\/67491","targetHints":{"allow":["GET"]}}],"collection":[{"href":"https:\/\/www.polzela.com\/si\/wp-json\/wp\/v2\/product"}],"about":[{"href":"https:\/\/www.polzela.com\/si\/wp-json\/wp\/v2\/types\/product"}],"replies":[{"embeddable":true,"href":"https:\/\/www.polzela.com\/si\/wp-json\/wp\/v2\/comments?post=67491"}],"wp:featuredmedia":[{"embeddable":true,"href":"https:\/\/www.polzela.com\/si\/wp-json\/wp\/v2\/media\/67501"}],"wp:attachment":[{"href":"https:\/\/www.polzela.com\/si\/wp-json\/wp\/v2\/media?parent=67491"}],"wp:term":[{"taxonomy":"product_cat","embeddable":true,"href":"https:\/\/www.polzela.com\/si\/wp-json\/wp\/v2\/product_cat?post=67491"},{"taxonomy":"product_tag","embeddable":true,"href":"https:\/\/www.polzela.com\/si\/wp-json\/wp\/v2\/product_tag?post=67491"}],"curies":[{"name":"wp","href":"https:\/\/api.w.org\/{rel}","templated":true}]}}