{"id":67483,"date":"2026-05-01T07:27:59","date_gmt":"2026-05-01T05:27:59","guid":{"rendered":"https:\/\/www.polzela.com\/si\/?post_type=product&#038;p=67483"},"modified":"2026-05-01T07:32:37","modified_gmt":"2026-05-01T05:32:37","slug":"ysabel-mora-top-tankini-art-83254","status":"publish","type":"product","link":"https:\/\/www.polzela.com\/si\/product\/ysabel-mora-top-tankini-art-83254\/","title":{"rendered":"Ysabel Mora top tankini art. 83254"},"content":{"rendered":"","protected":false},"excerpt":{"rendered":"<section class=\"text-token-text-primary w-full focus:outline-none [--shadow-height:45px] has-data-writing-block:pointer-events-none has-data-writing-block:-mt-(--shadow-height) has-data-writing-block:pt-(--shadow-height) [&amp;:has([data-writing-block])&gt;*]:pointer-events-auto [content-visibility:auto] supports-[content-visibility:auto]:[contain-intrinsic-size:auto_100lvh] R6Vx5W_threadScrollVars scroll-mb-[calc(var(--scroll-root-safe-area-inset-bottom,0px)+var(--thread-response-height))] scroll-mt-[calc(var(--header-height)+min(200px,max(70px,20svh)))]\" dir=\"auto\" data-turn-id=\"request-WEB:51d9e0f7-5337-4e4e-86e5-d9077de3aca0-6\" data-testid=\"conversation-turn-14\" data-scroll-anchor=\"false\" data-turn=\"assistant\">\n<div class=\"text-base my-auto mx-auto pb-10 [--thread-content-margin:var(--thread-content-margin-xs,calc(var(--spacing)*4))] @w-sm\/main:[--thread-content-margin:var(--thread-content-margin-sm,calc(var(--spacing)*6))] @w-lg\/main:[--thread-content-margin:var(--thread-content-margin-lg,calc(var(--spacing)*16))] px-(--thread-content-margin)\">\n<div class=\"[--thread-content-max-width:40rem] @w-lg\/main:[--thread-content-max-width:48rem] mx-auto max-w-(--thread-content-max-width) flex-1 group\/turn-messages focus-visible:outline-hidden relative flex w-full min-w-0 flex-col agent-turn\">\n<div class=\"flex max-w-full flex-col gap-4 grow\">\n<div class=\"min-h-8 text-message relative flex w-full flex-col items-end gap-2 text-start break-words whitespace-normal outline-none keyboard-focused:focus-ring [.text-message+&amp;]:mt-1\" dir=\"auto\" data-message-author-role=\"assistant\" data-message-id=\"558ade0d-4dae-44ea-b268-c81ea43c794f\" data-message-model-slug=\"gpt-5-3-mini\" data-turn-start-message=\"true\">\n<div class=\"flex w-full flex-col gap-1 empty:hidden\">\n<div class=\"markdown prose dark:prose-invert w-full wrap-break-word light markdown-new-styling\">\n<p data-start=\"152\" data-end=\"375\">Odkrij popolno kombinacijo udobja, pokritosti in \u017eenstvenega stila z elegantnim tankini kompletom v modri barvi. Ta model je idealen za vse, ki \u017eelijo ve\u010djo svobodo gibanja, hkrati pa oblikovalen u\u010dinek in zanesljivo oporo.<\/p>\n<p data-start=\"377\" data-end=\"618\">Zgornji del z v\u0161itim lokom (\u017eico) lepo oblikuje oprsje in nudi stabilno podporo, prilagojeno za cup C. Kompresijski u\u010dinek v predelu trebuha ne\u017eno zgladi silhueto in ustvari laskav, samozavesten videz.<\/p>\n<p data-start=\"620\" data-end=\"815\">Dalj\u0161i \u201ctankini\u201d kroj pokrije predel trebuha in omogo\u010da ve\u010djo samozavest pri no\u0161enju, medtem ko mehke, elasti\u010dne tkanine zagotavljajo udobje skozi ves dan.<\/p>\n<p data-start=\"817\" data-end=\"954\">Midi hla\u010dke dopolnjujejo komplet z optimalno pokritostjo in udobjem, zato je ta set odli\u010dna izbira za pla\u017eo, bazen ali wellness trenutke.<\/p>\n<p data-start=\"956\" data-end=\"970\"><strong data-start=\"956\" data-end=\"970\">Lastnosti:<\/strong><\/p>\n<ul data-start=\"971\" data-end=\"1254\">\n<li data-section-id=\"1i348xo\" data-start=\"971\" data-end=\"1010\">oblikovalni (reductor) u\u010dinek<\/li>\n<li data-section-id=\"nikimp\" data-start=\"1045\" data-end=\"1093\">zgornji del z lokom za dodatno oporo (cup C)<\/li>\n<li data-section-id=\"yzfuzm\" data-start=\"1094\" data-end=\"1135\">kompresijski u\u010dinek v predelu trebuha<\/li>\n<li data-section-id=\"1pl3tfc\" data-start=\"1136\" data-end=\"1166\">elasti\u010den, udoben material<\/li>\n<li data-section-id=\"83l3ua\" data-start=\"1167\" data-end=\"1210\">ve\u010dja pokritost in samozavesten ob\u010dutek<\/li>\n<li data-section-id=\"5v3z41\" data-start=\"1211\" data-end=\"1254\">klasi\u010dna modra barva za brez\u010dasen videz<\/li>\n<\/ul>\n<\/div>\n<\/div>\n<\/div>\n<\/div>\n<\/div>\n<\/div>\n<\/section>\n<p dir=\"ltr\" data-placeholder=\"Prevod\" data-ved=\"2ahUKEwiF3cSNkqWMAxUiwAIHHcvBCR0Q3ewLegQICBAV\" aria-label=\"Prevedeno besedilo: Kopalke ELOUISE na pla\u017ei pritegnejo pozornost. Srebrna zadrga, ki se lahko odpre, je prava pa\u0161a za o\u010di na pla\u017ei. ELOUISE je zdaj na voljo do I skodelice. Izdelan je iz visokokakovostnega materiala in zagotavlja popolno prileganje ter optimalno udobje. Obvezna oprema vsake elegantne in elegantne \u017eenske.\"><strong>Sestava: <\/strong>82% Poliamid, 18% Elastan<\/p>\n<p>&nbsp;<\/p>\n<p>&nbsp;<\/p>\n<p>&nbsp;<\/p>\n","protected":false},"featured_media":67490,"comment_status":"open","ping_status":"closed","template":"","meta":{"om_disable_all_campaigns":false,"_monsterinsights_skip_tracking":false,"_monsterinsights_sitenote_active":false,"_monsterinsights_sitenote_note":"","_monsterinsights_sitenote_category":0},"product_cat":[638,1044],"product_tag":[846,808,1121],"class_list":["post-67483","product","type-product","status-publish","has-post-thumbnail","hentry","product_cat-cas-je-za-kopalke","product_cat-zenske-kopalke","product_tag-kopalke","product_tag-swim","product_tag-ysabel-mora"],"bundled_by":[],"bundle_stock_status":"instock","bundle_stock_quantity":null,"bundle_virtual":false,"bundle_layout":"","bundle_add_to_cart_form_location":"","bundle_editable_in_cart":false,"bundle_sold_individually_context":"","bundle_item_grouping":"","bundle_min_size":"","bundle_max_size":"","bundled_items":[],"bundle_sell_ids":[],"aioseo_notices":[],"_links":{"self":[{"href":"https:\/\/www.polzela.com\/si\/wp-json\/wp\/v2\/product\/67483","targetHints":{"allow":["GET"]}}],"collection":[{"href":"https:\/\/www.polzela.com\/si\/wp-json\/wp\/v2\/product"}],"about":[{"href":"https:\/\/www.polzela.com\/si\/wp-json\/wp\/v2\/types\/product"}],"replies":[{"embeddable":true,"href":"https:\/\/www.polzela.com\/si\/wp-json\/wp\/v2\/comments?post=67483"}],"wp:featuredmedia":[{"embeddable":true,"href":"https:\/\/www.polzela.com\/si\/wp-json\/wp\/v2\/media\/67490"}],"wp:attachment":[{"href":"https:\/\/www.polzela.com\/si\/wp-json\/wp\/v2\/media?parent=67483"}],"wp:term":[{"taxonomy":"product_cat","embeddable":true,"href":"https:\/\/www.polzela.com\/si\/wp-json\/wp\/v2\/product_cat?post=67483"},{"taxonomy":"product_tag","embeddable":true,"href":"https:\/\/www.polzela.com\/si\/wp-json\/wp\/v2\/product_tag?post=67483"}],"curies":[{"name":"wp","href":"https:\/\/api.w.org\/{rel}","templated":true}]}}