{"id":67464,"date":"2026-05-01T07:15:16","date_gmt":"2026-05-01T05:15:16","guid":{"rendered":"https:\/\/www.polzela.com\/si\/?post_type=product&#038;p=67464"},"modified":"2026-05-01T07:22:03","modified_gmt":"2026-05-01T05:22:03","slug":"ysabel-mora-zgornji-del-kopalk-art-83370","status":"publish","type":"product","link":"https:\/\/www.polzela.com\/si\/product\/ysabel-mora-zgornji-del-kopalk-art-83370\/","title":{"rendered":"Ysabel Mora zgornji del kopalk art. 83370"},"content":{"rendered":"","protected":false},"excerpt":{"rendered":"<section class=\"text-token-text-primary w-full focus:outline-none [--shadow-height:45px] has-data-writing-block:pointer-events-none has-data-writing-block:-mt-(--shadow-height) has-data-writing-block:pt-(--shadow-height) [&amp;:has([data-writing-block])&gt;*]:pointer-events-auto [content-visibility:auto] supports-[content-visibility:auto]:[contain-intrinsic-size:auto_100lvh] R6Vx5W_threadScrollVars scroll-mb-[calc(var(--scroll-root-safe-area-inset-bottom,0px)+var(--thread-response-height))] scroll-mt-[calc(var(--header-height)+min(200px,max(70px,20svh)))]\" dir=\"auto\" data-turn-id=\"request-WEB:51d9e0f7-5337-4e4e-86e5-d9077de3aca0-6\" data-testid=\"conversation-turn-14\" data-scroll-anchor=\"false\" data-turn=\"assistant\">\n<div class=\"text-base my-auto mx-auto pb-10 [--thread-content-margin:var(--thread-content-margin-xs,calc(var(--spacing)*4))] @w-sm\/main:[--thread-content-margin:var(--thread-content-margin-sm,calc(var(--spacing)*6))] @w-lg\/main:[--thread-content-margin:var(--thread-content-margin-lg,calc(var(--spacing)*16))] px-(--thread-content-margin)\">\n<div class=\"[--thread-content-max-width:40rem] @w-lg\/main:[--thread-content-max-width:48rem] mx-auto max-w-(--thread-content-max-width) flex-1 group\/turn-messages focus-visible:outline-hidden relative flex w-full min-w-0 flex-col agent-turn\">\n<div class=\"flex max-w-full flex-col gap-4 grow\">\n<div class=\"min-h-8 text-message relative flex w-full flex-col items-end gap-2 text-start break-words whitespace-normal outline-none keyboard-focused:focus-ring [.text-message+&amp;]:mt-1\" dir=\"auto\" data-message-author-role=\"assistant\" data-message-id=\"558ade0d-4dae-44ea-b268-c81ea43c794f\" data-message-model-slug=\"gpt-5-3-mini\" data-turn-start-message=\"true\">\n<div class=\"flex w-full flex-col gap-1 empty:hidden\">\n<div class=\"markdown prose dark:prose-invert w-full wrap-break-word light markdown-new-styling\">\n<p data-start=\"163\" data-end=\"379\">U\u017eivaj v samozavesti in udobju z elegantnim dvodelnim bikinijem, ki zdru\u017euje oblikovalni u\u010dinek in brez\u010dasen dizajn. Modra barva doda sve\u017eino in sofisticiranost, medtem ko kroj poskrbi za lepo, uravnote\u017eeno silhueto.<\/p>\n<p data-start=\"381\" data-end=\"669\">Zgornji del z oporo (\u017eica) in brez polnila nudi naravno obliko ter stabilno podporo, posebej prilagojeno za ve\u010dje ko\u0161arice (cup D). Kompresijska struktura ne\u017eno oblikuje oprsje, hrbet in predel trebuha ter zagotavlja ob\u010dutek varnosti skozi ves dan.<\/p>\n<p data-start=\"878\" data-end=\"991\">Elasti\u010den, kakovosten material se popolnoma prilega telesu, se hitro su\u0161i in ohranja obliko tudi po ve\u010d no\u0161enjih.<\/p>\n<p data-start=\"993\" data-end=\"1007\"><strong data-start=\"993\" data-end=\"1007\">Lastnosti:<\/strong><\/p>\n<ul data-start=\"1008\" data-end=\"1271\">\n<li data-section-id=\"10tbbuz\" data-start=\"1008\" data-end=\"1062\">oblikovalni (reductor) u\u010dinek za vitkej\u0161o silhueto<\/li>\n<li data-section-id=\"18dodch\" data-start=\"1063\" data-end=\"1107\">zgornji del z oporo (\u017eica), brez polnila<\/li>\n<li data-section-id=\"xckxgy\" data-start=\"1108\" data-end=\"1148\">prilagojeno za ve\u010djo podporo (cup D)<\/li>\n<li data-section-id=\"753zka\" data-start=\"1149\" data-end=\"1196\">udoben, elasti\u010den material<\/li>\n<li data-section-id=\"5v3z41\" data-start=\"1228\" data-end=\"1271\">klasi\u010dna modra barva za brez\u010dasen videz<\/li>\n<\/ul>\n<\/div>\n<\/div>\n<\/div>\n<\/div>\n<\/div>\n<\/div>\n<\/section>\n<p dir=\"ltr\" data-placeholder=\"Prevod\" data-ved=\"2ahUKEwiF3cSNkqWMAxUiwAIHHcvBCR0Q3ewLegQICBAV\" aria-label=\"Prevedeno besedilo: Kopalke ELOUISE na pla\u017ei pritegnejo pozornost. Srebrna zadrga, ki se lahko odpre, je prava pa\u0161a za o\u010di na pla\u017ei. ELOUISE je zdaj na voljo do I skodelice. Izdelan je iz visokokakovostnega materiala in zagotavlja popolno prileganje ter optimalno udobje. Obvezna oprema vsake elegantne in elegantne \u017eenske.\"><strong>Sestava: <\/strong>84% Poliamid, 16% Elastan<\/p>\n<p>&nbsp;<\/p>\n<p>&nbsp;<\/p>\n<p>&nbsp;<\/p>\n","protected":false},"featured_media":67470,"comment_status":"open","ping_status":"closed","template":"","meta":{"om_disable_all_campaigns":false,"_monsterinsights_skip_tracking":false,"_monsterinsights_sitenote_active":false,"_monsterinsights_sitenote_note":"","_monsterinsights_sitenote_category":0},"product_cat":[638,1044],"product_tag":[846,808,1121],"class_list":["post-67464","product","type-product","status-publish","has-post-thumbnail","hentry","product_cat-cas-je-za-kopalke","product_cat-zenske-kopalke","product_tag-kopalke","product_tag-swim","product_tag-ysabel-mora"],"bundled_by":[],"bundle_stock_status":"instock","bundle_stock_quantity":null,"bundle_virtual":false,"bundle_layout":"","bundle_add_to_cart_form_location":"","bundle_editable_in_cart":false,"bundle_sold_individually_context":"","bundle_item_grouping":"","bundle_min_size":"","bundle_max_size":"","bundled_items":[],"bundle_sell_ids":[],"aioseo_notices":[],"_links":{"self":[{"href":"https:\/\/www.polzela.com\/si\/wp-json\/wp\/v2\/product\/67464","targetHints":{"allow":["GET"]}}],"collection":[{"href":"https:\/\/www.polzela.com\/si\/wp-json\/wp\/v2\/product"}],"about":[{"href":"https:\/\/www.polzela.com\/si\/wp-json\/wp\/v2\/types\/product"}],"replies":[{"embeddable":true,"href":"https:\/\/www.polzela.com\/si\/wp-json\/wp\/v2\/comments?post=67464"}],"wp:featuredmedia":[{"embeddable":true,"href":"https:\/\/www.polzela.com\/si\/wp-json\/wp\/v2\/media\/67470"}],"wp:attachment":[{"href":"https:\/\/www.polzela.com\/si\/wp-json\/wp\/v2\/media?parent=67464"}],"wp:term":[{"taxonomy":"product_cat","embeddable":true,"href":"https:\/\/www.polzela.com\/si\/wp-json\/wp\/v2\/product_cat?post=67464"},{"taxonomy":"product_tag","embeddable":true,"href":"https:\/\/www.polzela.com\/si\/wp-json\/wp\/v2\/product_tag?post=67464"}],"curies":[{"name":"wp","href":"https:\/\/api.w.org\/{rel}","templated":true}]}}