{"id":67454,"date":"2026-05-01T07:08:35","date_gmt":"2026-05-01T05:08:35","guid":{"rendered":"https:\/\/www.polzela.com\/si\/?post_type=product&#038;p=67454"},"modified":"2026-05-01T07:14:04","modified_gmt":"2026-05-01T05:14:04","slug":"ysabel-mora-enodelne-kopalke-art-83433","status":"publish","type":"product","link":"https:\/\/www.polzela.com\/si\/product\/ysabel-mora-enodelne-kopalke-art-83433\/","title":{"rendered":"Ysabel Mora enodelne kopalke art. 83433"},"content":{"rendered":"","protected":false},"excerpt":{"rendered":"<p data-start=\"182\" data-end=\"415\">U\u017eivaj v popolni kombinaciji udobja, opore in \u017eenstvenega dizajna z enodelnimi kopalkami v elegantni modri barvi. Model z \u201cefecto cruzado\u201d (prekri\u017eanim dizajnom) opti\u010dno oblikuje postavo in ustvari lepo definirano, vitkej\u0161o silhueto.<\/p>\n<p data-start=\"417\" data-end=\"686\">Vgrajen oblikovalni (reductor) u\u010dinek z notranjo kompresijsko podlogo ne\u017eno zgladi predel trebuha ter poudari naravne obline. Mehka konstrukcija brez kostic omogo\u010da udobno no\u0161enje skozi ves dan, medtem ko odstranljive blazinice poskrbijo za prilagodljivo obliko oprsja.<\/p>\n<p data-start=\"688\" data-end=\"962\">Prekri\u017ean sprednji del ustvarja vizualni u\u010dinek zo\u017eitve pasu in dodaja moderen, dinami\u010den videz, ki je hkrati eleganten in zelo laskav za postavo. (<a class=\"decorated-link cursor-pointer\" target=\"_new\" rel=\"noopener\" data-start=\"836\" data-end=\"961\">ysabelmora.com<\/a>)<\/p>\n<p data-start=\"964\" data-end=\"978\"><strong data-start=\"964\" data-end=\"978\">Lastnosti:<\/strong><\/p>\n<ul data-start=\"979\" data-end=\"1320\">\n<li data-section-id=\"10tbbuz\" data-start=\"979\" data-end=\"1033\">oblikovalni (reductor) u\u010dinek za vitkej\u0161o silhueto<\/li>\n<li data-section-id=\"zscoew\" data-start=\"1034\" data-end=\"1085\">\u201cefecto cruzado\u201d dizajn za opti\u010dno zo\u017eanje pasu<\/li>\n<li data-section-id=\"lgns0d\" data-start=\"1086\" data-end=\"1133\">kompresijska podloga za oblikovanje trebuha<\/li>\n<li data-section-id=\"wy96nr\" data-start=\"1134\" data-end=\"1165\">brez kostic za ve\u010dje udobje<\/li>\n<li data-section-id=\"jvuwgi\" data-start=\"1166\" data-end=\"1215\">odstranljive blazinice za prilagodljivo oporo<\/li>\n<li data-section-id=\"15pmxme\" data-start=\"1216\" data-end=\"1267\">mehak, elasti\u010den material za popolno prileganje<\/li>\n<li data-section-id=\"1w0we3p\" data-start=\"1268\" data-end=\"1320\">elegantna modra barva za brez\u010dasen poletni videz<\/li>\n<\/ul>\n<p dir=\"ltr\" data-placeholder=\"Prevod\" data-ved=\"2ahUKEwiF3cSNkqWMAxUiwAIHHcvBCR0Q3ewLegQICBAV\" aria-label=\"Prevedeno besedilo: Kopalke ELOUISE na pla\u017ei pritegnejo pozornost. Srebrna zadrga, ki se lahko odpre, je prava pa\u0161a za o\u010di na pla\u017ei. ELOUISE je zdaj na voljo do I skodelice. Izdelan je iz visokokakovostnega materiala in zagotavlja popolno prileganje ter optimalno udobje. Obvezna oprema vsake elegantne in elegantne \u017eenske.\"><strong>Sestava: <\/strong>84% Poliamid, 16% Elastan<\/p>\n<p>&nbsp;<\/p>\n<p>&nbsp;<\/p>\n<p>&nbsp;<\/p>\n","protected":false},"featured_media":67460,"comment_status":"open","ping_status":"closed","template":"","meta":{"om_disable_all_campaigns":false,"_monsterinsights_skip_tracking":false,"_monsterinsights_sitenote_active":false,"_monsterinsights_sitenote_note":"","_monsterinsights_sitenote_category":0},"product_cat":[638,1044],"product_tag":[846,808,1121],"class_list":["post-67454","product","type-product","status-publish","has-post-thumbnail","hentry","product_cat-cas-je-za-kopalke","product_cat-zenske-kopalke","product_tag-kopalke","product_tag-swim","product_tag-ysabel-mora"],"bundled_by":[],"bundle_stock_status":"instock","bundle_stock_quantity":null,"bundle_virtual":false,"bundle_layout":"","bundle_add_to_cart_form_location":"","bundle_editable_in_cart":false,"bundle_sold_individually_context":"","bundle_item_grouping":"","bundle_min_size":"","bundle_max_size":"","bundled_items":[],"bundle_sell_ids":[],"aioseo_notices":[],"_links":{"self":[{"href":"https:\/\/www.polzela.com\/si\/wp-json\/wp\/v2\/product\/67454","targetHints":{"allow":["GET"]}}],"collection":[{"href":"https:\/\/www.polzela.com\/si\/wp-json\/wp\/v2\/product"}],"about":[{"href":"https:\/\/www.polzela.com\/si\/wp-json\/wp\/v2\/types\/product"}],"replies":[{"embeddable":true,"href":"https:\/\/www.polzela.com\/si\/wp-json\/wp\/v2\/comments?post=67454"}],"wp:featuredmedia":[{"embeddable":true,"href":"https:\/\/www.polzela.com\/si\/wp-json\/wp\/v2\/media\/67460"}],"wp:attachment":[{"href":"https:\/\/www.polzela.com\/si\/wp-json\/wp\/v2\/media?parent=67454"}],"wp:term":[{"taxonomy":"product_cat","embeddable":true,"href":"https:\/\/www.polzela.com\/si\/wp-json\/wp\/v2\/product_cat?post=67454"},{"taxonomy":"product_tag","embeddable":true,"href":"https:\/\/www.polzela.com\/si\/wp-json\/wp\/v2\/product_tag?post=67454"}],"curies":[{"name":"wp","href":"https:\/\/api.w.org\/{rel}","templated":true}]}}