{"id":67446,"date":"2026-05-01T07:01:44","date_gmt":"2026-05-01T05:01:44","guid":{"rendered":"https:\/\/www.polzela.com\/si\/?post_type=product&#038;p=67446"},"modified":"2026-05-01T07:06:52","modified_gmt":"2026-05-01T05:06:52","slug":"ysabel-mora-enodelne-kopalke-art-83253","status":"publish","type":"product","link":"https:\/\/www.polzela.com\/si\/product\/ysabel-mora-enodelne-kopalke-art-83253\/","title":{"rendered":"Ysabel Mora enodelne kopalke art. 83253"},"content":{"rendered":"","protected":false},"excerpt":{"rendered":"<p data-start=\"205\" data-end=\"496\">Poudari svojo postavo z elegantnimi enodelnimi kopalkami, ki zdru\u017eujejo \u017eenstven cvetli\u010dni vzorec in funkcionalno oporo za popolno udobje. Model z oblikovalnim (reductor) u\u010dinkom ne\u017eno oblikuje silhueto, medtem ko romanti\u010den modri cvetli\u010dni potisk poskrbi za sve\u017e in brez\u010dasen poletni videz.<\/p>\n<p data-start=\"498\" data-end=\"808\">Kopalke imajo v\u0161it lok (oporo z \u017eico), ki zagotavlja dodatno stabilnost in lepo oblikuje oprsje \u2013 idealna izbira za ve\u010dje ko\u0161arice (cup D). Notranja kompresijska podloga poskrbi za zmeren oblikovalni u\u010dinek v predelu trebuha in ustvarja gladko, definirano linijo telesa.<\/p>\n<p data-start=\"810\" data-end=\"986\">Fiksne blazinice dodatno poudarijo obliko, medtem ko kakovosten, raztegljiv material omogo\u010da popolno prileganje in udobje skozi ves dan.<\/p>\n<p data-start=\"988\" data-end=\"1002\"><strong data-start=\"988\" data-end=\"1002\">Lastnosti:<\/strong><\/p>\n<ul data-start=\"1003\" data-end=\"1310\">\n<li data-section-id=\"1dcy9ks\" data-start=\"1003\" data-end=\"1054\">oblikovalni (reductor) u\u010dinek za vitkej\u0161i videz<\/li>\n<li data-section-id=\"u4t6cr\" data-start=\"1055\" data-end=\"1111\">v\u0161it lok (opora z \u017eico) za optimalno podporo (cup D)<\/li>\n<li data-section-id=\"1rhnfpq\" data-start=\"1112\" data-end=\"1168\">notranja kompresijska podloga za oblikovanje trebuha<\/li>\n<li data-section-id=\"s9x2fw\" data-start=\"1169\" data-end=\"1212\">fiksne blazinice za lep\u0161o obliko oprsja<\/li>\n<li data-section-id=\"vklv63\" data-start=\"1213\" data-end=\"1265\">elasti\u010den, udoben material za popolno prileganje<\/li>\n<li data-section-id=\"cp1g4q\" data-start=\"1266\" data-end=\"1310\">eleganten cvetli\u010dni vzorec v modri barvi<\/li>\n<\/ul>\n<p dir=\"ltr\" data-placeholder=\"Prevod\" data-ved=\"2ahUKEwiF3cSNkqWMAxUiwAIHHcvBCR0Q3ewLegQICBAV\" aria-label=\"Prevedeno besedilo: Kopalke ELOUISE na pla\u017ei pritegnejo pozornost. Srebrna zadrga, ki se lahko odpre, je prava pa\u0161a za o\u010di na pla\u017ei. ELOUISE je zdaj na voljo do I skodelice. Izdelan je iz visokokakovostnega materiala in zagotavlja popolno prileganje ter optimalno udobje. Obvezna oprema vsake elegantne in elegantne \u017eenske.\"><strong>Sestava: <\/strong>82% Poliamid, 18% Elastan<\/p>\n<p>&nbsp;<\/p>\n<p>&nbsp;<\/p>\n<p>&nbsp;<\/p>\n","protected":false},"featured_media":67452,"comment_status":"open","ping_status":"closed","template":"","meta":{"om_disable_all_campaigns":false,"_monsterinsights_skip_tracking":false,"_monsterinsights_sitenote_active":false,"_monsterinsights_sitenote_note":"","_monsterinsights_sitenote_category":0},"product_cat":[638,1044],"product_tag":[846,808,1121],"class_list":["post-67446","product","type-product","status-publish","has-post-thumbnail","hentry","product_cat-cas-je-za-kopalke","product_cat-zenske-kopalke","product_tag-kopalke","product_tag-swim","product_tag-ysabel-mora"],"bundled_by":[],"bundle_stock_status":"instock","bundle_stock_quantity":null,"bundle_virtual":false,"bundle_layout":"","bundle_add_to_cart_form_location":"","bundle_editable_in_cart":false,"bundle_sold_individually_context":"","bundle_item_grouping":"","bundle_min_size":"","bundle_max_size":"","bundled_items":[],"bundle_sell_ids":[],"aioseo_notices":[],"_links":{"self":[{"href":"https:\/\/www.polzela.com\/si\/wp-json\/wp\/v2\/product\/67446","targetHints":{"allow":["GET"]}}],"collection":[{"href":"https:\/\/www.polzela.com\/si\/wp-json\/wp\/v2\/product"}],"about":[{"href":"https:\/\/www.polzela.com\/si\/wp-json\/wp\/v2\/types\/product"}],"replies":[{"embeddable":true,"href":"https:\/\/www.polzela.com\/si\/wp-json\/wp\/v2\/comments?post=67446"}],"wp:featuredmedia":[{"embeddable":true,"href":"https:\/\/www.polzela.com\/si\/wp-json\/wp\/v2\/media\/67452"}],"wp:attachment":[{"href":"https:\/\/www.polzela.com\/si\/wp-json\/wp\/v2\/media?parent=67446"}],"wp:term":[{"taxonomy":"product_cat","embeddable":true,"href":"https:\/\/www.polzela.com\/si\/wp-json\/wp\/v2\/product_cat?post=67446"},{"taxonomy":"product_tag","embeddable":true,"href":"https:\/\/www.polzela.com\/si\/wp-json\/wp\/v2\/product_tag?post=67446"}],"curies":[{"name":"wp","href":"https:\/\/api.w.org\/{rel}","templated":true}]}}