{"id":67432,"date":"2026-05-01T06:45:55","date_gmt":"2026-05-01T04:45:55","guid":{"rendered":"https:\/\/www.polzela.com\/si\/?post_type=product&#038;p=67432"},"modified":"2026-05-01T06:56:10","modified_gmt":"2026-05-01T04:56:10","slug":"ysabel-mora-enodelne-kopalke-art-83472","status":"publish","type":"product","link":"https:\/\/www.polzela.com\/si\/product\/ysabel-mora-enodelne-kopalke-art-83472\/","title":{"rendered":"Ysabel Mora enodelne kopalke art. 83472"},"content":{"rendered":"","protected":false},"excerpt":{"rendered":"<p data-start=\"197\" data-end=\"425\">Ustvari popolno silhueto z elegantnimi enodelnimi kopalkami v prefinjeni slonoko\u0161\u010deni barvi. Model z oblikovalnim (reductor) u\u010dinkom ne\u017eno oblikuje postavo in poudari tvoje naravne obline, hkrati pa zagotavlja maksimalno udobje.<\/p>\n<p data-start=\"427\" data-end=\"764\">Posebna kompresijska podloga pomaga zgladiti predel trebuha ter opti\u010dno zo\u017ea postavo, zato se bo\u0161 po\u010dutila samozavestno v vsakem trenutku. <br data-start=\"603\" data-end=\"606\" \/>Mehke, odstranljive blazinice dodatno oblikujejo oprsje, medtem ko dizajn brez kostic omogo\u010da popolno svobodo gibanja.<\/p>\n<p data-start=\"766\" data-end=\"944\">Kopalke so izdelane iz kakovostnega, raztegljivega materiala, ki se lepo prilega telesu in zagotavlja dolgotrajno udobje \u2013 idealna izbira za pla\u017eo, bazen ali wellness razvajanje.<\/p>\n<p data-start=\"946\" data-end=\"960\"><strong data-start=\"946\" data-end=\"960\">Lastnosti:<\/strong><\/p>\n<ul data-start=\"961\" data-end=\"1245\">\n<li data-section-id=\"1dcy9ks\" data-start=\"961\" data-end=\"1012\">oblikovalni (reductor) u\u010dinek za vitkej\u0161i videz<\/li>\n<li data-section-id=\"lgns0d\" data-start=\"1013\" data-end=\"1060\">kompresijska podloga za oblikovanje trebuha<\/li>\n<li data-section-id=\"wy96nr\" data-start=\"1061\" data-end=\"1092\">brez kostic za ve\u010dje udobje<\/li>\n<li data-section-id=\"jvuwgi\" data-start=\"1093\" data-end=\"1142\">odstranljive blazinice za prilagodljivo oporo<\/li>\n<li data-section-id=\"1ow01lb\" data-start=\"1143\" data-end=\"1193\">mehka, elasti\u010dna tkanina za popolno prileganje<\/li>\n<li data-section-id=\"1ae0cee\" data-start=\"1194\" data-end=\"1245\">elegantna slonoko\u0161\u010dena barva za brez\u010dasen videz<\/li>\n<\/ul>\n<p dir=\"ltr\" data-placeholder=\"Prevod\" data-ved=\"2ahUKEwiF3cSNkqWMAxUiwAIHHcvBCR0Q3ewLegQICBAV\" aria-label=\"Prevedeno besedilo: Kopalke ELOUISE na pla\u017ei pritegnejo pozornost. Srebrna zadrga, ki se lahko odpre, je prava pa\u0161a za o\u010di na pla\u017ei. ELOUISE je zdaj na voljo do I skodelice. Izdelan je iz visokokakovostnega materiala in zagotavlja popolno prileganje ter optimalno udobje. Obvezna oprema vsake elegantne in elegantne \u017eenske.\"><strong>Sestava: <\/strong>82% Poliamid, 18% Elastan<\/p>\n<p>&nbsp;<\/p>\n<p>&nbsp;<\/p>\n<p>&nbsp;<\/p>\n","protected":false},"featured_media":67436,"comment_status":"open","ping_status":"closed","template":"","meta":{"om_disable_all_campaigns":false,"_monsterinsights_skip_tracking":false,"_monsterinsights_sitenote_active":false,"_monsterinsights_sitenote_note":"","_monsterinsights_sitenote_category":0},"product_cat":[638,1044],"product_tag":[846,808,1121],"class_list":["post-67432","product","type-product","status-publish","has-post-thumbnail","hentry","product_cat-cas-je-za-kopalke","product_cat-zenske-kopalke","product_tag-kopalke","product_tag-swim","product_tag-ysabel-mora"],"bundled_by":[],"bundle_stock_status":"instock","bundle_stock_quantity":null,"bundle_virtual":false,"bundle_layout":"","bundle_add_to_cart_form_location":"","bundle_editable_in_cart":false,"bundle_sold_individually_context":"","bundle_item_grouping":"","bundle_min_size":"","bundle_max_size":"","bundled_items":[],"bundle_sell_ids":[],"aioseo_notices":[],"_links":{"self":[{"href":"https:\/\/www.polzela.com\/si\/wp-json\/wp\/v2\/product\/67432","targetHints":{"allow":["GET"]}}],"collection":[{"href":"https:\/\/www.polzela.com\/si\/wp-json\/wp\/v2\/product"}],"about":[{"href":"https:\/\/www.polzela.com\/si\/wp-json\/wp\/v2\/types\/product"}],"replies":[{"embeddable":true,"href":"https:\/\/www.polzela.com\/si\/wp-json\/wp\/v2\/comments?post=67432"}],"wp:featuredmedia":[{"embeddable":true,"href":"https:\/\/www.polzela.com\/si\/wp-json\/wp\/v2\/media\/67436"}],"wp:attachment":[{"href":"https:\/\/www.polzela.com\/si\/wp-json\/wp\/v2\/media?parent=67432"}],"wp:term":[{"taxonomy":"product_cat","embeddable":true,"href":"https:\/\/www.polzela.com\/si\/wp-json\/wp\/v2\/product_cat?post=67432"},{"taxonomy":"product_tag","embeddable":true,"href":"https:\/\/www.polzela.com\/si\/wp-json\/wp\/v2\/product_tag?post=67432"}],"curies":[{"name":"wp","href":"https:\/\/api.w.org\/{rel}","templated":true}]}}