{"id":67425,"date":"2026-05-01T06:43:21","date_gmt":"2026-05-01T04:43:21","guid":{"rendered":"https:\/\/www.polzela.com\/si\/?post_type=product&#038;p=67425"},"modified":"2026-05-01T07:00:07","modified_gmt":"2026-05-01T05:00:07","slug":"ysabel-mora-enodelne-kopalke-art-83187-2","status":"publish","type":"product","link":"https:\/\/www.polzela.com\/si\/product\/ysabel-mora-enodelne-kopalke-art-83187-2\/","title":{"rendered":"Ysabel Mora enodelne kopalke art. 83187"},"content":{"rendered":"","protected":false},"excerpt":{"rendered":"<p data-start=\"200\" data-end=\"458\">Poudari svojo \u017eenstvenost s prefinjenimi enodelnimi kopalkami, ki zdru\u017eujejo zapeljiv dizajn in popolno udobje. Globok dekolte subtilno izpostavi linijo oprsja, medtem ko teksturiran, rahlo prosojen pleten (calado) material ustvarja moden in eleganten videz.<\/p>\n<p data-start=\"460\" data-end=\"781\">Kopalke so zasnovane brez kostic, kar omogo\u010da popolno svobodo gibanja, hkrati pa odstranljive blazinice nudijo prilagodljivo oporo in oblikovanje. Mehak, raztegljiv material se lepo prilega telesu in poudari silhueto, zato so idealna izbira za spro\u0161\u010dene dni na pla\u017ei ali ob bazenu.<\/p>\n<p data-start=\"783\" data-end=\"878\">Slonoko\u0161\u010dena barva doda pridih naravne sofisticiranosti in se odli\u010dno poda k son\u010dni zagorelosti.<\/p>\n<p data-start=\"880\" data-end=\"894\"><strong data-start=\"880\" data-end=\"894\">Lastnosti:<\/strong><\/p>\n<ul data-start=\"895\" data-end=\"1139\">\n<li data-section-id=\"1w7kzyb\" data-start=\"895\" data-end=\"944\">globok V-izrez za eleganten in \u017eenstven videz<\/li>\n<li data-section-id=\"14nbd0a\" data-start=\"945\" data-end=\"981\">brez kostic za maksimalno udobje<\/li>\n<li data-section-id=\"jvuwgi\" data-start=\"982\" data-end=\"1031\">odstranljive blazinice za prilagodljivo oporo<\/li>\n<li data-section-id=\"1it32xi\" data-start=\"1032\" data-end=\"1079\">moderen teksturiran material (calado videz)<\/li>\n<li data-section-id=\"ny63fk\" data-start=\"1080\" data-end=\"1139\">prijeten, elasti\u010den material, ki se lepo prilega telesu<\/li>\n<\/ul>\n<p dir=\"ltr\" data-placeholder=\"Prevod\" data-ved=\"2ahUKEwiF3cSNkqWMAxUiwAIHHcvBCR0Q3ewLegQICBAV\" aria-label=\"Prevedeno besedilo: Kopalke ELOUISE na pla\u017ei pritegnejo pozornost. Srebrna zadrga, ki se lahko odpre, je prava pa\u0161a za o\u010di na pla\u017ei. ELOUISE je zdaj na voljo do I skodelice. Izdelan je iz visokokakovostnega materiala in zagotavlja popolno prileganje ter optimalno udobje. Obvezna oprema vsake elegantne in elegantne \u017eenske.\"><strong>Sestava: <\/strong>84% Poliamid, 16% Elastan<\/p>\n<p>&nbsp;<\/p>\n<p>&nbsp;<\/p>\n<p>&nbsp;<\/p>\n","protected":false},"featured_media":67429,"comment_status":"open","ping_status":"closed","template":"","meta":{"om_disable_all_campaigns":false,"_monsterinsights_skip_tracking":false,"_monsterinsights_sitenote_active":false,"_monsterinsights_sitenote_note":"","_monsterinsights_sitenote_category":0},"product_cat":[638,1044],"product_tag":[846,808,1121],"class_list":["post-67425","product","type-product","status-publish","has-post-thumbnail","hentry","product_cat-cas-je-za-kopalke","product_cat-zenske-kopalke","product_tag-kopalke","product_tag-swim","product_tag-ysabel-mora"],"bundled_by":[],"bundle_stock_status":"instock","bundle_stock_quantity":null,"bundle_virtual":false,"bundle_layout":"","bundle_add_to_cart_form_location":"","bundle_editable_in_cart":false,"bundle_sold_individually_context":"","bundle_item_grouping":"","bundle_min_size":"","bundle_max_size":"","bundled_items":[],"bundle_sell_ids":[],"aioseo_notices":[],"_links":{"self":[{"href":"https:\/\/www.polzela.com\/si\/wp-json\/wp\/v2\/product\/67425","targetHints":{"allow":["GET"]}}],"collection":[{"href":"https:\/\/www.polzela.com\/si\/wp-json\/wp\/v2\/product"}],"about":[{"href":"https:\/\/www.polzela.com\/si\/wp-json\/wp\/v2\/types\/product"}],"replies":[{"embeddable":true,"href":"https:\/\/www.polzela.com\/si\/wp-json\/wp\/v2\/comments?post=67425"}],"wp:featuredmedia":[{"embeddable":true,"href":"https:\/\/www.polzela.com\/si\/wp-json\/wp\/v2\/media\/67429"}],"wp:attachment":[{"href":"https:\/\/www.polzela.com\/si\/wp-json\/wp\/v2\/media?parent=67425"}],"wp:term":[{"taxonomy":"product_cat","embeddable":true,"href":"https:\/\/www.polzela.com\/si\/wp-json\/wp\/v2\/product_cat?post=67425"},{"taxonomy":"product_tag","embeddable":true,"href":"https:\/\/www.polzela.com\/si\/wp-json\/wp\/v2\/product_tag?post=67425"}],"curies":[{"name":"wp","href":"https:\/\/api.w.org\/{rel}","templated":true}]}}