{"id":67263,"date":"2026-04-28T07:18:00","date_gmt":"2026-04-28T05:18:00","guid":{"rendered":"https:\/\/www.polzela.com\/si\/?post_type=product&#038;p=67263"},"modified":"2026-04-28T07:23:04","modified_gmt":"2026-04-28T05:23:04","slug":"ysabel-mora-enodelne-kopalke-art-83234","status":"publish","type":"product","link":"https:\/\/www.polzela.com\/si\/product\/ysabel-mora-enodelne-kopalke-art-83234\/","title":{"rendered":"Ysabel Mora enodelne kopalke art. 83234"},"content":{"rendered":"","protected":false},"excerpt":{"rendered":"<p data-start=\"0\" data-end=\"253\">Odkrijte popolne enodelne kopalke, ki elegantno oblikujejo postavo in poskrbijo za samozavesten videz na pla\u017ei ali ob bazenu. Model je zasnovan z mislijo na oblikovanje predela prsi in trebuha, zato ne\u017eno zgladi silhueto ter poudari va\u0161e naravne linije.<\/p>\n<p data-start=\"255\" data-end=\"507\">Zgornji del z oporo (\u017eico) brez dodatnega polnila diskretno zmanj\u0161a poudarjenost oprsja in zagotavlja naraven videz ter udobno podporo skozi ves dan. Nastavljive naramnice in ve\u010dpozicijsko zapenjanje na hrbtu omogo\u010dajo popolno prileganje va\u0161emu telesu.<\/p>\n<p data-start=\"509\" data-end=\"638\" data-is-last-node=\"\" data-is-only-node=\"\">Te kopalke so idealna izbira za spro\u0161\u010den, a urejen poletni videz, v katerem se boste po\u010dutili udobno, samozavestno in brezskrbno.<\/p>\n<p dir=\"ltr\" data-placeholder=\"Prevod\" data-ved=\"2ahUKEwiF3cSNkqWMAxUiwAIHHcvBCR0Q3ewLegQICBAV\" aria-label=\"Prevedeno besedilo: Kopalke ELOUISE na pla\u017ei pritegnejo pozornost. Srebrna zadrga, ki se lahko odpre, je prava pa\u0161a za o\u010di na pla\u017ei. ELOUISE je zdaj na voljo do I skodelice. Izdelan je iz visokokakovostnega materiala in zagotavlja popolno prileganje ter optimalno udobje. Obvezna oprema vsake elegantne in elegantne \u017eenske.\"><strong>Sestava: <\/strong>82% Poliamid, 12% Elastan<\/p>\n<p>&nbsp;<\/p>\n<p>&nbsp;<\/p>\n<p>&nbsp;<\/p>\n","protected":false},"featured_media":67268,"comment_status":"open","ping_status":"closed","template":"","meta":{"om_disable_all_campaigns":false,"_monsterinsights_skip_tracking":false,"_monsterinsights_sitenote_active":false,"_monsterinsights_sitenote_note":"","_monsterinsights_sitenote_category":0},"product_cat":[638,1044],"product_tag":[846,808,1121],"class_list":["post-67263","product","type-product","status-publish","has-post-thumbnail","hentry","product_cat-cas-je-za-kopalke","product_cat-zenske-kopalke","product_tag-kopalke","product_tag-swim","product_tag-ysabel-mora"],"bundled_by":[],"bundle_stock_status":"instock","bundle_stock_quantity":null,"bundle_virtual":false,"bundle_layout":"","bundle_add_to_cart_form_location":"","bundle_editable_in_cart":false,"bundle_sold_individually_context":"","bundle_item_grouping":"","bundle_min_size":"","bundle_max_size":"","bundled_items":[],"bundle_sell_ids":[],"aioseo_notices":[],"_links":{"self":[{"href":"https:\/\/www.polzela.com\/si\/wp-json\/wp\/v2\/product\/67263","targetHints":{"allow":["GET"]}}],"collection":[{"href":"https:\/\/www.polzela.com\/si\/wp-json\/wp\/v2\/product"}],"about":[{"href":"https:\/\/www.polzela.com\/si\/wp-json\/wp\/v2\/types\/product"}],"replies":[{"embeddable":true,"href":"https:\/\/www.polzela.com\/si\/wp-json\/wp\/v2\/comments?post=67263"}],"wp:featuredmedia":[{"embeddable":true,"href":"https:\/\/www.polzela.com\/si\/wp-json\/wp\/v2\/media\/67268"}],"wp:attachment":[{"href":"https:\/\/www.polzela.com\/si\/wp-json\/wp\/v2\/media?parent=67263"}],"wp:term":[{"taxonomy":"product_cat","embeddable":true,"href":"https:\/\/www.polzela.com\/si\/wp-json\/wp\/v2\/product_cat?post=67263"},{"taxonomy":"product_tag","embeddable":true,"href":"https:\/\/www.polzela.com\/si\/wp-json\/wp\/v2\/product_tag?post=67263"}],"curies":[{"name":"wp","href":"https:\/\/api.w.org\/{rel}","templated":true}]}}