{"id":67237,"date":"2026-04-24T14:39:40","date_gmt":"2026-04-24T12:39:40","guid":{"rendered":"https:\/\/www.polzela.com\/si\/?post_type=product&#038;p=67237"},"modified":"2026-04-28T07:23:41","modified_gmt":"2026-04-28T05:23:41","slug":"ysabel-mora-enodelne-kopalke-art-83233","status":"publish","type":"product","link":"https:\/\/www.polzela.com\/si\/product\/ysabel-mora-enodelne-kopalke-art-83233\/","title":{"rendered":"Ysabel Mora enodelne kopalke art. 83233"},"content":{"rendered":"","protected":false},"excerpt":{"rendered":"<p data-start=\"77\" data-end=\"193\">Elegantne enodelne kopalke z oblikovalnim u\u010dinkom, ki poskrbijo za lepo oblikovano silhueto in udobje skozi ves dan.<\/p>\n<h4 data-start=\"195\" data-end=\"213\"><span role=\"text\"><strong data-start=\"200\" data-end=\"213\">Lastnosti<\/strong><\/span><\/h4>\n<ul data-start=\"214\" data-end=\"535\">\n<li data-section-id=\"1yxq1dc\" data-start=\"214\" data-end=\"292\"><strong data-start=\"216\" data-end=\"256\">Oblikovalni u\u010dinek v predelu trebuha<\/strong>: ne\u017eno zgladi in oblikuje postavo<\/li>\n<li data-section-id=\"oph4xb\" data-start=\"293\" data-end=\"346\"><strong data-start=\"295\" data-end=\"320\">Zgornji del brez \u017eice<\/strong>: udoben in prilagodljiv<\/li>\n<li data-section-id=\"8ve0il\" data-start=\"347\" data-end=\"415\"><strong data-start=\"349\" data-end=\"374\">Odstranljive podlo\u017eke<\/strong>: omogo\u010dajo prilagojeno obliko in oporo<\/li>\n<li data-section-id=\"1no9ac2\" data-start=\"416\" data-end=\"468\"><strong data-start=\"418\" data-end=\"443\">Nastavljive naramnice<\/strong>: za popolno prileganje<\/li>\n<li data-section-id=\"cfe8l7\" data-start=\"469\" data-end=\"535\"><strong data-start=\"471\" data-end=\"501\">Udoben, elasti\u010den material<\/strong>: prijeten za celodnevno no\u0161enje<\/li>\n<\/ul>\n<p dir=\"ltr\" data-placeholder=\"Prevod\" data-ved=\"2ahUKEwiF3cSNkqWMAxUiwAIHHcvBCR0Q3ewLegQICBAV\" aria-label=\"Prevedeno besedilo: Kopalke ELOUISE na pla\u017ei pritegnejo pozornost. Srebrna zadrga, ki se lahko odpre, je prava pa\u0161a za o\u010di na pla\u017ei. ELOUISE je zdaj na voljo do I skodelice. Izdelan je iz visokokakovostnega materiala in zagotavlja popolno prileganje ter optimalno udobje. Obvezna oprema vsake elegantne in elegantne \u017eenske.\"><strong>Sestava: <\/strong>82% Poliamid, 12% Elastan<\/p>\n<p>&nbsp;<\/p>\n<p>&nbsp;<\/p>\n<p>&nbsp;<\/p>\n","protected":false},"featured_media":67243,"comment_status":"open","ping_status":"closed","template":"","meta":{"om_disable_all_campaigns":false,"_monsterinsights_skip_tracking":false,"_monsterinsights_sitenote_active":false,"_monsterinsights_sitenote_note":"","_monsterinsights_sitenote_category":0},"product_cat":[638,1044],"product_tag":[846,808,1121],"class_list":["post-67237","product","type-product","status-publish","has-post-thumbnail","hentry","product_cat-cas-je-za-kopalke","product_cat-zenske-kopalke","product_tag-kopalke","product_tag-swim","product_tag-ysabel-mora"],"bundled_by":[],"bundle_stock_status":"instock","bundle_stock_quantity":null,"bundle_virtual":false,"bundle_layout":"","bundle_add_to_cart_form_location":"","bundle_editable_in_cart":false,"bundle_sold_individually_context":"","bundle_item_grouping":"","bundle_min_size":"","bundle_max_size":"","bundled_items":[],"bundle_sell_ids":[],"aioseo_notices":[],"_links":{"self":[{"href":"https:\/\/www.polzela.com\/si\/wp-json\/wp\/v2\/product\/67237","targetHints":{"allow":["GET"]}}],"collection":[{"href":"https:\/\/www.polzela.com\/si\/wp-json\/wp\/v2\/product"}],"about":[{"href":"https:\/\/www.polzela.com\/si\/wp-json\/wp\/v2\/types\/product"}],"replies":[{"embeddable":true,"href":"https:\/\/www.polzela.com\/si\/wp-json\/wp\/v2\/comments?post=67237"}],"wp:featuredmedia":[{"embeddable":true,"href":"https:\/\/www.polzela.com\/si\/wp-json\/wp\/v2\/media\/67243"}],"wp:attachment":[{"href":"https:\/\/www.polzela.com\/si\/wp-json\/wp\/v2\/media?parent=67237"}],"wp:term":[{"taxonomy":"product_cat","embeddable":true,"href":"https:\/\/www.polzela.com\/si\/wp-json\/wp\/v2\/product_cat?post=67237"},{"taxonomy":"product_tag","embeddable":true,"href":"https:\/\/www.polzela.com\/si\/wp-json\/wp\/v2\/product_tag?post=67237"}],"curies":[{"name":"wp","href":"https:\/\/api.w.org\/{rel}","templated":true}]}}