{"id":67230,"date":"2026-04-24T14:31:06","date_gmt":"2026-04-24T12:31:06","guid":{"rendered":"https:\/\/www.polzela.com\/si\/?post_type=product&#038;p=67230"},"modified":"2026-04-24T14:35:01","modified_gmt":"2026-04-24T12:35:01","slug":"ysabel-mora-spodnji-del-kopalk-art-83230","status":"publish","type":"product","link":"https:\/\/www.polzela.com\/si\/product\/ysabel-mora-spodnji-del-kopalk-art-83230\/","title":{"rendered":"Ysabel Mora spodnji del kopalk art. 83230"},"content":{"rendered":"","protected":false},"excerpt":{"rendered":"<p data-start=\"74\" data-end=\"196\">Elegantne bikini hla\u010dke z visokim pasom in oblikovalnim u\u010dinkom, ki poskrbijo za udobje ter lepo in uravnote\u017eeno silhueto.<\/p>\n<h4 data-start=\"198\" data-end=\"216\"><span role=\"text\"><strong data-start=\"203\" data-end=\"216\">Lastnosti<\/strong><\/span><\/h4>\n<ul data-start=\"217\" data-end=\"548\">\n<li data-section-id=\"wyvx03\" data-start=\"217\" data-end=\"288\"><strong data-start=\"219\" data-end=\"257\">Oblikovalni u\u010dinek (tummy control)<\/strong>: ne\u017eno zgladi predel trebuha<\/li>\n<li data-section-id=\"1ih34jx\" data-start=\"289\" data-end=\"354\"><strong data-start=\"291\" data-end=\"304\">Visok pas<\/strong>: nudi dodatno oporo in opti\u010dno podalj\u0161a postavo<\/li>\n<li data-section-id=\"6knwdd\" data-start=\"355\" data-end=\"406\"><strong data-start=\"357\" data-end=\"372\">Udoben kroj<\/strong>: primeren za celodnevno no\u0161enje<\/li>\n<li data-section-id=\"1a5qf9g\" data-start=\"407\" data-end=\"459\"><strong data-start=\"409\" data-end=\"431\">Elasti\u010den material<\/strong>: se lepo prilagodi telesu<\/li>\n<li data-section-id=\"1mobgyr\" data-start=\"460\" data-end=\"548\"><strong data-start=\"462\" data-end=\"484\">Vsestranski dizajn<\/strong>: enostaven za kombiniranje z razli\u010dnimi bikini zgornjimi deli<\/li>\n<\/ul>\n<p dir=\"ltr\" data-placeholder=\"Prevod\" data-ved=\"2ahUKEwiF3cSNkqWMAxUiwAIHHcvBCR0Q3ewLegQICBAV\" aria-label=\"Prevedeno besedilo: Kopalke ELOUISE na pla\u017ei pritegnejo pozornost. Srebrna zadrga, ki se lahko odpre, je prava pa\u0161a za o\u010di na pla\u017ei. ELOUISE je zdaj na voljo do I skodelice. Izdelan je iz visokokakovostnega materiala in zagotavlja popolno prileganje ter optimalno udobje. Obvezna oprema vsake elegantne in elegantne \u017eenske.\"><strong>Sestava: <\/strong>82% Poliamid, 12% Elastan<\/p>\n<p>&nbsp;<\/p>\n<p>&nbsp;<\/p>\n<p>&nbsp;<\/p>\n","protected":false},"featured_media":67236,"comment_status":"open","ping_status":"closed","template":"","meta":{"om_disable_all_campaigns":false,"_monsterinsights_skip_tracking":false,"_monsterinsights_sitenote_active":false,"_monsterinsights_sitenote_note":"","_monsterinsights_sitenote_category":0},"product_cat":[638,1044],"product_tag":[846,808,1121],"class_list":["post-67230","product","type-product","status-publish","has-post-thumbnail","hentry","product_cat-cas-je-za-kopalke","product_cat-zenske-kopalke","product_tag-kopalke","product_tag-swim","product_tag-ysabel-mora"],"bundled_by":[],"bundle_stock_status":"instock","bundle_stock_quantity":null,"bundle_virtual":false,"bundle_layout":"","bundle_add_to_cart_form_location":"","bundle_editable_in_cart":false,"bundle_sold_individually_context":"","bundle_item_grouping":"","bundle_min_size":"","bundle_max_size":"","bundled_items":[],"bundle_sell_ids":[],"aioseo_notices":[],"_links":{"self":[{"href":"https:\/\/www.polzela.com\/si\/wp-json\/wp\/v2\/product\/67230","targetHints":{"allow":["GET"]}}],"collection":[{"href":"https:\/\/www.polzela.com\/si\/wp-json\/wp\/v2\/product"}],"about":[{"href":"https:\/\/www.polzela.com\/si\/wp-json\/wp\/v2\/types\/product"}],"replies":[{"embeddable":true,"href":"https:\/\/www.polzela.com\/si\/wp-json\/wp\/v2\/comments?post=67230"}],"wp:featuredmedia":[{"embeddable":true,"href":"https:\/\/www.polzela.com\/si\/wp-json\/wp\/v2\/media\/67236"}],"wp:attachment":[{"href":"https:\/\/www.polzela.com\/si\/wp-json\/wp\/v2\/media?parent=67230"}],"wp:term":[{"taxonomy":"product_cat","embeddable":true,"href":"https:\/\/www.polzela.com\/si\/wp-json\/wp\/v2\/product_cat?post=67230"},{"taxonomy":"product_tag","embeddable":true,"href":"https:\/\/www.polzela.com\/si\/wp-json\/wp\/v2\/product_tag?post=67230"}],"curies":[{"name":"wp","href":"https:\/\/api.w.org\/{rel}","templated":true}]}}