{"id":67222,"date":"2026-04-24T14:23:47","date_gmt":"2026-04-24T12:23:47","guid":{"rendered":"https:\/\/www.polzela.com\/si\/?post_type=product&#038;p=67222"},"modified":"2026-04-24T14:30:21","modified_gmt":"2026-04-24T12:30:21","slug":"ysabel-mora-zgornji-del-kopalk-art-83228","status":"publish","type":"product","link":"https:\/\/www.polzela.com\/si\/product\/ysabel-mora-zgornji-del-kopalk-art-83228\/","title":{"rendered":"Ysabel Mora zgornji del kopalk art. 83228"},"content":{"rendered":"","protected":false},"excerpt":{"rendered":"<p data-start=\"67\" data-end=\"211\">Funkcionalen bikini modr\u010dek, zasnovan za vizualno zmanj\u0161anje oprsja in bolj uravnote\u017eeno silhueto, hkrati pa zagotavlja odli\u010dno oporo in udobje.<\/p>\n<h4 data-start=\"213\" data-end=\"231\"><span role=\"text\"><strong data-start=\"218\" data-end=\"231\">Lastnosti<\/strong><\/span><\/h4>\n<ul data-start=\"232\" data-end=\"654\">\n<li data-section-id=\"f5wx85\" data-start=\"232\" data-end=\"310\"><strong data-start=\"234\" data-end=\"258\">Minimizirajo\u010d u\u010dinek<\/strong>: zmanj\u0161uje projiciranje oprsja z rahlo kompresijo<\/li>\n<li data-section-id=\"17l4248\" data-start=\"311\" data-end=\"372\"><strong data-start=\"313\" data-end=\"335\">\u017dica, brez podloge<\/strong>: naravna oblika z zanesljivo oporo<\/li>\n<li data-section-id=\"8tj3vf\" data-start=\"373\" data-end=\"447\"><strong data-start=\"375\" data-end=\"420\">Kompresija v ko\u0161aricah in na hrbtnem delu<\/strong>: za bolj gladko silhueto<\/li>\n<li data-section-id=\"14sjqfw\" data-start=\"448\" data-end=\"502\"><strong data-start=\"450\" data-end=\"475\">Nastavljive naramnice<\/strong>: za optimalno prileganje<\/li>\n<li data-section-id=\"1tbl5jl\" data-start=\"503\" data-end=\"587\"><strong data-start=\"505\" data-end=\"552\">Ve\u010dsmerne (multi-position) hrbtne naramnice<\/strong>: omogo\u010dajo prilagodljivo no\u0161enje<\/li>\n<li data-section-id=\"1dc7msr\" data-start=\"588\" data-end=\"654\"><strong data-start=\"590\" data-end=\"620\">Udoben, elasti\u010den material<\/strong>: prijeten za celodnevno uporabo<\/li>\n<\/ul>\n<p dir=\"ltr\" data-placeholder=\"Prevod\" data-ved=\"2ahUKEwiF3cSNkqWMAxUiwAIHHcvBCR0Q3ewLegQICBAV\" aria-label=\"Prevedeno besedilo: Kopalke ELOUISE na pla\u017ei pritegnejo pozornost. Srebrna zadrga, ki se lahko odpre, je prava pa\u0161a za o\u010di na pla\u017ei. ELOUISE je zdaj na voljo do I skodelice. Izdelan je iz visokokakovostnega materiala in zagotavlja popolno prileganje ter optimalno udobje. Obvezna oprema vsake elegantne in elegantne \u017eenske.\"><strong>Sestava: <\/strong>82% Poliamid, 18% Elastan<\/p>\n<p>&nbsp;<\/p>\n<p>&nbsp;<\/p>\n<p>&nbsp;<\/p>\n","protected":false},"featured_media":67227,"comment_status":"open","ping_status":"closed","template":"","meta":{"om_disable_all_campaigns":false,"_monsterinsights_skip_tracking":false,"_monsterinsights_sitenote_active":false,"_monsterinsights_sitenote_note":"","_monsterinsights_sitenote_category":0},"product_cat":[638,1044],"product_tag":[846,808,1121],"class_list":["post-67222","product","type-product","status-publish","has-post-thumbnail","hentry","product_cat-cas-je-za-kopalke","product_cat-zenske-kopalke","product_tag-kopalke","product_tag-swim","product_tag-ysabel-mora"],"bundled_by":[],"bundle_stock_status":"instock","bundle_stock_quantity":null,"bundle_virtual":false,"bundle_layout":"","bundle_add_to_cart_form_location":"","bundle_editable_in_cart":false,"bundle_sold_individually_context":"","bundle_item_grouping":"","bundle_min_size":"","bundle_max_size":"","bundled_items":[],"bundle_sell_ids":[],"aioseo_notices":[],"_links":{"self":[{"href":"https:\/\/www.polzela.com\/si\/wp-json\/wp\/v2\/product\/67222","targetHints":{"allow":["GET"]}}],"collection":[{"href":"https:\/\/www.polzela.com\/si\/wp-json\/wp\/v2\/product"}],"about":[{"href":"https:\/\/www.polzela.com\/si\/wp-json\/wp\/v2\/types\/product"}],"replies":[{"embeddable":true,"href":"https:\/\/www.polzela.com\/si\/wp-json\/wp\/v2\/comments?post=67222"}],"wp:featuredmedia":[{"embeddable":true,"href":"https:\/\/www.polzela.com\/si\/wp-json\/wp\/v2\/media\/67227"}],"wp:attachment":[{"href":"https:\/\/www.polzela.com\/si\/wp-json\/wp\/v2\/media?parent=67222"}],"wp:term":[{"taxonomy":"product_cat","embeddable":true,"href":"https:\/\/www.polzela.com\/si\/wp-json\/wp\/v2\/product_cat?post=67222"},{"taxonomy":"product_tag","embeddable":true,"href":"https:\/\/www.polzela.com\/si\/wp-json\/wp\/v2\/product_tag?post=67222"}],"curies":[{"name":"wp","href":"https:\/\/api.w.org\/{rel}","templated":true}]}}