{"id":67211,"date":"2026-04-24T14:02:26","date_gmt":"2026-04-24T12:02:26","guid":{"rendered":"https:\/\/www.polzela.com\/si\/?post_type=product&#038;p=67211"},"modified":"2026-04-24T14:08:12","modified_gmt":"2026-04-24T12:08:12","slug":"ysabel-mora-enodelne-kopalke-art-83317","status":"publish","type":"product","link":"https:\/\/www.polzela.com\/si\/product\/ysabel-mora-enodelne-kopalke-art-83317\/","title":{"rendered":"Ysabel Mora enodelne kopalke art.83317"},"content":{"rendered":"","protected":false},"excerpt":{"rendered":"<p data-start=\"77\" data-end=\"211\">Elegantne enodelne kopalke z oblikovalnim u\u010dinkom, ki z rahlo kompresijo v predelu trebuha poskrbijo za lepo in uravnote\u017eeno silhueto.<\/p>\n<h4 data-start=\"213\" data-end=\"231\"><span role=\"text\"><strong data-start=\"218\" data-end=\"231\">Lastnosti<\/strong><\/span><\/h4>\n<ul data-start=\"232\" data-end=\"608\">\n<li data-section-id=\"jo0ugo\" data-start=\"232\" data-end=\"313\"><strong data-start=\"234\" data-end=\"274\">Oblikovalni u\u010dinek v predelu trebuha<\/strong>: vizualno zgladi in oblikuje postavo<\/li>\n<li data-section-id=\"md6pqo\" data-start=\"314\" data-end=\"388\"><strong data-start=\"316\" data-end=\"346\">\u017dica in podlo\u017eene ko\u0161arice<\/strong>: nudijo oporo in lepo oblikujejo oprsje<\/li>\n<li data-section-id=\"n58eb4\" data-start=\"389\" data-end=\"460\"><strong data-start=\"391\" data-end=\"416\">Nastavljive naramnice<\/strong>: omogo\u010dajo popolno prilagoditev in udobje<\/li>\n<li data-section-id=\"173wvsr\" data-start=\"461\" data-end=\"542\"><strong data-start=\"463\" data-end=\"493\">Udoben, elasti\u010den material<\/strong>: prijeten za no\u0161enje in se lepo prilega telesu<\/li>\n<li data-section-id=\"uf20v6\" data-start=\"543\" data-end=\"608\"><strong data-start=\"545\" data-end=\"566\">Elegantna zasnova<\/strong>: popolna izbira za urejen poletni videz<\/li>\n<\/ul>\n<p dir=\"ltr\" data-placeholder=\"Prevod\" data-ved=\"2ahUKEwiF3cSNkqWMAxUiwAIHHcvBCR0Q3ewLegQICBAV\" aria-label=\"Prevedeno besedilo: Kopalke ELOUISE na pla\u017ei pritegnejo pozornost. Srebrna zadrga, ki se lahko odpre, je prava pa\u0161a za o\u010di na pla\u017ei. ELOUISE je zdaj na voljo do I skodelice. Izdelan je iz visokokakovostnega materiala in zagotavlja popolno prileganje ter optimalno udobje. Obvezna oprema vsake elegantne in elegantne \u017eenske.\"><strong>Sestava: <\/strong>82% Poliamid, 18% Elastan<\/p>\n<p>&nbsp;<\/p>\n<p>&nbsp;<\/p>\n<p>&nbsp;<\/p>\n","protected":false},"featured_media":67217,"comment_status":"open","ping_status":"closed","template":"","meta":{"om_disable_all_campaigns":false,"_monsterinsights_skip_tracking":false,"_monsterinsights_sitenote_active":false,"_monsterinsights_sitenote_note":"","_monsterinsights_sitenote_category":0},"product_cat":[638,1044],"product_tag":[846,808,1121],"class_list":["post-67211","product","type-product","status-publish","has-post-thumbnail","hentry","product_cat-cas-je-za-kopalke","product_cat-zenske-kopalke","product_tag-kopalke","product_tag-swim","product_tag-ysabel-mora"],"bundled_by":[],"bundle_stock_status":"instock","bundle_stock_quantity":null,"bundle_virtual":false,"bundle_layout":"","bundle_add_to_cart_form_location":"","bundle_editable_in_cart":false,"bundle_sold_individually_context":"","bundle_item_grouping":"","bundle_min_size":"","bundle_max_size":"","bundled_items":[],"bundle_sell_ids":[],"aioseo_notices":[],"_links":{"self":[{"href":"https:\/\/www.polzela.com\/si\/wp-json\/wp\/v2\/product\/67211","targetHints":{"allow":["GET"]}}],"collection":[{"href":"https:\/\/www.polzela.com\/si\/wp-json\/wp\/v2\/product"}],"about":[{"href":"https:\/\/www.polzela.com\/si\/wp-json\/wp\/v2\/types\/product"}],"replies":[{"embeddable":true,"href":"https:\/\/www.polzela.com\/si\/wp-json\/wp\/v2\/comments?post=67211"}],"wp:featuredmedia":[{"embeddable":true,"href":"https:\/\/www.polzela.com\/si\/wp-json\/wp\/v2\/media\/67217"}],"wp:attachment":[{"href":"https:\/\/www.polzela.com\/si\/wp-json\/wp\/v2\/media?parent=67211"}],"wp:term":[{"taxonomy":"product_cat","embeddable":true,"href":"https:\/\/www.polzela.com\/si\/wp-json\/wp\/v2\/product_cat?post=67211"},{"taxonomy":"product_tag","embeddable":true,"href":"https:\/\/www.polzela.com\/si\/wp-json\/wp\/v2\/product_tag?post=67211"}],"curies":[{"name":"wp","href":"https:\/\/api.w.org\/{rel}","templated":true}]}}