{"id":67204,"date":"2026-04-24T13:59:30","date_gmt":"2026-04-24T11:59:30","guid":{"rendered":"https:\/\/www.polzela.com\/si\/?post_type=product&#038;p=67204"},"modified":"2026-04-24T14:01:25","modified_gmt":"2026-04-24T12:01:25","slug":"ysabel-mora-spodnji-del-kopalk-art-83311","status":"publish","type":"product","link":"https:\/\/www.polzela.com\/si\/product\/ysabel-mora-spodnji-del-kopalk-art-83311\/","title":{"rendered":"Ysabel Mora spodnji del kopalk art. 83311"},"content":{"rendered":"","protected":false},"excerpt":{"rendered":"<p data-start=\"74\" data-end=\"182\">Elegantne \u010drne bikini hla\u010dke z visokim pasom in u\u010dnikom oblikovanja postave za laskavo in udobno prileganje.<\/p>\n<h4 data-start=\"184\" data-end=\"202\"><span role=\"text\"><strong data-start=\"189\" data-end=\"202\">Lastnosti<\/strong><\/span><\/h4>\n<ul data-start=\"203\" data-end=\"536\">\n<li data-section-id=\"98ull9\" data-start=\"203\" data-end=\"286\"><strong data-start=\"205\" data-end=\"243\">Oblikovalni u\u010dinek (tummy control)<\/strong>: ne\u017eno zgladi in oblikuje predel trebuha<\/li>\n<li data-section-id=\"qahfa0\" data-start=\"287\" data-end=\"351\"><strong data-start=\"289\" data-end=\"302\">Visok pas<\/strong>: opti\u010dno podalj\u0161a silhueto in nudi ve\u010djo oporo<\/li>\n<li data-section-id=\"8aj1zt\" data-start=\"352\" data-end=\"421\"><strong data-start=\"354\" data-end=\"368\">\u010crna barva<\/strong>: brez\u010dasna, elegantna in enostavna za kombiniranje<\/li>\n<li data-section-id=\"6knwdd\" data-start=\"422\" data-end=\"473\"><strong data-start=\"424\" data-end=\"439\">Udoben kroj<\/strong>: primeren za celodnevno no\u0161enje<\/li>\n<li data-section-id=\"1uuafbj\" data-start=\"474\" data-end=\"536\"><strong data-start=\"476\" data-end=\"498\">Elasti\u010den material<\/strong>: se prilagodi telesu brez stiskanja<\/li>\n<\/ul>\n<p dir=\"ltr\" data-placeholder=\"Prevod\" data-ved=\"2ahUKEwiF3cSNkqWMAxUiwAIHHcvBCR0Q3ewLegQICBAV\" aria-label=\"Prevedeno besedilo: Kopalke ELOUISE na pla\u017ei pritegnejo pozornost. Srebrna zadrga, ki se lahko odpre, je prava pa\u0161a za o\u010di na pla\u017ei. ELOUISE je zdaj na voljo do I skodelice. Izdelan je iz visokokakovostnega materiala in zagotavlja popolno prileganje ter optimalno udobje. Obvezna oprema vsake elegantne in elegantne \u017eenske.\"><strong>Sestava: <\/strong>82% Poliamid, 12% Elastan<\/p>\n<p>&nbsp;<\/p>\n<p>&nbsp;<\/p>\n<p>&nbsp;<\/p>\n","protected":false},"featured_media":67210,"comment_status":"open","ping_status":"closed","template":"","meta":{"om_disable_all_campaigns":false,"_monsterinsights_skip_tracking":false,"_monsterinsights_sitenote_active":false,"_monsterinsights_sitenote_note":"","_monsterinsights_sitenote_category":0},"product_cat":[638,1044],"product_tag":[846,808,1121],"class_list":["post-67204","product","type-product","status-publish","has-post-thumbnail","hentry","product_cat-cas-je-za-kopalke","product_cat-zenske-kopalke","product_tag-kopalke","product_tag-swim","product_tag-ysabel-mora"],"bundled_by":[],"bundle_stock_status":"instock","bundle_stock_quantity":null,"bundle_virtual":false,"bundle_layout":"","bundle_add_to_cart_form_location":"","bundle_editable_in_cart":false,"bundle_sold_individually_context":"","bundle_item_grouping":"","bundle_min_size":"","bundle_max_size":"","bundled_items":[],"bundle_sell_ids":[],"aioseo_notices":[],"_links":{"self":[{"href":"https:\/\/www.polzela.com\/si\/wp-json\/wp\/v2\/product\/67204","targetHints":{"allow":["GET"]}}],"collection":[{"href":"https:\/\/www.polzela.com\/si\/wp-json\/wp\/v2\/product"}],"about":[{"href":"https:\/\/www.polzela.com\/si\/wp-json\/wp\/v2\/types\/product"}],"replies":[{"embeddable":true,"href":"https:\/\/www.polzela.com\/si\/wp-json\/wp\/v2\/comments?post=67204"}],"wp:featuredmedia":[{"embeddable":true,"href":"https:\/\/www.polzela.com\/si\/wp-json\/wp\/v2\/media\/67210"}],"wp:attachment":[{"href":"https:\/\/www.polzela.com\/si\/wp-json\/wp\/v2\/media?parent=67204"}],"wp:term":[{"taxonomy":"product_cat","embeddable":true,"href":"https:\/\/www.polzela.com\/si\/wp-json\/wp\/v2\/product_cat?post=67204"},{"taxonomy":"product_tag","embeddable":true,"href":"https:\/\/www.polzela.com\/si\/wp-json\/wp\/v2\/product_tag?post=67204"}],"curies":[{"name":"wp","href":"https:\/\/api.w.org\/{rel}","templated":true}]}}