{"id":67188,"date":"2026-04-24T12:24:11","date_gmt":"2026-04-24T10:24:11","guid":{"rendered":"https:\/\/www.polzela.com\/si\/?post_type=product&#038;p=67188"},"modified":"2026-04-24T13:57:27","modified_gmt":"2026-04-24T11:57:27","slug":"ysabel-mora-zgornji-del-kopalk-art-83304","status":"publish","type":"product","link":"https:\/\/www.polzela.com\/si\/product\/ysabel-mora-zgornji-del-kopalk-art-83304\/","title":{"rendered":"Ysabel Mora zgornji del kopalk art.83304"},"content":{"rendered":"","protected":false},"excerpt":{"rendered":"<p data-start=\"79\" data-end=\"195\">Eleganten in podporen bikini modr\u010dek z \u017eico in podlogo, ki lepo oblikuje oprsje ter zagotavlja udobje in stabilnost.<\/p>\n<h4 data-start=\"197\" data-end=\"215\"><span role=\"text\"><strong data-start=\"202\" data-end=\"215\">Lastnosti<\/strong><\/span><\/h4>\n<ul data-start=\"216\" data-end=\"551\">\n<li data-section-id=\"179x35a\" data-start=\"216\" data-end=\"285\"><strong data-start=\"218\" data-end=\"237\">\u017dica in podloga<\/strong>: za dodatno oporo in lepo oblikovano silhueto<\/li>\n<li data-section-id=\"1p4oxrj\" data-start=\"286\" data-end=\"364\"><strong data-start=\"288\" data-end=\"321\">\u0160iroke, nastavljive naramnice<\/strong>: za ve\u010dje udobje in optimalno prileganje<\/li>\n<li data-section-id=\"1in6nzz\" data-start=\"365\" data-end=\"424\"><strong data-start=\"367\" data-end=\"386\">Potiskan dizajn<\/strong>: moderen in privla\u010den poletni videz<\/li>\n<li data-section-id=\"14lyjmt\" data-start=\"425\" data-end=\"497\"><strong data-start=\"427\" data-end=\"452\">Stabilna konstrukcija<\/strong>: zagotavlja varno prileganje skozi ves dan<\/li>\n<li data-section-id=\"pv1g07\" data-start=\"498\" data-end=\"551\"><strong data-start=\"500\" data-end=\"521\">Prijeten material<\/strong>: mehak in udoben za no\u0161enje<\/li>\n<\/ul>\n<p dir=\"ltr\" data-placeholder=\"Prevod\" data-ved=\"2ahUKEwiF3cSNkqWMAxUiwAIHHcvBCR0Q3ewLegQICBAV\" aria-label=\"Prevedeno besedilo: Kopalke ELOUISE na pla\u017ei pritegnejo pozornost. Srebrna zadrga, ki se lahko odpre, je prava pa\u0161a za o\u010di na pla\u017ei. ELOUISE je zdaj na voljo do I skodelice. Izdelan je iz visokokakovostnega materiala in zagotavlja popolno prileganje ter optimalno udobje. Obvezna oprema vsake elegantne in elegantne \u017eenske.\"><strong>Sestava: <\/strong>82% Poliamid, 18% Elastan<\/p>\n<p>&nbsp;<\/p>\n<p>&nbsp;<\/p>\n<p>&nbsp;<\/p>\n","protected":false},"featured_media":67195,"comment_status":"open","ping_status":"closed","template":"","meta":{"om_disable_all_campaigns":false,"_monsterinsights_skip_tracking":false,"_monsterinsights_sitenote_active":false,"_monsterinsights_sitenote_note":"","_monsterinsights_sitenote_category":0},"product_cat":[638,1044],"product_tag":[846,808,1121],"class_list":["post-67188","product","type-product","status-publish","has-post-thumbnail","hentry","product_cat-cas-je-za-kopalke","product_cat-zenske-kopalke","product_tag-kopalke","product_tag-swim","product_tag-ysabel-mora"],"bundled_by":[],"bundle_stock_status":"instock","bundle_stock_quantity":null,"bundle_virtual":false,"bundle_layout":"","bundle_add_to_cart_form_location":"","bundle_editable_in_cart":false,"bundle_sold_individually_context":"","bundle_item_grouping":"","bundle_min_size":"","bundle_max_size":"","bundled_items":[],"bundle_sell_ids":[],"aioseo_notices":[],"_links":{"self":[{"href":"https:\/\/www.polzela.com\/si\/wp-json\/wp\/v2\/product\/67188","targetHints":{"allow":["GET"]}}],"collection":[{"href":"https:\/\/www.polzela.com\/si\/wp-json\/wp\/v2\/product"}],"about":[{"href":"https:\/\/www.polzela.com\/si\/wp-json\/wp\/v2\/types\/product"}],"replies":[{"embeddable":true,"href":"https:\/\/www.polzela.com\/si\/wp-json\/wp\/v2\/comments?post=67188"}],"wp:featuredmedia":[{"embeddable":true,"href":"https:\/\/www.polzela.com\/si\/wp-json\/wp\/v2\/media\/67195"}],"wp:attachment":[{"href":"https:\/\/www.polzela.com\/si\/wp-json\/wp\/v2\/media?parent=67188"}],"wp:term":[{"taxonomy":"product_cat","embeddable":true,"href":"https:\/\/www.polzela.com\/si\/wp-json\/wp\/v2\/product_cat?post=67188"},{"taxonomy":"product_tag","embeddable":true,"href":"https:\/\/www.polzela.com\/si\/wp-json\/wp\/v2\/product_tag?post=67188"}],"curies":[{"name":"wp","href":"https:\/\/api.w.org\/{rel}","templated":true}]}}