{"id":67181,"date":"2026-04-24T12:17:58","date_gmt":"2026-04-24T10:17:58","guid":{"rendered":"https:\/\/www.polzela.com\/si\/?post_type=product&#038;p=67181"},"modified":"2026-04-24T12:23:10","modified_gmt":"2026-04-24T10:23:10","slug":"ysabel-mora-spodnji-del-kopalk-art-83305","status":"publish","type":"product","link":"https:\/\/www.polzela.com\/si\/product\/ysabel-mora-spodnji-del-kopalk-art-83305\/","title":{"rendered":"Ysabel Mora spodnji del kopalk art. 83305"},"content":{"rendered":"","protected":false},"excerpt":{"rendered":"<p data-start=\"78\" data-end=\"190\">Elegantne \u010drne bikini hla\u010dke z dodatkom potiskanega in nastavljivega pasu za bolj\u0161e prileganje in moderen videz.<\/p>\n<h4 data-start=\"192\" data-end=\"210\"><span role=\"text\"><strong data-start=\"197\" data-end=\"210\">Lastnosti<\/strong><\/span><\/h4>\n<ul data-start=\"211\" data-end=\"514\">\n<li data-section-id=\"1m1hkny\" data-start=\"211\" data-end=\"273\"><strong data-start=\"213\" data-end=\"231\">Nastavljiv pas<\/strong>: omogo\u010da prilagoditev za popolno udobje<\/li>\n<li data-section-id=\"1jyqafg\" data-start=\"274\" data-end=\"336\"><strong data-start=\"276\" data-end=\"303\">Potiskan detajl na pasu<\/strong>: moderen in privla\u010den kontrast<\/li>\n<li data-section-id=\"1wmment\" data-start=\"337\" data-end=\"390\"><strong data-start=\"339\" data-end=\"356\">Klasi\u010den kroj<\/strong>: udoben in vsestransko uporaben<\/li>\n<li data-section-id=\"1n0ax2i\" data-start=\"391\" data-end=\"449\"><strong data-start=\"393\" data-end=\"407\">\u010crna barva<\/strong>: brez\u010dasna in enostavna za kombiniranje<\/li>\n<li data-section-id=\"vrr4a3\" data-start=\"450\" data-end=\"514\"><strong data-start=\"452\" data-end=\"473\">Prijeten material<\/strong>: mehak, elasti\u010den in udoben za no\u0161enje<\/li>\n<\/ul>\n<p dir=\"ltr\" data-placeholder=\"Prevod\" data-ved=\"2ahUKEwiF3cSNkqWMAxUiwAIHHcvBCR0Q3ewLegQICBAV\" aria-label=\"Prevedeno besedilo: Kopalke ELOUISE na pla\u017ei pritegnejo pozornost. Srebrna zadrga, ki se lahko odpre, je prava pa\u0161a za o\u010di na pla\u017ei. ELOUISE je zdaj na voljo do I skodelice. Izdelan je iz visokokakovostnega materiala in zagotavlja popolno prileganje ter optimalno udobje. Obvezna oprema vsake elegantne in elegantne \u017eenske.\"><strong>Sestava: <\/strong>82% Poliamid, 12% Elastan<\/p>\n<p>&nbsp;<\/p>\n<p>&nbsp;<\/p>\n<p>&nbsp;<\/p>\n","protected":false},"featured_media":67187,"comment_status":"open","ping_status":"closed","template":"","meta":{"om_disable_all_campaigns":false,"_monsterinsights_skip_tracking":false,"_monsterinsights_sitenote_active":false,"_monsterinsights_sitenote_note":"","_monsterinsights_sitenote_category":0},"product_cat":[638,1044],"product_tag":[846,808,1121],"class_list":["post-67181","product","type-product","status-publish","has-post-thumbnail","hentry","product_cat-cas-je-za-kopalke","product_cat-zenske-kopalke","product_tag-kopalke","product_tag-swim","product_tag-ysabel-mora"],"bundled_by":[],"bundle_stock_status":"instock","bundle_stock_quantity":null,"bundle_virtual":false,"bundle_layout":"","bundle_add_to_cart_form_location":"","bundle_editable_in_cart":false,"bundle_sold_individually_context":"","bundle_item_grouping":"","bundle_min_size":"","bundle_max_size":"","bundled_items":[],"bundle_sell_ids":[],"aioseo_notices":[],"_links":{"self":[{"href":"https:\/\/www.polzela.com\/si\/wp-json\/wp\/v2\/product\/67181","targetHints":{"allow":["GET"]}}],"collection":[{"href":"https:\/\/www.polzela.com\/si\/wp-json\/wp\/v2\/product"}],"about":[{"href":"https:\/\/www.polzela.com\/si\/wp-json\/wp\/v2\/types\/product"}],"replies":[{"embeddable":true,"href":"https:\/\/www.polzela.com\/si\/wp-json\/wp\/v2\/comments?post=67181"}],"wp:featuredmedia":[{"embeddable":true,"href":"https:\/\/www.polzela.com\/si\/wp-json\/wp\/v2\/media\/67187"}],"wp:attachment":[{"href":"https:\/\/www.polzela.com\/si\/wp-json\/wp\/v2\/media?parent=67181"}],"wp:term":[{"taxonomy":"product_cat","embeddable":true,"href":"https:\/\/www.polzela.com\/si\/wp-json\/wp\/v2\/product_cat?post=67181"},{"taxonomy":"product_tag","embeddable":true,"href":"https:\/\/www.polzela.com\/si\/wp-json\/wp\/v2\/product_tag?post=67181"}],"curies":[{"name":"wp","href":"https:\/\/api.w.org\/{rel}","templated":true}]}}