{"id":67172,"date":"2026-04-24T11:52:56","date_gmt":"2026-04-24T09:52:56","guid":{"rendered":"https:\/\/www.polzela.com\/si\/?post_type=product&#038;p=67172"},"modified":"2026-04-24T13:57:48","modified_gmt":"2026-04-24T11:57:48","slug":"ysabel-mora-zgornji-del-kopalk-art-83300","status":"publish","type":"product","link":"https:\/\/www.polzela.com\/si\/product\/ysabel-mora-zgornji-del-kopalk-art-83300\/","title":{"rendered":"Ysabel Mora zgornji del kopalk art.83300"},"content":{"rendered":"","protected":false},"excerpt":{"rendered":"<p data-start=\"72\" data-end=\"224\">Eleganten bandeau bikini modr\u010dek z \u017eico in podlo\u017eenimi ko\u0161aricami, ki nudi odli\u010dno oporo in lepo oblikuje oprsje, hkrati pa omogo\u010da ve\u010d na\u010dinov no\u0161enja.<\/p>\n<h4 data-start=\"226\" data-end=\"244\"><span role=\"text\"><strong data-start=\"231\" data-end=\"244\">Lastnosti<\/strong><\/span><\/h4>\n<ul data-start=\"245\" data-end=\"583\">\n<li data-section-id=\"14kvvxx\" data-start=\"245\" data-end=\"315\"><strong data-start=\"247\" data-end=\"266\">\u017dica in podloga<\/strong>: za stabilno oporo in lepo oblikovano silhueto<\/li>\n<li data-section-id=\"1fft0eb\" data-start=\"316\" data-end=\"386\"><strong data-start=\"318\" data-end=\"341\">Snemljive naramnice<\/strong>: prilagodljivo no\u0161enje glede na prilo\u017enost<\/li>\n<li data-section-id=\"lyz23y\" data-start=\"387\" data-end=\"461\"><strong data-start=\"389\" data-end=\"425\">Brez naramnic (strapless opcija)<\/strong>: idealno za enakomerno porjavitev<\/li>\n<li data-section-id=\"ura5am\" data-start=\"462\" data-end=\"519\"><strong data-start=\"464\" data-end=\"483\">Potiskan dizajn<\/strong>: moderen in izrazit poletni videz<\/li>\n<li data-section-id=\"16ur5mf\" data-start=\"520\" data-end=\"583\"><strong data-start=\"522\" data-end=\"549\">Udoben in stabilen kroj<\/strong>: zagotavlja varnost pri gibanju<\/li>\n<\/ul>\n<p dir=\"ltr\" data-placeholder=\"Prevod\" data-ved=\"2ahUKEwiF3cSNkqWMAxUiwAIHHcvBCR0Q3ewLegQICBAV\" aria-label=\"Prevedeno besedilo: Kopalke ELOUISE na pla\u017ei pritegnejo pozornost. Srebrna zadrga, ki se lahko odpre, je prava pa\u0161a za o\u010di na pla\u017ei. ELOUISE je zdaj na voljo do I skodelice. Izdelan je iz visokokakovostnega materiala in zagotavlja popolno prileganje ter optimalno udobje. Obvezna oprema vsake elegantne in elegantne \u017eenske.\"><strong>Sestava: <\/strong>82% Poliamid, 18% Elastan<\/p>\n<p>&nbsp;<\/p>\n<p>&nbsp;<\/p>\n<p>&nbsp;<\/p>\n","protected":false},"featured_media":67180,"comment_status":"open","ping_status":"closed","template":"","meta":{"om_disable_all_campaigns":false,"_monsterinsights_skip_tracking":false,"_monsterinsights_sitenote_active":false,"_monsterinsights_sitenote_note":"","_monsterinsights_sitenote_category":0},"product_cat":[638,1044],"product_tag":[846,808,1121],"class_list":["post-67172","product","type-product","status-publish","has-post-thumbnail","hentry","product_cat-cas-je-za-kopalke","product_cat-zenske-kopalke","product_tag-kopalke","product_tag-swim","product_tag-ysabel-mora"],"bundled_by":[],"bundle_stock_status":"instock","bundle_stock_quantity":null,"bundle_virtual":false,"bundle_layout":"","bundle_add_to_cart_form_location":"","bundle_editable_in_cart":false,"bundle_sold_individually_context":"","bundle_item_grouping":"","bundle_min_size":"","bundle_max_size":"","bundled_items":[],"bundle_sell_ids":[],"aioseo_notices":[],"_links":{"self":[{"href":"https:\/\/www.polzela.com\/si\/wp-json\/wp\/v2\/product\/67172","targetHints":{"allow":["GET"]}}],"collection":[{"href":"https:\/\/www.polzela.com\/si\/wp-json\/wp\/v2\/product"}],"about":[{"href":"https:\/\/www.polzela.com\/si\/wp-json\/wp\/v2\/types\/product"}],"replies":[{"embeddable":true,"href":"https:\/\/www.polzela.com\/si\/wp-json\/wp\/v2\/comments?post=67172"}],"wp:featuredmedia":[{"embeddable":true,"href":"https:\/\/www.polzela.com\/si\/wp-json\/wp\/v2\/media\/67180"}],"wp:attachment":[{"href":"https:\/\/www.polzela.com\/si\/wp-json\/wp\/v2\/media?parent=67172"}],"wp:term":[{"taxonomy":"product_cat","embeddable":true,"href":"https:\/\/www.polzela.com\/si\/wp-json\/wp\/v2\/product_cat?post=67172"},{"taxonomy":"product_tag","embeddable":true,"href":"https:\/\/www.polzela.com\/si\/wp-json\/wp\/v2\/product_tag?post=67172"}],"curies":[{"name":"wp","href":"https:\/\/api.w.org\/{rel}","templated":true}]}}