{"id":67157,"date":"2026-04-24T11:41:10","date_gmt":"2026-04-24T09:41:10","guid":{"rendered":"https:\/\/www.polzela.com\/si\/?post_type=product&#038;p=67157"},"modified":"2026-04-24T13:58:25","modified_gmt":"2026-04-24T11:58:25","slug":"ysabel-mora-zgornji-del-kopalk-art-83401","status":"publish","type":"product","link":"https:\/\/www.polzela.com\/si\/product\/ysabel-mora-zgornji-del-kopalk-art-83401\/","title":{"rendered":"Ysabel Mora zgornji del kopalk art.83401"},"content":{"rendered":"","protected":false},"excerpt":{"rendered":"<p data-start=\"67\" data-end=\"196\">Bikini modr\u010dek, zasnovan za vizualno zmanj\u0161anje oprsja, ki z rahlo kompresijo zagotavlja bolj uravnote\u017eeno in elegantno silhueto.<\/p>\n<h4 data-start=\"198\" data-end=\"216\"><span role=\"text\"><strong data-start=\"203\" data-end=\"216\">Lastnosti<\/strong><\/span><\/h4>\n<ul data-start=\"217\" data-end=\"585\">\n<li data-section-id=\"hxfqwz\" data-start=\"217\" data-end=\"277\"><strong data-start=\"219\" data-end=\"243\">Minimizirajo\u010d u\u010dinek<\/strong>: opti\u010dno zmanj\u0161a volumen oprsja<\/li>\n<li data-section-id=\"i9wb9r\" data-start=\"278\" data-end=\"341\"><strong data-start=\"280\" data-end=\"304\">Z \u017eico, brez podloge<\/strong>: naravna oblika z zanesljivo oporo<\/li>\n<li data-section-id=\"12koqgv\" data-start=\"342\" data-end=\"417\"><strong data-start=\"344\" data-end=\"389\">Kompresija v ko\u0161aricah in na hrbtnem delu<\/strong>: za bolj enakomeren videz<\/li>\n<li data-section-id=\"tnz4it\" data-start=\"418\" data-end=\"477\"><strong data-start=\"420\" data-end=\"445\">Nastavljive naramnice<\/strong>: omogo\u010dajo popolno prileganje<\/li>\n<li data-section-id=\"1m06vne\" data-start=\"478\" data-end=\"529\"><strong data-start=\"480\" data-end=\"499\">Potiskan dizajn<\/strong>: moderen in privla\u010den videz<\/li>\n<li data-section-id=\"1iscit2\" data-start=\"530\" data-end=\"585\"><strong data-start=\"532\" data-end=\"551\">Udoben material<\/strong>: primeren za celodnevno no\u0161enje<\/li>\n<\/ul>\n<p dir=\"ltr\" data-placeholder=\"Prevod\" data-ved=\"2ahUKEwiF3cSNkqWMAxUiwAIHHcvBCR0Q3ewLegQICBAV\" aria-label=\"Prevedeno besedilo: Kopalke ELOUISE na pla\u017ei pritegnejo pozornost. Srebrna zadrga, ki se lahko odpre, je prava pa\u0161a za o\u010di na pla\u017ei. ELOUISE je zdaj na voljo do I skodelice. Izdelan je iz visokokakovostnega materiala in zagotavlja popolno prileganje ter optimalno udobje. Obvezna oprema vsake elegantne in elegantne \u017eenske.\"><strong>Sestava: <\/strong>82% Poliamid, 18% Elastan<\/p>\n<p>&nbsp;<\/p>\n<p>&nbsp;<\/p>\n<p>&nbsp;<\/p>\n","protected":false},"featured_media":67164,"comment_status":"open","ping_status":"closed","template":"","meta":{"om_disable_all_campaigns":false,"_monsterinsights_skip_tracking":false,"_monsterinsights_sitenote_active":false,"_monsterinsights_sitenote_note":"","_monsterinsights_sitenote_category":0},"product_cat":[638,1044],"product_tag":[846,808,1121],"class_list":["post-67157","product","type-product","status-publish","has-post-thumbnail","hentry","product_cat-cas-je-za-kopalke","product_cat-zenske-kopalke","product_tag-kopalke","product_tag-swim","product_tag-ysabel-mora"],"bundled_by":[],"bundle_stock_status":"instock","bundle_stock_quantity":null,"bundle_virtual":false,"bundle_layout":"","bundle_add_to_cart_form_location":"","bundle_editable_in_cart":false,"bundle_sold_individually_context":"","bundle_item_grouping":"","bundle_min_size":"","bundle_max_size":"","bundled_items":[],"bundle_sell_ids":[],"aioseo_notices":[],"_links":{"self":[{"href":"https:\/\/www.polzela.com\/si\/wp-json\/wp\/v2\/product\/67157","targetHints":{"allow":["GET"]}}],"collection":[{"href":"https:\/\/www.polzela.com\/si\/wp-json\/wp\/v2\/product"}],"about":[{"href":"https:\/\/www.polzela.com\/si\/wp-json\/wp\/v2\/types\/product"}],"replies":[{"embeddable":true,"href":"https:\/\/www.polzela.com\/si\/wp-json\/wp\/v2\/comments?post=67157"}],"wp:featuredmedia":[{"embeddable":true,"href":"https:\/\/www.polzela.com\/si\/wp-json\/wp\/v2\/media\/67164"}],"wp:attachment":[{"href":"https:\/\/www.polzela.com\/si\/wp-json\/wp\/v2\/media?parent=67157"}],"wp:term":[{"taxonomy":"product_cat","embeddable":true,"href":"https:\/\/www.polzela.com\/si\/wp-json\/wp\/v2\/product_cat?post=67157"},{"taxonomy":"product_tag","embeddable":true,"href":"https:\/\/www.polzela.com\/si\/wp-json\/wp\/v2\/product_tag?post=67157"}],"curies":[{"name":"wp","href":"https:\/\/api.w.org\/{rel}","templated":true}]}}