{"id":67150,"date":"2026-04-24T11:35:50","date_gmt":"2026-04-24T09:35:50","guid":{"rendered":"https:\/\/www.polzela.com\/si\/?post_type=product&#038;p=67150"},"modified":"2026-04-24T11:39:20","modified_gmt":"2026-04-24T09:39:20","slug":"ysabel-mora-zgornji-del-kopalk-art-83399","status":"publish","type":"product","link":"https:\/\/www.polzela.com\/si\/product\/ysabel-mora-zgornji-del-kopalk-art-83399\/","title":{"rendered":"Ysabel Mora zgornji del kopalk art.83399"},"content":{"rendered":"","protected":false},"excerpt":{"rendered":"<p data-start=\"80\" data-end=\"204\">Klasi\u010den in eleganten bikini modr\u010dek z \u017eico in podlo\u017eenimi ko\u0161aricami, ki zagotavlja odli\u010dno oporo ter lepo oblikuje oprsje.<\/p>\n<h4 data-start=\"206\" data-end=\"224\"><span role=\"text\"><strong data-start=\"211\" data-end=\"224\">Lastnosti<\/strong><\/span><\/h4>\n<ul data-start=\"225\" data-end=\"592\">\n<li data-section-id=\"16ai8ql\" data-start=\"225\" data-end=\"300\"><strong data-start=\"227\" data-end=\"256\">Podlo\u017eene ko\u0161arice z \u017eico<\/strong>: nudijo dodatno oporo in poudarijo obliko<\/li>\n<li data-section-id=\"1jwww6k\" data-start=\"301\" data-end=\"382\"><strong data-start=\"303\" data-end=\"336\">\u0160iroke, nastavljive naramnice<\/strong>: za maksimalno udobje in popolno prileganje<\/li>\n<li data-section-id=\"1sibgdj\" data-start=\"383\" data-end=\"447\"><strong data-start=\"385\" data-end=\"405\">Enobarven dizajn<\/strong>: brez\u010dasen in enostaven za kombiniranje<\/li>\n<li data-section-id=\"5utnfa\" data-start=\"448\" data-end=\"523\"><strong data-start=\"450\" data-end=\"469\">Udoben material<\/strong>: prijeten na ko\u017ei in primeren za celodnevno no\u0161enje<\/li>\n<li data-section-id=\"enbu4y\" data-start=\"524\" data-end=\"592\"><strong data-start=\"526\" data-end=\"549\">Stabilno prileganje<\/strong>: zagotavlja ob\u010dutek varnosti pri gibanju<\/li>\n<\/ul>\n<p dir=\"ltr\" data-placeholder=\"Prevod\" data-ved=\"2ahUKEwiF3cSNkqWMAxUiwAIHHcvBCR0Q3ewLegQICBAV\" aria-label=\"Prevedeno besedilo: Kopalke ELOUISE na pla\u017ei pritegnejo pozornost. Srebrna zadrga, ki se lahko odpre, je prava pa\u0161a za o\u010di na pla\u017ei. ELOUISE je zdaj na voljo do I skodelice. Izdelan je iz visokokakovostnega materiala in zagotavlja popolno prileganje ter optimalno udobje. Obvezna oprema vsake elegantne in elegantne \u017eenske.\"><strong>Sestava: <\/strong>82% Poliamid, 18% Elastan<\/p>\n<p>&nbsp;<\/p>\n<p>&nbsp;<\/p>\n<p>&nbsp;<\/p>\n","protected":false},"featured_media":67156,"comment_status":"open","ping_status":"closed","template":"","meta":{"om_disable_all_campaigns":false,"_monsterinsights_skip_tracking":false,"_monsterinsights_sitenote_active":false,"_monsterinsights_sitenote_note":"","_monsterinsights_sitenote_category":0},"product_cat":[638,1044],"product_tag":[846,808,1121],"class_list":["post-67150","product","type-product","status-publish","has-post-thumbnail","hentry","product_cat-cas-je-za-kopalke","product_cat-zenske-kopalke","product_tag-kopalke","product_tag-swim","product_tag-ysabel-mora"],"bundled_by":[],"bundle_stock_status":"instock","bundle_stock_quantity":null,"bundle_virtual":false,"bundle_layout":"","bundle_add_to_cart_form_location":"","bundle_editable_in_cart":false,"bundle_sold_individually_context":"","bundle_item_grouping":"","bundle_min_size":"","bundle_max_size":"","bundled_items":[],"bundle_sell_ids":[],"aioseo_notices":[],"_links":{"self":[{"href":"https:\/\/www.polzela.com\/si\/wp-json\/wp\/v2\/product\/67150","targetHints":{"allow":["GET"]}}],"collection":[{"href":"https:\/\/www.polzela.com\/si\/wp-json\/wp\/v2\/product"}],"about":[{"href":"https:\/\/www.polzela.com\/si\/wp-json\/wp\/v2\/types\/product"}],"replies":[{"embeddable":true,"href":"https:\/\/www.polzela.com\/si\/wp-json\/wp\/v2\/comments?post=67150"}],"wp:featuredmedia":[{"embeddable":true,"href":"https:\/\/www.polzela.com\/si\/wp-json\/wp\/v2\/media\/67156"}],"wp:attachment":[{"href":"https:\/\/www.polzela.com\/si\/wp-json\/wp\/v2\/media?parent=67150"}],"wp:term":[{"taxonomy":"product_cat","embeddable":true,"href":"https:\/\/www.polzela.com\/si\/wp-json\/wp\/v2\/product_cat?post=67150"},{"taxonomy":"product_tag","embeddable":true,"href":"https:\/\/www.polzela.com\/si\/wp-json\/wp\/v2\/product_tag?post=67150"}],"curies":[{"name":"wp","href":"https:\/\/api.w.org\/{rel}","templated":true}]}}