{"id":67142,"date":"2026-04-24T11:31:17","date_gmt":"2026-04-24T09:31:17","guid":{"rendered":"https:\/\/www.polzela.com\/si\/?post_type=product&#038;p=67142"},"modified":"2026-04-24T11:34:33","modified_gmt":"2026-04-24T09:34:33","slug":"ysabel-mora-spodnji-del-kopalk-art-83404","status":"publish","type":"product","link":"https:\/\/www.polzela.com\/si\/product\/ysabel-mora-spodnji-del-kopalk-art-83404\/","title":{"rendered":"Ysabel Mora spodnji del kopalk art. 83404"},"content":{"rendered":"","protected":false},"excerpt":{"rendered":"<p data-start=\"69\" data-end=\"215\">Preproste in elegantne bikini hla\u010dke srednje vi\u0161ine (midi) z u\u010dinkom oblikovanja postave in dodatno oporo v predelu trebuha za brezhibno silhueto.<\/p>\n<h4 data-start=\"217\" data-end=\"235\"><span role=\"text\"><strong data-start=\"222\" data-end=\"235\">Lastnosti<\/strong><\/span><\/h4>\n<ul data-start=\"236\" data-end=\"563\">\n<li data-section-id=\"1m1tqvw\" data-start=\"236\" data-end=\"305\"><strong data-start=\"238\" data-end=\"262\">Tummy control u\u010dinek<\/strong>: ne\u017eno oblikuje in zgladi predel trebuha<\/li>\n<li data-section-id=\"etq59o\" data-start=\"306\" data-end=\"372\"><strong data-start=\"308\" data-end=\"321\">Midi kroj<\/strong>: srednje visok pas za udobno in varno prileganje<\/li>\n<li data-section-id=\"1w5znws\" data-start=\"373\" data-end=\"441\"><strong data-start=\"375\" data-end=\"395\">Enobarven dizajn<\/strong>: brez\u010dasen videz, ki se enostavno kombinira<\/li>\n<li data-section-id=\"e98xlx\" data-start=\"442\" data-end=\"500\"><strong data-start=\"444\" data-end=\"463\">Udoben material<\/strong>: prijeten za no\u0161enje skozi ves dan<\/li>\n<li data-section-id=\"172yusj\" data-start=\"501\" data-end=\"563\"><strong data-start=\"503\" data-end=\"525\">Odli\u010dno prileganje<\/strong>: se prilagodi telesu brez stiskanja<\/li>\n<\/ul>\n<p dir=\"ltr\" data-placeholder=\"Prevod\" data-ved=\"2ahUKEwiF3cSNkqWMAxUiwAIHHcvBCR0Q3ewLegQICBAV\" aria-label=\"Prevedeno besedilo: Kopalke ELOUISE na pla\u017ei pritegnejo pozornost. Srebrna zadrga, ki se lahko odpre, je prava pa\u0161a za o\u010di na pla\u017ei. ELOUISE je zdaj na voljo do I skodelice. Izdelan je iz visokokakovostnega materiala in zagotavlja popolno prileganje ter optimalno udobje. Obvezna oprema vsake elegantne in elegantne \u017eenske.\"><strong>Sestava: <\/strong>82% Poliamid, 18% Elastan<\/p>\n<p>&nbsp;<\/p>\n<p>&nbsp;<\/p>\n<p>&nbsp;<\/p>\n","protected":false},"featured_media":67149,"comment_status":"open","ping_status":"closed","template":"","meta":{"om_disable_all_campaigns":false,"_monsterinsights_skip_tracking":false,"_monsterinsights_sitenote_active":false,"_monsterinsights_sitenote_note":"","_monsterinsights_sitenote_category":0},"product_cat":[638,1044],"product_tag":[846,808,1121],"class_list":["post-67142","product","type-product","status-publish","has-post-thumbnail","hentry","product_cat-cas-je-za-kopalke","product_cat-zenske-kopalke","product_tag-kopalke","product_tag-swim","product_tag-ysabel-mora"],"bundled_by":[],"bundle_stock_status":"instock","bundle_stock_quantity":null,"bundle_virtual":false,"bundle_layout":"","bundle_add_to_cart_form_location":"","bundle_editable_in_cart":false,"bundle_sold_individually_context":"","bundle_item_grouping":"","bundle_min_size":"","bundle_max_size":"","bundled_items":[],"bundle_sell_ids":[],"aioseo_notices":[],"_links":{"self":[{"href":"https:\/\/www.polzela.com\/si\/wp-json\/wp\/v2\/product\/67142","targetHints":{"allow":["GET"]}}],"collection":[{"href":"https:\/\/www.polzela.com\/si\/wp-json\/wp\/v2\/product"}],"about":[{"href":"https:\/\/www.polzela.com\/si\/wp-json\/wp\/v2\/types\/product"}],"replies":[{"embeddable":true,"href":"https:\/\/www.polzela.com\/si\/wp-json\/wp\/v2\/comments?post=67142"}],"wp:featuredmedia":[{"embeddable":true,"href":"https:\/\/www.polzela.com\/si\/wp-json\/wp\/v2\/media\/67149"}],"wp:attachment":[{"href":"https:\/\/www.polzela.com\/si\/wp-json\/wp\/v2\/media?parent=67142"}],"wp:term":[{"taxonomy":"product_cat","embeddable":true,"href":"https:\/\/www.polzela.com\/si\/wp-json\/wp\/v2\/product_cat?post=67142"},{"taxonomy":"product_tag","embeddable":true,"href":"https:\/\/www.polzela.com\/si\/wp-json\/wp\/v2\/product_tag?post=67142"}],"curies":[{"name":"wp","href":"https:\/\/api.w.org\/{rel}","templated":true}]}}