{"id":67134,"date":"2026-04-24T11:20:57","date_gmt":"2026-04-24T09:20:57","guid":{"rendered":"https:\/\/www.polzela.com\/si\/?post_type=product&#038;p=67134"},"modified":"2026-04-24T11:25:45","modified_gmt":"2026-04-24T09:25:45","slug":"ysabel-mora-spodnji-del-kopalk-art-83402","status":"publish","type":"product","link":"https:\/\/www.polzela.com\/si\/product\/ysabel-mora-spodnji-del-kopalk-art-83402\/","title":{"rendered":"Ysabel Mora spodnji del kopalk art. 83402"},"content":{"rendered":"","protected":false},"excerpt":{"rendered":"<p data-start=\"69\" data-end=\"201\">Elegantne bikini hla\u010dke srednje vi\u0161ine (midi) z u\u010dinkom oblikovanja postave in rahlo kompresijo v predelu trebuha za lep\u0161o silhueto.<\/p>\n<h4 data-start=\"203\" data-end=\"221\"><span role=\"text\"><strong data-start=\"208\" data-end=\"221\">Lastnosti<\/strong><\/span><\/h4>\n<ul data-start=\"222\" data-end=\"553\">\n<li data-section-id=\"1m1tqvw\" data-start=\"222\" data-end=\"291\"><strong data-start=\"224\" data-end=\"248\">Tummy control u\u010dinek<\/strong>: ne\u017eno oblikuje in zgladi predel trebuha<\/li>\n<li data-section-id=\"1yi7ftz\" data-start=\"292\" data-end=\"373\"><strong data-start=\"294\" data-end=\"307\">Midi kroj<\/strong>: srednje visok pas za optimalno ravnovesje med udobjem in oporo<\/li>\n<li data-section-id=\"fbiamn\" data-start=\"374\" data-end=\"424\"><strong data-start=\"376\" data-end=\"395\">Potiskan dizajn<\/strong>: moderen videz, ki izstopa<\/li>\n<li data-section-id=\"5utnfa\" data-start=\"425\" data-end=\"500\"><strong data-start=\"427\" data-end=\"446\">Udoben material<\/strong>: prijeten na ko\u017ei in primeren za celodnevno no\u0161enje<\/li>\n<li data-section-id=\"1d0lds7\" data-start=\"501\" data-end=\"553\"><strong data-start=\"503\" data-end=\"525\">Popolno prileganje<\/strong>: se lepo prilagodi telesu<\/li>\n<\/ul>\n<p dir=\"ltr\" data-placeholder=\"Prevod\" data-ved=\"2ahUKEwiF3cSNkqWMAxUiwAIHHcvBCR0Q3ewLegQICBAV\" aria-label=\"Prevedeno besedilo: Kopalke ELOUISE na pla\u017ei pritegnejo pozornost. Srebrna zadrga, ki se lahko odpre, je prava pa\u0161a za o\u010di na pla\u017ei. ELOUISE je zdaj na voljo do I skodelice. Izdelan je iz visokokakovostnega materiala in zagotavlja popolno prileganje ter optimalno udobje. Obvezna oprema vsake elegantne in elegantne \u017eenske.\"><strong>Sestava: <\/strong>82% Poliamid, 18% Elastan<\/p>\n<p>&nbsp;<\/p>\n<p>&nbsp;<\/p>\n<p>&nbsp;<\/p>\n","protected":false},"featured_media":67139,"comment_status":"open","ping_status":"closed","template":"","meta":{"om_disable_all_campaigns":false,"_monsterinsights_skip_tracking":false,"_monsterinsights_sitenote_active":false,"_monsterinsights_sitenote_note":"","_monsterinsights_sitenote_category":0},"product_cat":[638,1044],"product_tag":[846,808,1121],"class_list":["post-67134","product","type-product","status-publish","has-post-thumbnail","hentry","product_cat-cas-je-za-kopalke","product_cat-zenske-kopalke","product_tag-kopalke","product_tag-swim","product_tag-ysabel-mora"],"bundled_by":[],"bundle_stock_status":"instock","bundle_stock_quantity":null,"bundle_virtual":false,"bundle_layout":"","bundle_add_to_cart_form_location":"","bundle_editable_in_cart":false,"bundle_sold_individually_context":"","bundle_item_grouping":"","bundle_min_size":"","bundle_max_size":"","bundled_items":[],"bundle_sell_ids":[],"aioseo_notices":[],"_links":{"self":[{"href":"https:\/\/www.polzela.com\/si\/wp-json\/wp\/v2\/product\/67134","targetHints":{"allow":["GET"]}}],"collection":[{"href":"https:\/\/www.polzela.com\/si\/wp-json\/wp\/v2\/product"}],"about":[{"href":"https:\/\/www.polzela.com\/si\/wp-json\/wp\/v2\/types\/product"}],"replies":[{"embeddable":true,"href":"https:\/\/www.polzela.com\/si\/wp-json\/wp\/v2\/comments?post=67134"}],"wp:featuredmedia":[{"embeddable":true,"href":"https:\/\/www.polzela.com\/si\/wp-json\/wp\/v2\/media\/67139"}],"wp:attachment":[{"href":"https:\/\/www.polzela.com\/si\/wp-json\/wp\/v2\/media?parent=67134"}],"wp:term":[{"taxonomy":"product_cat","embeddable":true,"href":"https:\/\/www.polzela.com\/si\/wp-json\/wp\/v2\/product_cat?post=67134"},{"taxonomy":"product_tag","embeddable":true,"href":"https:\/\/www.polzela.com\/si\/wp-json\/wp\/v2\/product_tag?post=67134"}],"curies":[{"name":"wp","href":"https:\/\/api.w.org\/{rel}","templated":true}]}}