{"id":66931,"date":"2026-04-14T10:54:44","date_gmt":"2026-04-14T08:54:44","guid":{"rendered":"https:\/\/www.polzela.com\/si\/?post_type=product&#038;p=66931"},"modified":"2026-04-14T11:05:09","modified_gmt":"2026-04-14T09:05:09","slug":"anita-zgornji-del-kopalk-art-8724-1","status":"publish","type":"product","link":"https:\/\/www.polzela.com\/si\/product\/anita-zgornji-del-kopalk-art-8724-1\/","title":{"rendered":"Anita zgornji del kopalk art. 8724-1"},"content":{"rendered":"","protected":false},"excerpt":{"rendered":"<p>&nbsp;<\/p>\n<ul>\n<li data-section-id=\"mi1eu4\" data-start=\"21\" data-end=\"38\">opora z lokom<\/li>\n<li data-section-id=\"1ihsbh2\" data-start=\"39\" data-end=\"62\">razdeljene ko\u0161arice<\/li>\n<li data-section-id=\"1kpn4p6\" data-start=\"63\" data-end=\"104\">naramnice se \u0161irijo glede na velikost<\/li>\n<li data-section-id=\"gjcn7v\" data-start=\"105\" data-end=\"148\">hrbtni del: postopno \u0161irjenje materiala<\/li>\n<li data-section-id=\"1dcf0ol\" data-start=\"149\" data-end=\"175\" data-is-last-node=\"\">mehka Soft-Touch tkanina<\/li>\n<\/ul>\n<p dir=\"ltr\" data-placeholder=\"Prevod\" data-ved=\"2ahUKEwiF3cSNkqWMAxUiwAIHHcvBCR0Q3ewLegQICBAV\" aria-label=\"Prevedeno besedilo: Kopalke ELOUISE na pla\u017ei pritegnejo pozornost. Srebrna zadrga, ki se lahko odpre, je prava pa\u0161a za o\u010di na pla\u017ei. ELOUISE je zdaj na voljo do I skodelice. Izdelan je iz visokokakovostnega materiala in zagotavlja popolno prileganje ter optimalno udobje. Obvezna oprema vsake elegantne in elegantne \u017eenske.\"><strong>Sestava: <\/strong>85% Najlon, 15% Elastan<\/p>\n<p>&nbsp;<\/p>\n<p>&nbsp;<\/p>\n<p>&nbsp;<\/p>\n","protected":false},"featured_media":66939,"comment_status":"open","ping_status":"closed","template":"","meta":{"om_disable_all_campaigns":false,"_monsterinsights_skip_tracking":false,"_monsterinsights_sitenote_active":false,"_monsterinsights_sitenote_note":"","_monsterinsights_sitenote_category":0},"product_cat":[638,1044],"product_tag":[987,846,808],"class_list":["post-66931","product","type-product","status-publish","has-post-thumbnail","hentry","product_cat-cas-je-za-kopalke","product_cat-zenske-kopalke","product_tag-anita","product_tag-kopalke","product_tag-swim"],"bundled_by":[],"bundle_stock_status":"instock","bundle_stock_quantity":null,"bundle_virtual":false,"bundle_layout":"","bundle_add_to_cart_form_location":"","bundle_editable_in_cart":false,"bundle_sold_individually_context":"","bundle_item_grouping":"","bundle_min_size":"","bundle_max_size":"","bundled_items":[],"bundle_sell_ids":[],"aioseo_notices":[],"_links":{"self":[{"href":"https:\/\/www.polzela.com\/si\/wp-json\/wp\/v2\/product\/66931","targetHints":{"allow":["GET"]}}],"collection":[{"href":"https:\/\/www.polzela.com\/si\/wp-json\/wp\/v2\/product"}],"about":[{"href":"https:\/\/www.polzela.com\/si\/wp-json\/wp\/v2\/types\/product"}],"replies":[{"embeddable":true,"href":"https:\/\/www.polzela.com\/si\/wp-json\/wp\/v2\/comments?post=66931"}],"wp:featuredmedia":[{"embeddable":true,"href":"https:\/\/www.polzela.com\/si\/wp-json\/wp\/v2\/media\/66939"}],"wp:attachment":[{"href":"https:\/\/www.polzela.com\/si\/wp-json\/wp\/v2\/media?parent=66931"}],"wp:term":[{"taxonomy":"product_cat","embeddable":true,"href":"https:\/\/www.polzela.com\/si\/wp-json\/wp\/v2\/product_cat?post=66931"},{"taxonomy":"product_tag","embeddable":true,"href":"https:\/\/www.polzela.com\/si\/wp-json\/wp\/v2\/product_tag?post=66931"}],"curies":[{"name":"wp","href":"https:\/\/api.w.org\/{rel}","templated":true}]}}