{"id":66716,"date":"2026-04-07T13:54:45","date_gmt":"2026-04-07T11:54:45","guid":{"rendered":"https:\/\/www.polzela.com\/si\/?post_type=product&#038;p=66716"},"modified":"2026-04-07T13:59:48","modified_gmt":"2026-04-07T11:59:48","slug":"moska-pizama-fila-fps1194-storm","status":"publish","type":"product","link":"https:\/\/www.polzela.com\/si\/product\/moska-pizama-fila-fps1194-storm\/","title":{"rendered":"Mo\u0161ka pi\u017eama FILA FPS1194"},"content":{"rendered":"","protected":false},"excerpt":{"rendered":"<p><strong>Opis izdelka<\/strong><\/p>\n<p data-start=\"0\" data-end=\"215\">Mo\u0161ka pi\u017eama Fila je sinonim za udobje in kakovost. Komplet vklju\u010duje majico s kratkimi rokavi in kratke hla\u010de v \u010drni in modri barvi, izdelane iz \u010distega bomba\u017ea, ki zagotavlja mehkobo in odli\u010dno zra\u010dnost.<\/p>\n<p data-start=\"217\" data-end=\"478\" data-is-last-node=\"\" data-is-only-node=\"\">Majica in hla\u010de krasi diskreten Fila logotip, elasti\u010den pas hla\u010d omogo\u010da popolno prileganje in maksimalno udobje \u2013 idealna izbira za spro\u0161\u010dene ve\u010dere in miren spanec.<\/p>\n<p><strong>Sestava:<\/strong> 100% bomba\u017e<\/p>\n<p>&nbsp;<\/p>\n<p>&nbsp;<\/p>\n<p>&nbsp;<\/p>\n","protected":false},"featured_media":66722,"comment_status":"open","ping_status":"closed","template":"","meta":{"om_disable_all_campaigns":false,"_monsterinsights_skip_tracking":false,"_monsterinsights_sitenote_active":false,"_monsterinsights_sitenote_note":"","_monsterinsights_sitenote_category":0},"product_cat":[760,749],"product_tag":[529,565],"class_list":["post-66716","product","type-product","status-publish","has-post-thumbnail","hentry","product_cat-pizame","product_cat-moske-pizame","product_tag-fila","product_tag-pizama"],"bundled_by":[],"bundle_stock_status":"instock","bundle_stock_quantity":null,"bundle_virtual":false,"bundle_layout":"","bundle_add_to_cart_form_location":"","bundle_editable_in_cart":false,"bundle_sold_individually_context":"","bundle_item_grouping":"","bundle_min_size":"","bundle_max_size":"","bundled_items":[],"bundle_sell_ids":[],"aioseo_notices":[],"_links":{"self":[{"href":"https:\/\/www.polzela.com\/si\/wp-json\/wp\/v2\/product\/66716","targetHints":{"allow":["GET"]}}],"collection":[{"href":"https:\/\/www.polzela.com\/si\/wp-json\/wp\/v2\/product"}],"about":[{"href":"https:\/\/www.polzela.com\/si\/wp-json\/wp\/v2\/types\/product"}],"replies":[{"embeddable":true,"href":"https:\/\/www.polzela.com\/si\/wp-json\/wp\/v2\/comments?post=66716"}],"wp:featuredmedia":[{"embeddable":true,"href":"https:\/\/www.polzela.com\/si\/wp-json\/wp\/v2\/media\/66722"}],"wp:attachment":[{"href":"https:\/\/www.polzela.com\/si\/wp-json\/wp\/v2\/media?parent=66716"}],"wp:term":[{"taxonomy":"product_cat","embeddable":true,"href":"https:\/\/www.polzela.com\/si\/wp-json\/wp\/v2\/product_cat?post=66716"},{"taxonomy":"product_tag","embeddable":true,"href":"https:\/\/www.polzela.com\/si\/wp-json\/wp\/v2\/product_tag?post=66716"}],"curies":[{"name":"wp","href":"https:\/\/api.w.org\/{rel}","templated":true}]}}