{"id":66690,"date":"2026-04-07T12:02:01","date_gmt":"2026-04-07T10:02:01","guid":{"rendered":"https:\/\/www.polzela.com\/si\/?post_type=product&#038;p=66690"},"modified":"2026-04-07T13:43:29","modified_gmt":"2026-04-07T11:43:29","slug":"zenska-pizama-fila-fps4233","status":"publish","type":"product","link":"https:\/\/www.polzela.com\/si\/product\/zenska-pizama-fila-fps4233\/","title":{"rendered":"\u017denska pi\u017eama FILA FPS4233"},"content":{"rendered":"","protected":false},"excerpt":{"rendered":"<p><strong>Opis izdelka<\/strong><\/p>\n<p data-start=\"0\" data-end=\"263\">Fila pi\u017eama zdru\u017euje udobje in trendovski videz. Komplet sestavljata majica s kratkimi rokavi in kratke hla\u010de z atraktivnim leopardjim vzorcem. Izdelana je iz kakovostne me\u0161anice bomba\u017ea in elastana, ki zagotavlja mehkobo, zra\u010dnost ter prijetno prileganje telesu.<\/p>\n<p data-start=\"265\" data-end=\"500\" data-is-last-node=\"\" data-is-only-node=\"\">Majico krasi Fila logotip na sprednji strani, ki poudari prepoznaven \u0161portni slog, enak detajl pa se ponovi tudi na hla\u010dah. Elasti\u010den pas omogo\u010da dodatno udobje pri no\u0161enju, zato je pi\u017eama idealna tako za spanje kot za spro\u0161\u010danje doma.<\/p>\n<p><strong>Sestava:<\/strong> 95% bomba\u017e, 5% elastan<\/p>\n<p>&nbsp;<\/p>\n<p>&nbsp;<\/p>\n<p>&nbsp;<\/p>\n","protected":false},"featured_media":66708,"comment_status":"open","ping_status":"closed","template":"","meta":{"om_disable_all_campaigns":false,"_monsterinsights_skip_tracking":false,"_monsterinsights_sitenote_active":false,"_monsterinsights_sitenote_note":"","_monsterinsights_sitenote_category":0},"product_cat":[760,375],"product_tag":[529,565],"class_list":["post-66690","product","type-product","status-publish","has-post-thumbnail","hentry","product_cat-pizame","product_cat-zenske-pizame","product_tag-fila","product_tag-pizama"],"bundled_by":[],"bundle_stock_status":"instock","bundle_stock_quantity":null,"bundle_virtual":false,"bundle_layout":"","bundle_add_to_cart_form_location":"","bundle_editable_in_cart":false,"bundle_sold_individually_context":"","bundle_item_grouping":"","bundle_min_size":"","bundle_max_size":"","bundled_items":[],"bundle_sell_ids":[],"aioseo_notices":[],"_links":{"self":[{"href":"https:\/\/www.polzela.com\/si\/wp-json\/wp\/v2\/product\/66690","targetHints":{"allow":["GET"]}}],"collection":[{"href":"https:\/\/www.polzela.com\/si\/wp-json\/wp\/v2\/product"}],"about":[{"href":"https:\/\/www.polzela.com\/si\/wp-json\/wp\/v2\/types\/product"}],"replies":[{"embeddable":true,"href":"https:\/\/www.polzela.com\/si\/wp-json\/wp\/v2\/comments?post=66690"}],"wp:featuredmedia":[{"embeddable":true,"href":"https:\/\/www.polzela.com\/si\/wp-json\/wp\/v2\/media\/66708"}],"wp:attachment":[{"href":"https:\/\/www.polzela.com\/si\/wp-json\/wp\/v2\/media?parent=66690"}],"wp:term":[{"taxonomy":"product_cat","embeddable":true,"href":"https:\/\/www.polzela.com\/si\/wp-json\/wp\/v2\/product_cat?post=66690"},{"taxonomy":"product_tag","embeddable":true,"href":"https:\/\/www.polzela.com\/si\/wp-json\/wp\/v2\/product_tag?post=66690"}],"curies":[{"name":"wp","href":"https:\/\/api.w.org\/{rel}","templated":true}]}}