{"id":66579,"date":"2026-03-26T09:12:15","date_gmt":"2026-03-26T08:12:15","guid":{"rendered":"https:\/\/www.polzela.com\/si\/?post_type=product&#038;p=66579"},"modified":"2026-04-23T07:11:09","modified_gmt":"2026-04-23T05:11:09","slug":"moska-polo-majica-s-kratkimi-rokavi-hajo-art-27976","status":"publish","type":"product","link":"https:\/\/www.polzela.com\/si\/product\/moska-polo-majica-s-kratkimi-rokavi-hajo-art-27976\/","title":{"rendered":"Mo\u0161ka polo majica s kratkimi rokavi Hajo art. 27976"},"content":{"rendered":"","protected":false},"excerpt":{"rendered":"<p><strong>Opis izdelka<\/strong><\/p>\n<p id=\"tw-target-text\" class=\"tw-data-text tw-text-large tw-ta\" dir=\"ltr\" data-placeholder=\"Prevod\" data-ved=\"2ahUKEwjOovfH-rGCAxUMhP0HHTiFB0kQ3ewLegQICBAQ\">Ta brez\u010dasna HAJO polo majica je izdelana iz \u010distega bomba\u017ea in je zelo udobna za no\u0161enje. Je prijetna za ko\u017eo in nudi odli\u010dno udobje. Idealen in enostaven kos za vzdr\u017eevanje, ki vas spremlja v vsakdanjem \u017eivljenju. Ne glede na to, ali jo kombinirate z d\u017einsom, chino hla\u010dami ali kratkimi hla\u010dami \u2013 ta enobarvna temno modra HAJO polo majica ponuja veliko mo\u017enosti kombiniranja in je nepogre\u0161ljiv kos v vsaki garderobi.<\/p>\n<p><strong>Sestava: <\/strong>100% bomba\u017e<\/p>\n<div class=\"top-properties-item\"><img decoding=\"async\" src=\"https:\/\/www.mensono.com\/media\/vector\/7a\/45\/08\/material_v1.svg\" alt=\"Weave_Detail\" \/> Izjemno fina kakovost<\/div>\n<div class=\"top-properties-item\"><img decoding=\"async\" src=\"https:\/\/www.mensono.com\/media\/vector\/ba\/45\/0d\/kragen_shirts.svg\" alt=\"Collar\" \/> Polo izrez<\/div>\n<div class=\"top-properties-item\"><img decoding=\"async\" src=\"https:\/\/www.mensono.com\/media\/vector\/47\/f8\/f7\/fit_shirts.svg\" alt=\"Cut_TP_Detail\" \/>Klasi\u010den kroj<\/div>\n<div class=\"top-properties-item\"><img decoding=\"async\" src=\"https:\/\/www.mensono.com\/media\/vector\/30\/c7\/8d\/stoff_v1.svg\" alt=\"Material_TP_Detail\" \/><span class=\"top-properties-label\">100% bomba\u017e<\/span><\/div>\n<div class=\"top-properties-item\"><img decoding=\"async\" src=\"https:\/\/www.mensono.com\/media\/vector\/db\/49\/61\/iron_v1.svg\" alt=\"Ironing type_Detail\" \/><span class=\"top-properties-label\">Enostavno likanje<\/span><\/div>\n","protected":false},"featured_media":66584,"comment_status":"open","ping_status":"closed","template":"","meta":{"om_disable_all_campaigns":false,"_monsterinsights_skip_tracking":false,"_monsterinsights_sitenote_active":false,"_monsterinsights_sitenote_note":"","_monsterinsights_sitenote_category":0},"product_cat":[38,1327],"product_tag":[1325,553],"class_list":["post-66579","product","type-product","status-publish","has-post-thumbnail","hentry","product_cat-moski","product_cat-majice-za-moske","product_tag-hajo","product_tag-majica"],"bundled_by":[],"bundle_stock_status":"instock","bundle_stock_quantity":null,"bundle_virtual":false,"bundle_layout":"","bundle_add_to_cart_form_location":"","bundle_editable_in_cart":false,"bundle_sold_individually_context":"","bundle_item_grouping":"","bundle_min_size":"","bundle_max_size":"","bundled_items":[],"bundle_sell_ids":[],"aioseo_notices":[],"_links":{"self":[{"href":"https:\/\/www.polzela.com\/si\/wp-json\/wp\/v2\/product\/66579","targetHints":{"allow":["GET"]}}],"collection":[{"href":"https:\/\/www.polzela.com\/si\/wp-json\/wp\/v2\/product"}],"about":[{"href":"https:\/\/www.polzela.com\/si\/wp-json\/wp\/v2\/types\/product"}],"replies":[{"embeddable":true,"href":"https:\/\/www.polzela.com\/si\/wp-json\/wp\/v2\/comments?post=66579"}],"wp:featuredmedia":[{"embeddable":true,"href":"https:\/\/www.polzela.com\/si\/wp-json\/wp\/v2\/media\/66584"}],"wp:attachment":[{"href":"https:\/\/www.polzela.com\/si\/wp-json\/wp\/v2\/media?parent=66579"}],"wp:term":[{"taxonomy":"product_cat","embeddable":true,"href":"https:\/\/www.polzela.com\/si\/wp-json\/wp\/v2\/product_cat?post=66579"},{"taxonomy":"product_tag","embeddable":true,"href":"https:\/\/www.polzela.com\/si\/wp-json\/wp\/v2\/product_tag?post=66579"}],"curies":[{"name":"wp","href":"https:\/\/api.w.org\/{rel}","templated":true}]}}