{"id":66542,"date":"2026-03-25T13:31:15","date_gmt":"2026-03-25T12:31:15","guid":{"rendered":"https:\/\/www.polzela.com\/si\/?post_type=product&#038;p=66542"},"modified":"2026-03-25T13:33:39","modified_gmt":"2026-03-25T12:33:39","slug":"zenska-srajca-s-3-4-rokavi-karntner-art-33222","status":"publish","type":"product","link":"https:\/\/www.polzela.com\/si\/product\/zenska-srajca-s-3-4-rokavi-karntner-art-33222\/","title":{"rendered":"\u017denska srajca s 3\/4 rokavi Karntner art. 33222"},"content":{"rendered":"","protected":false},"excerpt":{"rendered":"<p><strong>Opis izdelka<\/strong><\/p>\n<p data-start=\"91\" data-end=\"281\">Sve\u017ea, udobna in vedno v trendu \u2013 bela bomba\u017ena srajca je nepogre\u0161ljiv kos v vsaki garderobi. Izdelana je iz kakovostne, mehke viskoze, ki omogo\u010da prijeten ob\u010dutek na ko\u017ei skozi ves dan.<\/p>\n<p data-start=\"538\" data-end=\"617\">Popolna izbira za vsakdanjo uporabo ali kot izstopajo\u010d kos v tvoji kombinaciji.<\/p>\n<p><strong>Sestava: <\/strong>988% viskoza, 10 % najlon, 2 % lan<\/p>\n<p>&nbsp;<\/p>\n","protected":false},"featured_media":66547,"comment_status":"open","ping_status":"closed","template":"","meta":{"om_disable_all_campaigns":false,"_monsterinsights_skip_tracking":false,"_monsterinsights_sitenote_active":false,"_monsterinsights_sitenote_note":"","_monsterinsights_sitenote_category":0},"product_cat":[779,42],"product_tag":[1182,553],"class_list":["post-66542","product","type-product","status-publish","has-post-thumbnail","hentry","product_cat-majice","product_cat-zenske","product_tag-karntner","product_tag-majica"],"bundled_by":[],"bundle_stock_status":"instock","bundle_stock_quantity":null,"bundle_virtual":false,"bundle_layout":"","bundle_add_to_cart_form_location":"","bundle_editable_in_cart":false,"bundle_sold_individually_context":"","bundle_item_grouping":"","bundle_min_size":"","bundle_max_size":"","bundled_items":[],"bundle_sell_ids":[],"aioseo_notices":[],"_links":{"self":[{"href":"https:\/\/www.polzela.com\/si\/wp-json\/wp\/v2\/product\/66542","targetHints":{"allow":["GET"]}}],"collection":[{"href":"https:\/\/www.polzela.com\/si\/wp-json\/wp\/v2\/product"}],"about":[{"href":"https:\/\/www.polzela.com\/si\/wp-json\/wp\/v2\/types\/product"}],"replies":[{"embeddable":true,"href":"https:\/\/www.polzela.com\/si\/wp-json\/wp\/v2\/comments?post=66542"}],"wp:featuredmedia":[{"embeddable":true,"href":"https:\/\/www.polzela.com\/si\/wp-json\/wp\/v2\/media\/66547"}],"wp:attachment":[{"href":"https:\/\/www.polzela.com\/si\/wp-json\/wp\/v2\/media?parent=66542"}],"wp:term":[{"taxonomy":"product_cat","embeddable":true,"href":"https:\/\/www.polzela.com\/si\/wp-json\/wp\/v2\/product_cat?post=66542"},{"taxonomy":"product_tag","embeddable":true,"href":"https:\/\/www.polzela.com\/si\/wp-json\/wp\/v2\/product_tag?post=66542"}],"curies":[{"name":"wp","href":"https:\/\/api.w.org\/{rel}","templated":true}]}}