{"id":66414,"date":"2026-03-23T13:40:43","date_gmt":"2026-03-23T12:40:43","guid":{"rendered":"https:\/\/www.polzela.com\/si\/?post_type=product&#038;p=66414"},"modified":"2026-03-24T12:46:35","modified_gmt":"2026-03-24T11:46:35","slug":"defonseca-zenska-pizama-dpd2014","status":"publish","type":"product","link":"https:\/\/www.polzela.com\/si\/product\/defonseca-zenska-pizama-dpd2014\/","title":{"rendered":"Defonseca \u017eenska pi\u017eama DPD2014"},"content":{"rendered":"<p><strong>Opis izdelka<\/strong><\/p>\n<p>Razvajajte se v udobju z \u017eensko pi\u017eamo iz mehkega bomba\u017ea. Dolge hla\u010de in dolgi rokav majica z gumbi spredaj. Z vezenjem logotipa in lepim dodatkom \u010dipke na ramenih..<\/p>\n<p><strong>Sestava:<\/strong> 100% bomba\u017e<\/p>\n<p>&nbsp;<\/p>\n<p>&nbsp;<\/p>\n","protected":false},"excerpt":{"rendered":"<p><strong>Opis izdelka<\/strong><\/p>\n<p class=\"isSelectedEnd\">U\u017eivajte v lahkotnem udobju toplih no\u010di z \u017eensko pi\u017eamo iz 100 % bomba\u017ea, ki zdru\u017euje zra\u010dnost, mehkobo in brez\u010dasen \u017eenstven videz. Naravni material omogo\u010da ko\u017ei dihanje in zagotavlja prijeten ob\u010dutek skozi vso no\u010d.<\/p>\n<p class=\"isSelectedEnd\">Komplet sestavljata majica s kratkimi rokavi in kratke hla\u010de, kar je idealna izbira za toplej\u0161e dni. Majica z gumbi in dodatkom \u010dipke na rokavih ter spodnjem delu.<\/p>\n<p>Kroj je udoben in spro\u0161\u010den, hla\u010de pa imajo elasti\u010den pas za popolno prileganje in svobodo gibanja.<\/p>\n<p><strong>Sestava:<\/strong> 100% bomba\u017e<\/p>\n<p>&nbsp;<\/p>\n","protected":false},"featured_media":66423,"comment_status":"open","ping_status":"closed","template":"","meta":{"om_disable_all_campaigns":false,"_monsterinsights_skip_tracking":false,"_monsterinsights_sitenote_active":false,"_monsterinsights_sitenote_note":"","_monsterinsights_sitenote_category":0},"product_cat":[760,375],"product_tag":[1190,565],"class_list":["post-66414","product","type-product","status-publish","has-post-thumbnail","hentry","product_cat-pizame","product_cat-zenske-pizame","product_tag-defonseca","product_tag-pizama"],"bundled_by":[],"bundle_stock_status":"instock","bundle_stock_quantity":null,"bundle_virtual":false,"bundle_layout":"","bundle_add_to_cart_form_location":"","bundle_editable_in_cart":false,"bundle_sold_individually_context":"","bundle_item_grouping":"","bundle_min_size":"","bundle_max_size":"","bundled_items":[],"bundle_sell_ids":[],"aioseo_notices":[],"_links":{"self":[{"href":"https:\/\/www.polzela.com\/si\/wp-json\/wp\/v2\/product\/66414","targetHints":{"allow":["GET"]}}],"collection":[{"href":"https:\/\/www.polzela.com\/si\/wp-json\/wp\/v2\/product"}],"about":[{"href":"https:\/\/www.polzela.com\/si\/wp-json\/wp\/v2\/types\/product"}],"replies":[{"embeddable":true,"href":"https:\/\/www.polzela.com\/si\/wp-json\/wp\/v2\/comments?post=66414"}],"wp:featuredmedia":[{"embeddable":true,"href":"https:\/\/www.polzela.com\/si\/wp-json\/wp\/v2\/media\/66423"}],"wp:attachment":[{"href":"https:\/\/www.polzela.com\/si\/wp-json\/wp\/v2\/media?parent=66414"}],"wp:term":[{"taxonomy":"product_cat","embeddable":true,"href":"https:\/\/www.polzela.com\/si\/wp-json\/wp\/v2\/product_cat?post=66414"},{"taxonomy":"product_tag","embeddable":true,"href":"https:\/\/www.polzela.com\/si\/wp-json\/wp\/v2\/product_tag?post=66414"}],"curies":[{"name":"wp","href":"https:\/\/api.w.org\/{rel}","templated":true}]}}