{"id":66384,"date":"2026-03-23T09:55:14","date_gmt":"2026-03-23T08:55:14","guid":{"rendered":"https:\/\/www.polzela.com\/si\/?post_type=product&#038;p=66384"},"modified":"2026-04-23T07:57:34","modified_gmt":"2026-04-23T05:57:34","slug":"defonseca-zenska-pizama-dpd1014","status":"publish","type":"product","link":"https:\/\/www.polzela.com\/si\/product\/defonseca-zenska-pizama-dpd1014\/","title":{"rendered":"Defonseca \u017eenska pi\u017eama DPD1014"},"content":{"rendered":"<p><strong>Opis izdelka<\/strong><\/p>\n<p>Razvajajte se v udobju z \u017eensko pi\u017eamo iz mehkega bomba\u017ea. Dolge hla\u010de in dolgi rokav majica z gumbi spredaj. Z vezenjem logotipa in lepim dodatkom \u010dipke na ramenih..<\/p>\n<p><strong>Sestava:<\/strong> 100% bomba\u017e<\/p>\n<p>&nbsp;<\/p>\n<p>&nbsp;<\/p>\n","protected":false},"excerpt":{"rendered":"<p><strong>Opis izdelka<\/strong><\/p>\n<p class=\"isSelectedEnd\">Odkrijte popolno ravnovesje med udobjem in ne\u017eno eleganco z \u017eensko pi\u017eamo iz kakovostnega bomba\u017ea, zasnovano za mirne in spro\u0161\u010dene no\u010di. Mehka, zra\u010dna tkanina prijetno objame ko\u017eo in omogo\u010da naravno dihanje, kar zagotavlja udoben spanec skozi vse leto.<\/p>\n<p class=\"isSelectedEnd\">Poseben \u010dar pi\u017eami dajejo prefinjeni \u010dipkasti detajli na rokavih in spodnjem robu majice, ki dodajo pridih romantike in \u017eenstvenosti. Klasi\u010dno zapiranje na gumbe omogo\u010da enostavno obla\u010denje ter prispeva k brez\u010dasnemu videzu, ki nikoli ne gre iz mode.<\/p>\n<p>Pi\u017eama je zasnovana z mislijo na sodobno \u017eensko, ki ceni udobje, a se ne \u017eeli odre\u010di estetiki. Ne glede na to, ali u\u017eivate v ve\u010dernem spro\u0161\u010danju ali po\u010dasnih jutrih, bo ta kos postal nepogre\u0161ljiv del va\u0161e garderobe.<\/p>\n<p><strong>Sestava:<\/strong> 100% bomba\u017e<\/p>\n<p>&nbsp;<\/p>\n","protected":false},"featured_media":66389,"comment_status":"open","ping_status":"closed","template":"","meta":{"om_disable_all_campaigns":false,"_monsterinsights_skip_tracking":false,"_monsterinsights_sitenote_active":false,"_monsterinsights_sitenote_note":"","_monsterinsights_sitenote_category":0},"product_cat":[760,375],"product_tag":[1190,565],"class_list":["post-66384","product","type-product","status-publish","has-post-thumbnail","hentry","product_cat-pizame","product_cat-zenske-pizame","product_tag-defonseca","product_tag-pizama"],"bundled_by":[],"bundle_stock_status":"instock","bundle_stock_quantity":null,"bundle_virtual":false,"bundle_layout":"","bundle_add_to_cart_form_location":"","bundle_editable_in_cart":false,"bundle_sold_individually_context":"","bundle_item_grouping":"","bundle_min_size":"","bundle_max_size":"","bundled_items":[],"bundle_sell_ids":[],"aioseo_notices":[],"_links":{"self":[{"href":"https:\/\/www.polzela.com\/si\/wp-json\/wp\/v2\/product\/66384","targetHints":{"allow":["GET"]}}],"collection":[{"href":"https:\/\/www.polzela.com\/si\/wp-json\/wp\/v2\/product"}],"about":[{"href":"https:\/\/www.polzela.com\/si\/wp-json\/wp\/v2\/types\/product"}],"replies":[{"embeddable":true,"href":"https:\/\/www.polzela.com\/si\/wp-json\/wp\/v2\/comments?post=66384"}],"wp:featuredmedia":[{"embeddable":true,"href":"https:\/\/www.polzela.com\/si\/wp-json\/wp\/v2\/media\/66389"}],"wp:attachment":[{"href":"https:\/\/www.polzela.com\/si\/wp-json\/wp\/v2\/media?parent=66384"}],"wp:term":[{"taxonomy":"product_cat","embeddable":true,"href":"https:\/\/www.polzela.com\/si\/wp-json\/wp\/v2\/product_cat?post=66384"},{"taxonomy":"product_tag","embeddable":true,"href":"https:\/\/www.polzela.com\/si\/wp-json\/wp\/v2\/product_tag?post=66384"}],"curies":[{"name":"wp","href":"https:\/\/api.w.org\/{rel}","templated":true}]}}