{"id":66255,"date":"2026-03-16T10:47:23","date_gmt":"2026-03-16T09:47:23","guid":{"rendered":"https:\/\/www.polzela.com\/si\/?post_type=product&#038;p=66255"},"modified":"2026-03-16T10:51:41","modified_gmt":"2026-03-16T09:51:41","slug":"cat-moska-jopa-1050024","status":"publish","type":"product","link":"https:\/\/www.polzela.com\/si\/product\/cat-moska-jopa-1050024\/","title":{"rendered":"CAT mo\u0161ka jopa s kapuco 1050024"},"content":{"rendered":"<div class=\"flex max-w-full flex-col flex-grow\">\n<div class=\"min-h-8 text-message flex w-full flex-col items-end gap-2 whitespace-normal break-words [.text-message+&amp;]:mt-5\" dir=\"auto\" data-message-author-role=\"assistant\" data-message-id=\"263eabcf-d440-42f8-8b09-afe627bd03e0\" data-message-model-slug=\"gpt-4o\">\n<div class=\"flex w-full flex-col gap-1 empty:hidden first:pt-[3px]\">\n<div class=\"markdown prose w-full break-words dark:prose-invert light\">\n<p>Popoln za spro\u0161\u010dene dni\u00a0\u2013\u00a0<strong>CAT mo\u0161ki pulover s\u00a0kapuco Colour Block Raglan<\/strong>\u00a0ima izrazit grafi\u010dni logotip in nastavljivo trideln\u043e kapuco za popolno prileganje. Sprednji kenguru \u017eep doda prakti\u010dnost, medtem ko rebrasto pletene man\u0161ete in pas zagotavljajo udoben in prijeten ob\u010dutek. Ostanite stilni in udobni s\u00a0tem nepogre\u0161ljivim puloverjem.<\/p>\n<p>Sestava: 70\u00a0% bomba\u017e, 30\u00a0% poliester<\/p>\n<\/div>\n<\/div>\n<\/div>\n<\/div>\n","protected":false},"excerpt":{"rendered":"<p><strong>Opis izdelka<\/strong><\/p>\n<div class=\"flex max-w-full flex-col flex-grow\">\n<div class=\"min-h-8 text-message flex w-full flex-col items-end gap-2 whitespace-normal break-words [.text-message+&amp;]:mt-5\" dir=\"auto\" data-message-author-role=\"assistant\" data-message-id=\"263eabcf-d440-42f8-8b09-afe627bd03e0\" data-message-model-slug=\"gpt-4o\">\n<div class=\"flex w-full flex-col gap-1 empty:hidden first:pt-[3px]\">\n<div class=\"markdown prose w-full break-words dark:prose-invert light\">\n<ul>\n<li id=\"tw-target-text\" class=\"tw-data-text tw-text-large tw-ta\" dir=\"ltr\" role=\"text\" data-placeholder=\"Prevod\" data-ved=\"2ahUKEwiz4a6J35GRAxVIRPEDHUzDMB4Q3ewLegQICRAV\" aria-label=\"Prevedeno besedilo: Izdelava iz flisa z mo\u010dno puloversko tkanino Popolno odpiranje z zadrgo spredaj 3-delna nastavljiva kapuca z upravljanjem vrvic S3\u2122 Dolgi rokavi z rebrastimi man\u0161etami Rebrasto pleten spodnji pas Sprednji \u017eepi za gretje rok Grafi\u010dni potisk logotipa na levi strani prsnega ko\u0161a Potisk z logotipom na desnem rokavu uporabnika Regularni kroj Enobarvno: 70 % bomba\u017e, 30 % poliester\">Popoln za spro\u0161\u010dene dni\u00a0\u2013\u00a0<strong>CAT mo\u0161ki pulover s\u00a0kapuco Colour Block Raglan<\/strong>\u00a0ima izrazit grafi\u010dni logotip in nastavljivo trideln\u043e kapuco za popolno prileganje. Sprednji kenguru \u017eep doda prakti\u010dnost, medtem ko rebrasto pletene man\u0161ete in pas zagotavljajo udoben in prijeten ob\u010dutek. Ostanite stilni in udobni s\u00a0tem nepogre\u0161ljivim puloverjem.<\/li>\n<li class=\"tw-data-text tw-text-large tw-ta\" dir=\"ltr\" role=\"text\" data-placeholder=\"Prevod\" data-ved=\"2ahUKEwiz4a6J35GRAxVIRPEDHUzDMB4Q3ewLegQICRAV\" aria-label=\"Prevedeno besedilo: Izdelava iz flisa z mo\u010dno puloversko tkanino Popolno odpiranje z zadrgo spredaj 3-delna nastavljiva kapuca z upravljanjem vrvic S3\u2122 Dolgi rokavi z rebrastimi man\u0161etami Rebrasto pleten spodnji pas Sprednji \u017eepi za gretje rok Grafi\u010dni potisk logotipa na levi strani prsnega ko\u0161a Potisk z logotipom na desnem rokavu uporabnika Regularni kroj Enobarvno: 70 % bomba\u017e, 30 % poliester\"><strong>Sestava:<\/strong> 70\u00a0% bomba\u017e, 30\u00a0% poliester<\/li>\n<\/ul>\n<p><strong>\u010ce ni ve\u010d na zalogi v trgovini, je dobava v najkasneje 14 dneh.<\/strong><\/p>\n<\/div>\n<\/div>\n<\/div>\n<\/div>\n","protected":false},"featured_media":66263,"comment_status":"open","ping_status":"closed","template":"","meta":{"om_disable_all_campaigns":false,"_monsterinsights_skip_tracking":false,"_monsterinsights_sitenote_active":false,"_monsterinsights_sitenote_note":"","_monsterinsights_sitenote_category":0},"product_cat":[761,980,977],"product_tag":[560,1018],"class_list":["post-66255","product","type-product","status-publish","has-post-thumbnail","hentry","product_cat-cat-delovna-oblacila","product_cat-delovne-jakne-in-jope","product_cat-cat-oblacila","product_tag-cat","product_tag-workwear"],"bundled_by":[],"bundle_stock_status":"instock","bundle_stock_quantity":null,"bundle_virtual":false,"bundle_layout":"","bundle_add_to_cart_form_location":"","bundle_editable_in_cart":false,"bundle_sold_individually_context":"","bundle_item_grouping":"","bundle_min_size":"","bundle_max_size":"","bundled_items":[],"bundle_sell_ids":[],"aioseo_notices":[],"_links":{"self":[{"href":"https:\/\/www.polzela.com\/si\/wp-json\/wp\/v2\/product\/66255","targetHints":{"allow":["GET"]}}],"collection":[{"href":"https:\/\/www.polzela.com\/si\/wp-json\/wp\/v2\/product"}],"about":[{"href":"https:\/\/www.polzela.com\/si\/wp-json\/wp\/v2\/types\/product"}],"replies":[{"embeddable":true,"href":"https:\/\/www.polzela.com\/si\/wp-json\/wp\/v2\/comments?post=66255"}],"wp:featuredmedia":[{"embeddable":true,"href":"https:\/\/www.polzela.com\/si\/wp-json\/wp\/v2\/media\/66263"}],"wp:attachment":[{"href":"https:\/\/www.polzela.com\/si\/wp-json\/wp\/v2\/media?parent=66255"}],"wp:term":[{"taxonomy":"product_cat","embeddable":true,"href":"https:\/\/www.polzela.com\/si\/wp-json\/wp\/v2\/product_cat?post=66255"},{"taxonomy":"product_tag","embeddable":true,"href":"https:\/\/www.polzela.com\/si\/wp-json\/wp\/v2\/product_tag?post=66255"}],"curies":[{"name":"wp","href":"https:\/\/api.w.org\/{rel}","templated":true}]}}