{"id":66201,"date":"2026-03-11T12:57:20","date_gmt":"2026-03-11T11:57:20","guid":{"rendered":"https:\/\/www.polzela.com\/si\/?post_type=product&#038;p=66201"},"modified":"2026-03-11T13:05:08","modified_gmt":"2026-03-11T12:05:08","slug":"cat-moska-delovna-obutev-striver-bump-s3","status":"publish","type":"product","link":"https:\/\/www.polzela.com\/si\/product\/cat-moska-delovna-obutev-striver-bump-s3\/","title":{"rendered":"CAT mo\u0161ka delovna obutev Striver Bump S3"},"content":{"rendered":"","protected":false},"excerpt":{"rendered":"<p><strong>Opis izdelka<\/strong><\/p>\n<p data-start=\"0\" data-end=\"318\">Najnovej\u0161a razli\u010dica delovnega \u010devlja Striver znamke <span class=\"hover:entity-accent entity-underline inline cursor-pointer align-baseline\"><span class=\"whitespace-normal\">Cat Footwear<\/span><\/span> \u2013 Striver Bump \u2013 je nadgrajena z dodatno PU brizgano za\u0161\u010ditno kapico (bump cap). V kombinaciji z jekleno za\u0161\u010ditno kapico zagotavlja u\u010dinkovito za\u0161\u010dito pred odrgninami, udarci in stiskanjem pri vsakodnevnem delu.<\/p>\n<p data-start=\"320\" data-end=\"705\">Model Striver Bump je izdelan iz voskanega polnozrnatega usnja, ki je vodoodbojno in zagotavlja dolgotrajno vzdr\u017eljivost ter za\u0161\u010dito tudi ob pogosti uporabi. \u010cevelj je tudi odporen proti predrtju, podplat pa je odporen na goriva in olja, kar dodatno pove\u010duje njegovo trpe\u017enost. Poleg tega ima protizdrsni podplat, ki zagotavlja varno hojo na razli\u010dnih podlagah.<\/p>\n<p data-start=\"707\" data-end=\"932\">Za ve\u010dje udobje pri celodnevnem no\u0161enju ima \u010develj mehko penasto oblazinjen ovratnik okoli gle\u017enja, peto z bla\u017eenjem energije ter odstranljiv PU vlo\u017eek, ki pomaga ohranjati udobje tudi med dolgimi delovnimi dnevi.<\/p>\n<p data-start=\"934\" data-end=\"1133\">Striver Bump je idealna izbira za delo v tesarstvu, gradbeni\u0161tvu, proizvodnji, skladi\u0161\u010dih, dostavi in transportu, saj zdru\u017euje za\u0161\u010dito, vzdr\u017eljivost in udobje v enem delovnem \u010devlju. \ud83d\udcaa\ud83d\udc77<\/p>\n<p dir=\"ltr\" data-placeholder=\"Prevod\" data-ved=\"2ahUKEwjYltOlqdqCAxUm7rsIHeOKAM8Q3ewLegQIBRAQ\"><img loading=\"lazy\" decoding=\"async\" class=\"alignnone wp-image-10529 size-medium\" src=\"https:\/\/www.polzela.com\/si\/wp-content\/uploads\/sites\/2\/2020\/11\/Caterpillar_Worwear_Home_Upper_Left_Logo_280x@2x-300x228.jpg\" alt=\"\" width=\"300\" height=\"228\" srcset=\"https:\/\/www.polzela.com\/si\/wp-content\/uploads\/sites\/2\/2020\/11\/Caterpillar_Worwear_Home_Upper_Left_Logo_280x@2x-300x228.jpg 300w, https:\/\/www.polzela.com\/si\/wp-content\/uploads\/sites\/2\/2020\/11\/Caterpillar_Worwear_Home_Upper_Left_Logo_280x@2x.jpg 560w\" sizes=\"auto, (max-width: 300px) 100vw, 300px\" \/><\/p>\n","protected":false},"featured_media":66210,"comment_status":"open","ping_status":"closed","template":"","meta":{"om_disable_all_campaigns":false,"_monsterinsights_skip_tracking":false,"_monsterinsights_sitenote_active":false,"_monsterinsights_sitenote_note":"","_monsterinsights_sitenote_category":0},"product_cat":[761,1053,977],"product_tag":[560,1018],"class_list":["post-66201","product","type-product","status-publish","has-post-thumbnail","hentry","product_cat-cat-delovna-oblacila","product_cat-delovna-obutev","product_cat-cat-oblacila","product_tag-cat","product_tag-workwear"],"bundled_by":[],"bundle_stock_status":"instock","bundle_stock_quantity":null,"bundle_virtual":false,"bundle_layout":"","bundle_add_to_cart_form_location":"","bundle_editable_in_cart":false,"bundle_sold_individually_context":"","bundle_item_grouping":"","bundle_min_size":"","bundle_max_size":"","bundled_items":[],"bundle_sell_ids":[],"aioseo_notices":[],"_links":{"self":[{"href":"https:\/\/www.polzela.com\/si\/wp-json\/wp\/v2\/product\/66201","targetHints":{"allow":["GET"]}}],"collection":[{"href":"https:\/\/www.polzela.com\/si\/wp-json\/wp\/v2\/product"}],"about":[{"href":"https:\/\/www.polzela.com\/si\/wp-json\/wp\/v2\/types\/product"}],"replies":[{"embeddable":true,"href":"https:\/\/www.polzela.com\/si\/wp-json\/wp\/v2\/comments?post=66201"}],"wp:featuredmedia":[{"embeddable":true,"href":"https:\/\/www.polzela.com\/si\/wp-json\/wp\/v2\/media\/66210"}],"wp:attachment":[{"href":"https:\/\/www.polzela.com\/si\/wp-json\/wp\/v2\/media?parent=66201"}],"wp:term":[{"taxonomy":"product_cat","embeddable":true,"href":"https:\/\/www.polzela.com\/si\/wp-json\/wp\/v2\/product_cat?post=66201"},{"taxonomy":"product_tag","embeddable":true,"href":"https:\/\/www.polzela.com\/si\/wp-json\/wp\/v2\/product_tag?post=66201"}],"curies":[{"name":"wp","href":"https:\/\/api.w.org\/{rel}","templated":true}]}}