{"id":66145,"date":"2026-03-10T12:54:34","date_gmt":"2026-03-10T11:54:34","guid":{"rendered":"https:\/\/www.polzela.com\/si\/?post_type=product&#038;p=66145"},"modified":"2026-03-28T11:44:46","modified_gmt":"2026-03-28T10:44:46","slug":"zenska-obleka-karntner-art-31983","status":"publish","type":"product","link":"https:\/\/www.polzela.com\/si\/product\/zenska-obleka-karntner-art-31983\/","title":{"rendered":"\u017denska obleka Karntner art. 31983"},"content":{"rendered":"","protected":false},"excerpt":{"rendered":"<p><strong>Opis izdelka<\/strong><\/p>\n<p data-start=\"85\" data-end=\"388\">Elegantna in izjemno udobna obleka iz 100 % viskoze, ki o\u010dara s svojo mehkobo in zra\u010dnostjo. Obleka ima V-izrez, ki lepo poudari vratni izrez, ter kratke rokave, ki poskrbijo za spro\u0161\u010den in poletni videz. Dol\u017eina do sredine stegen ustvarja \u017eenstveno silhueto in omogo\u010da lahkotno gibanje.<\/p>\n<p data-start=\"390\" data-end=\"601\">Naravni material poskrbi, da je obleka prijetna na ko\u017ei, zra\u010dna in popolna izbira za tople dni, dopust ali vsakodnevne kombinacije. Enostavno jo lahko kombinirate s sandali, supergami ali elegantnimi \u010devlji.<\/p>\n<p><strong>Sestava: <\/strong>100% viskoza<\/p>\n<p>&nbsp;<\/p>\n","protected":false},"featured_media":66154,"comment_status":"open","ping_status":"closed","template":"","meta":{"om_disable_all_campaigns":false,"_monsterinsights_skip_tracking":false,"_monsterinsights_sitenote_active":false,"_monsterinsights_sitenote_note":"","_monsterinsights_sitenote_category":0},"product_cat":[39,1326,42],"product_tag":[1182],"class_list":["post-66145","product","type-product","status-publish","has-post-thumbnail","hentry","product_cat-oblacila","product_cat-zenske-obleke","product_cat-zenske","product_tag-karntner"],"bundled_by":[],"bundle_stock_status":"instock","bundle_stock_quantity":null,"bundle_virtual":false,"bundle_layout":"","bundle_add_to_cart_form_location":"","bundle_editable_in_cart":false,"bundle_sold_individually_context":"","bundle_item_grouping":"","bundle_min_size":"","bundle_max_size":"","bundled_items":[],"bundle_sell_ids":[],"aioseo_notices":[],"_links":{"self":[{"href":"https:\/\/www.polzela.com\/si\/wp-json\/wp\/v2\/product\/66145","targetHints":{"allow":["GET"]}}],"collection":[{"href":"https:\/\/www.polzela.com\/si\/wp-json\/wp\/v2\/product"}],"about":[{"href":"https:\/\/www.polzela.com\/si\/wp-json\/wp\/v2\/types\/product"}],"replies":[{"embeddable":true,"href":"https:\/\/www.polzela.com\/si\/wp-json\/wp\/v2\/comments?post=66145"}],"wp:featuredmedia":[{"embeddable":true,"href":"https:\/\/www.polzela.com\/si\/wp-json\/wp\/v2\/media\/66154"}],"wp:attachment":[{"href":"https:\/\/www.polzela.com\/si\/wp-json\/wp\/v2\/media?parent=66145"}],"wp:term":[{"taxonomy":"product_cat","embeddable":true,"href":"https:\/\/www.polzela.com\/si\/wp-json\/wp\/v2\/product_cat?post=66145"},{"taxonomy":"product_tag","embeddable":true,"href":"https:\/\/www.polzela.com\/si\/wp-json\/wp\/v2\/product_tag?post=66145"}],"curies":[{"name":"wp","href":"https:\/\/api.w.org\/{rel}","templated":true}]}}