{"id":66123,"date":"2026-03-09T13:39:45","date_gmt":"2026-03-09T12:39:45","guid":{"rendered":"https:\/\/www.polzela.com\/si\/?post_type=product&#038;p=66123"},"modified":"2026-04-20T05:38:23","modified_gmt":"2026-04-20T03:38:23","slug":"zenska-majica-s-kratkimi-rokavi-karntner-art-32911","status":"publish","type":"product","link":"https:\/\/www.polzela.com\/si\/product\/zenska-majica-s-kratkimi-rokavi-karntner-art-32911\/","title":{"rendered":"\u017denska majica s kratkimi rokavi Karntner art. 32911"},"content":{"rendered":"","protected":false},"excerpt":{"rendered":"<p><strong>Opis izdelka<\/strong><\/p>\n<p data-start=\"42\" data-end=\"240\">Udobna in vsestranska majica s kratkimi rokavi, ki navdu\u0161i z lepim, modernim potiskom. Zaradi preprostega kroja je odli\u010dna izbira za vsakodnevne kombinacije \u2013 od spro\u0161\u010denih do bolj urejenih videzov.<\/p>\n<p data-start=\"242\" data-end=\"450\">Izdelana je iz mehke me\u0161anice viskoze in elastana, ki zagotavlja prijeten ob\u010dutek na ko\u017ei, zra\u010dnost ter ravno prav\u0161njo raztegljivost za udobno no\u0161enje skozi ves dan. Material lepo pade in se prilagodi telesu.<\/p>\n<p><strong>Sestava: <\/strong>95\u202f% viskoza, 5\u202f% elastan<\/p>\n<p>&nbsp;<\/p>\n","protected":false},"featured_media":66128,"comment_status":"open","ping_status":"closed","template":"","meta":{"om_disable_all_campaigns":false,"_monsterinsights_skip_tracking":false,"_monsterinsights_sitenote_active":false,"_monsterinsights_sitenote_note":"","_monsterinsights_sitenote_category":0},"product_cat":[779,42],"product_tag":[1182,553],"class_list":["post-66123","product","type-product","status-publish","has-post-thumbnail","hentry","product_cat-majice","product_cat-zenske","product_tag-karntner","product_tag-majica"],"bundled_by":[],"bundle_stock_status":"instock","bundle_stock_quantity":null,"bundle_virtual":false,"bundle_layout":"","bundle_add_to_cart_form_location":"","bundle_editable_in_cart":false,"bundle_sold_individually_context":"","bundle_item_grouping":"","bundle_min_size":"","bundle_max_size":"","bundled_items":[],"bundle_sell_ids":[],"aioseo_notices":[],"_links":{"self":[{"href":"https:\/\/www.polzela.com\/si\/wp-json\/wp\/v2\/product\/66123","targetHints":{"allow":["GET"]}}],"collection":[{"href":"https:\/\/www.polzela.com\/si\/wp-json\/wp\/v2\/product"}],"about":[{"href":"https:\/\/www.polzela.com\/si\/wp-json\/wp\/v2\/types\/product"}],"replies":[{"embeddable":true,"href":"https:\/\/www.polzela.com\/si\/wp-json\/wp\/v2\/comments?post=66123"}],"wp:featuredmedia":[{"embeddable":true,"href":"https:\/\/www.polzela.com\/si\/wp-json\/wp\/v2\/media\/66128"}],"wp:attachment":[{"href":"https:\/\/www.polzela.com\/si\/wp-json\/wp\/v2\/media?parent=66123"}],"wp:term":[{"taxonomy":"product_cat","embeddable":true,"href":"https:\/\/www.polzela.com\/si\/wp-json\/wp\/v2\/product_cat?post=66123"},{"taxonomy":"product_tag","embeddable":true,"href":"https:\/\/www.polzela.com\/si\/wp-json\/wp\/v2\/product_tag?post=66123"}],"curies":[{"name":"wp","href":"https:\/\/api.w.org\/{rel}","templated":true}]}}